{"id":1452,"date":"2021-05-31T08:50:53","date_gmt":"2021-05-31T07:50:53","guid":{"rendered":"https:\/\/www.latitude31n.com\/?post_type=product&#038;p=1452"},"modified":"2025-10-30T15:59:44","modified_gmt":"2025-10-30T14:59:44","slug":"cactus-decoratif-tresse","status":"publish","type":"product","link":"https:\/\/www.latitude31n.com\/fr\/decoration-maison\/cactus\/cactus-decoratif-tresse\/","title":{"rendered":"Cactus d\u00e9coratif tress\u00e9"},"content":{"rendered":"<h2>Sculpture cactus en paille tress\u00e9e<\/h2>\n<p>Cette tr\u00e8s belle sculpture de cactus est r\u00e9alis\u00e9e par des vanniers en utilisant les m\u00e9thodes traditionnelles berb\u00e8res. Elle est tress\u00e9e en paille alfa, une fibre naturelle de palmier <a href=\"\/fr\/doum-presentation-conseils-entretien\/\" target=\"_blank\" rel=\"noopener\"><em>doum<\/em><\/a> dans l&rsquo;esprit du rotin ou de l&rsquo;osier. Le cactus en osier est compos\u00e9 d&rsquo; une armature invisible en m\u00e9tal. Objet d\u00e9coratif int\u00e9rieur ou ext\u00e9rieur, que ce soit dans votre salon, la chambre d&rsquo;enfant, la terrasse, le jardin ou la piscine, il a un effet \u00ab\u00a0whaou\u00a0\u00bb garanti.<\/p>\n<h2>D\u00e9coration boh\u00e8me inspir\u00e9e du d\u00e9sert<\/h2>\n<h3>Comment d\u00e9corer avec le cactus osier ?<\/h3>\n<p>Il peut aussi \u00eatre utilis\u00e9 comme objet utilitaire : en porte-manteau ou porte serviette, ou pour suspendre tout autre accessoire. Il peut aussi \u00eatre la pi\u00e8ce principale d&rsquo;une vitrine ou d&rsquo;une d\u00e9coration de mariage th\u00e8me d\u00e9sert ou exotique.<br \/>\nTrouvez aussi des id\u00e9es de d\u00e9coration avec <a href=\"\/fr\/deco-noel-boheme\/\" target=\"_blank\" rel=\"noopener\">le cactus de No\u00ebl<\/a> dans notre article sur un No\u00ebl boh\u00e8me.<\/p>\n<p>Le tressage a un aspect brut et naturel, visuellement graphique.<\/p>\n<p>Dimensions disponibles : h60 ou 80cm<\/p>\n<p>D\u00e9couvrez aussi\u00a0 <a href=\"\/fr\/decoration-maison\/cactus\/grand-cactus-decoratif-tresse\/\" target=\"_blank\" rel=\"noopener\">nos grands cactus d\u00e9coratifs en osier<\/a> ou <a href=\"\/fr\/decoration-maison\/cactus\/cactus-porte-plantes\/\" target=\"_blank\" rel=\"noopener\">nos cactus originaux<\/a> \u00e0 utiliser comme porte-plantes.<\/p>\n<p>Ce produit artisanal peut comporter certains d\u00e9fauts qui ne font qu&rsquo;ajouter au charme du produit et sont la garantie de son authenticit\u00e9. La fibre peut \u00eatre verte lorsqu&rsquo;elle est jeune, mais deviendra jaune dor\u00e9e avec le temps, et principalement le soleil. Si vous voulez l&rsquo;utiliser en d\u00e9co ext\u00e9rieure, pr\u00e9f\u00e9rez une terrasse ou un patio couvert car il peut prendre une couleur gris\u00e9e s&rsquo;il est soumis aux intemp\u00e9ries.<\/p>\n<p>Tous nos cactus en paille sont artisanaux, le design peut \u00eatre l\u00e9g\u00e8rement diff\u00e9rent (taille des branches ou paniers, base du cactus&#8230;). N&rsquo;h\u00e9sitez pas \u00e0 nous demander plus de renseignements.<\/p>\n","protected":false},"excerpt":{"rendered":"<h3><strong>Ambiance d\u00e9sert am\u00e9ricain : le cactus d\u00e9co<\/strong><strong><span class=\"x19la9d6 x1fc57z9 x6ikm8r x10wlt62 x19co3pv x1g5zs5t xfibh0p xiy17q3 x1xsqp64 x1lkfr7t xexx8yu xg83lxy x18d9i69 x1h0ha7o\"><span class=\"\">\ud83c\udf35<\/span><\/span><\/strong><\/h3>\n<p>L&rsquo;ornement cactus vous permet d&rsquo;apporter une touche naturelle d\u00e9corative et sa taille cons\u00e9quente en fait une <strong>sculpture \u00e0 poser au sol visuelle et int\u00e9ressante<\/strong>.<\/p>\n<p>Dimensions : h60 et h80cm<br \/>\nEn paille <em>doum<\/em> naturel<\/p>\n","protected":false},"featured_media":1457,"comment_status":"open","ping_status":"closed","template":"","meta":[],"product_brand":[],"product_cat":[472,467],"product_tag":[462,217,899,80,300,79],"class_list":{"0":"post-1452","1":"product","2":"type-product","3":"status-publish","4":"has-post-thumbnail","6":"product_cat-cactus","7":"product_cat-decoration-maison","8":"product_tag-latitude-naturelle","9":"product_tag-mexique","10":"product_tag-no-us","11":"product_tag-osier","12":"product_tag-paille","13":"product_tag-rotin","15":"first","16":"instock","17":"taxable","18":"shipping-taxable","19":"purchasable","20":"product-type-variable"},"_links":{"self":[{"href":"https:\/\/www.latitude31n.com\/fr\/wp-json\/wp\/v2\/product\/1452","targetHints":{"allow":["GET"]}}],"collection":[{"href":"https:\/\/www.latitude31n.com\/fr\/wp-json\/wp\/v2\/product"}],"about":[{"href":"https:\/\/www.latitude31n.com\/fr\/wp-json\/wp\/v2\/types\/product"}],"replies":[{"embeddable":true,"href":"https:\/\/www.latitude31n.com\/fr\/wp-json\/wp\/v2\/comments?post=1452"}],"wp:featuredmedia":[{"embeddable":true,"href":"https:\/\/www.latitude31n.com\/fr\/wp-json\/wp\/v2\/media\/1457"}],"wp:attachment":[{"href":"https:\/\/www.latitude31n.com\/fr\/wp-json\/wp\/v2\/media?parent=1452"}],"wp:term":[{"taxonomy":"product_brand","embeddable":true,"href":"https:\/\/www.latitude31n.com\/fr\/wp-json\/wp\/v2\/product_brand?post=1452"},{"taxonomy":"product_cat","embeddable":true,"href":"https:\/\/www.latitude31n.com\/fr\/wp-json\/wp\/v2\/product_cat?post=1452"},{"taxonomy":"product_tag","embeddable":true,"href":"https:\/\/www.latitude31n.com\/fr\/wp-json\/wp\/v2\/product_tag?post=1452"}],"curies":[{"name":"wp","href":"https:\/\/api.w.org\/{rel}","templated":true}]}}