{"id":14437,"date":"2022-12-30T17:31:00","date_gmt":"2022-12-30T16:31:00","guid":{"rendered":"https:\/\/www.latitude31n.com\/?post_type=product&#038;p=14437"},"modified":"2025-05-13T11:17:15","modified_gmt":"2025-05-13T10:17:15","slug":"chapeau-marocain-raphia-couleur","status":"publish","type":"product","link":"https:\/\/www.latitude31n.com\/fr\/decoration-murale\/chapeaux\/chapeau-marocain-raphia-couleur\/","title":{"rendered":"Chapeau marocain en raphia color\u00e9"},"content":{"rendered":"<h2><strong>Chapeau de paille avec bordure color\u00e9e<\/strong><\/h2>\n<p>Mettez un peu de couleurs dans votre d\u00e9co avec ces jolis chapeaux en paille de palmier tress\u00e9 et au pourtour d\u00e9cor\u00e9 de raphia aux couleurs \u00e9l\u00e9gantes et tendance. Ce sont les femmes berb\u00e8res qui brodent <a href=\"\/fr\/chapeaux\/chapeau-palmier-clair\/\">les chapeaux traditionnels marocains<\/a> pour leur ajouter couleur et fun.<\/p>\n<h2><strong>Composez votre galerie murale de chapeaux<\/strong><\/h2>\n<p>Cr\u00e9ez une composition de chapeaux aux couleurs compl\u00e9mentaires ou une d\u00e9coration murale boh\u00e8me personnalis\u00e9e en les associant avec paniers, corbeilles ou tentures murales.<\/p>\n<p>Pourquoi je les aime :<\/p>\n<p><em><strong>Les couleurs sont juste magnifiques, tr\u00e8s d\u00e9licates. C&rsquo;est un raphia de tr\u00e8s belle qualit\u00e9 qui donne un rendu tr\u00e8s subtil.<\/strong><br \/>\n<\/em><\/p>\n<p>Dimensions : 45cm<\/p>\n<p>Ces chapeaux marocains en palmier sont tress\u00e9s \u00e0 la main et peuvent comporter certaines imperfections qui garantissent leurs authenticit\u00e9s.<\/p>\n<p>&nbsp;<\/p>\n","protected":false},"excerpt":{"rendered":"<p>Superbe d\u00e9coration murale boh\u00e8me : le chapeau marocain avec une aur\u00e9ole color\u00e9e.<\/p>\n","protected":false},"featured_media":14459,"comment_status":"open","ping_status":"closed","template":"","meta":[],"product_brand":[],"product_cat":[499,23],"product_tag":[463],"class_list":{"0":"post-14437","1":"product","2":"type-product","3":"status-publish","4":"has-post-thumbnail","6":"product_cat-chapeaux","7":"product_cat-decoration-murale","8":"product_tag-latitude-pop","10":"first","11":"instock","12":"taxable","13":"shipping-taxable","14":"purchasable","15":"product-type-variable"},"_links":{"self":[{"href":"https:\/\/www.latitude31n.com\/fr\/wp-json\/wp\/v2\/product\/14437","targetHints":{"allow":["GET"]}}],"collection":[{"href":"https:\/\/www.latitude31n.com\/fr\/wp-json\/wp\/v2\/product"}],"about":[{"href":"https:\/\/www.latitude31n.com\/fr\/wp-json\/wp\/v2\/types\/product"}],"replies":[{"embeddable":true,"href":"https:\/\/www.latitude31n.com\/fr\/wp-json\/wp\/v2\/comments?post=14437"}],"wp:featuredmedia":[{"embeddable":true,"href":"https:\/\/www.latitude31n.com\/fr\/wp-json\/wp\/v2\/media\/14459"}],"wp:attachment":[{"href":"https:\/\/www.latitude31n.com\/fr\/wp-json\/wp\/v2\/media?parent=14437"}],"wp:term":[{"taxonomy":"product_brand","embeddable":true,"href":"https:\/\/www.latitude31n.com\/fr\/wp-json\/wp\/v2\/product_brand?post=14437"},{"taxonomy":"product_cat","embeddable":true,"href":"https:\/\/www.latitude31n.com\/fr\/wp-json\/wp\/v2\/product_cat?post=14437"},{"taxonomy":"product_tag","embeddable":true,"href":"https:\/\/www.latitude31n.com\/fr\/wp-json\/wp\/v2\/product_tag?post=14437"}],"curies":[{"name":"wp","href":"https:\/\/api.w.org\/{rel}","templated":true}]}}