{"id":1443,"date":"2021-05-31T08:40:13","date_gmt":"2021-05-31T07:40:13","guid":{"rendered":"https:\/\/www.latitude31n.com\/?post_type=product&#038;p=1443"},"modified":"2024-07-10T11:23:10","modified_gmt":"2024-07-10T10:23:10","slug":"pouf-carre-shaggy-beni-ouarain-vintage","status":"publish","type":"product","link":"https:\/\/www.latitude31n.com\/fr\/assises-petit-mobilier\/coussins-de-sol\/pouf-carre-shaggy-beni-ouarain-vintage\/","title":{"rendered":"Pouf carr\u00e9 shaggy vintage"},"content":{"rendered":"<h2><strong>Rare! Pouf marocain Beni Ouarain ancien<\/strong><\/h2>\n<p>Magnifique housse de coussin de sol aux lignes graphiques fabriqu\u00e9 \u00e0 partir d&rsquo;un ancien tapis en laine Beni Ouarain. Les couleurs sont l\u00e9g\u00e8rement pass\u00e9s, le noir tire sur le brun et le blanc sur le beige, ce qui lui apporte une <strong>grande douceur<\/strong>. Les coussins fabriqu\u00e9s \u00e0 partir de tapis Beni Ouarain neuf ont des couleurs beaucoup plus franches (un vrai noir et blanc).<\/p>\n<h2><strong>Coussin de sol pour une d\u00e9co \u00e0 l&rsquo;esprit hygge<\/strong><\/h2>\n<p>Tr\u00e8s tendance, le design de ses tapis berb\u00e8res est <strong>intemporel et contemporain<\/strong>. Ce pouf s&rsquo;int\u00e9grera dans tout int\u00e9rieur, qu&rsquo;il soit boh\u00e8me, classique, r\u00e9tro, ethnique. Il apporte de la douceur gr\u00e2ce \u00e0 ses teintes naturelles et sa texture \u00e9paisse.<\/p>\n<p>Les dessins de ces tapis devenus poufs sont tr\u00e8s simples. Ainsi, des lignes sombres traversent la surface ivoire unie. Cette simplicit\u00e9 minimaliste est justement l&rsquo;atout principal de ces poufs passe-partout.<\/p>\n<p>Pourquoi je l&rsquo;aime :<\/p>\n<p><strong><em>Ce pouf est exceptionnel et rare, il provient d&rsquo;un tapis tr\u00e8s ancien, la laine est magnifique, haute et tr\u00e8s \u00e9paisse et les couleurs sont tr\u00e8s douces.<\/em><\/strong><\/p>\n<p>L&rsquo;annonce concerne seulement la housse mais si vous d\u00e9sirez le coussin de sol avec rembourrage, merci de me contacter afin que je vous fasse un devis.<\/p>\n<p>Pour rembourrer la housse, utilisez de la bourre, des perles de polystyr\u00e8ne ou des mat\u00e9riaux de r\u00e9cup\u00e9ration comme de vieux v\u00eatements&#8230;.<\/p>\n<p>Dimensions : 60x60xh20 cm<\/p>\n<p>Totalement d\u00e9houssable<br \/>\nFermeture \u00e9clair sur la face post\u00e9rieure<br \/>\nDos r\u00e9alis\u00e9 \u00e0 partir d&rsquo;une couverture ancienne en laine<\/p>\n<p>Etant donn\u00e9 l&rsquo;anciennet\u00e9 du mat\u00e9riau (le tapis date des ann\u00e9es 60 environ) laver d\u00e9licatement avec pr\u00e9caution, de pr\u00e9f\u00e9rence \u00e0 l&rsquo;eau froide et laisser s\u00e9cher \u00e0 plat.<\/p>\n","protected":false},"excerpt":{"rendered":"<p>Tellement moelleux que vous voudrez passer votre vie dessus !<\/p>\n<p>Classique, intemporel, vintage, doux, ce coussin de sol est unique et rare.<\/p>\n<p><strong>Livraison gratuite (Europe et Am\u00e9rique du Nord)<br \/>\n<\/strong><\/p>\n","protected":false},"featured_media":1451,"comment_status":"open","ping_status":"closed","template":"","meta":[],"product_brand":[],"product_cat":[35,34],"product_tag":[121,464,465,118,123,122],"class_list":{"0":"post-1443","1":"product","2":"type-product","3":"status-publish","4":"has-post-thumbnail","6":"product_cat-coussins-de-sol","7":"product_cat-assises-petit-mobilier","8":"product_tag-ancien","9":"product_tag-latitude-soft","10":"product_tag-latitude-vintage","11":"product_tag-sieges","12":"product_tag-vieux","13":"product_tag-vintage","15":"first","16":"instock","17":"taxable","18":"shipping-taxable","19":"purchasable","20":"product-type-simple"},"_links":{"self":[{"href":"https:\/\/www.latitude31n.com\/fr\/wp-json\/wp\/v2\/product\/1443","targetHints":{"allow":["GET"]}}],"collection":[{"href":"https:\/\/www.latitude31n.com\/fr\/wp-json\/wp\/v2\/product"}],"about":[{"href":"https:\/\/www.latitude31n.com\/fr\/wp-json\/wp\/v2\/types\/product"}],"replies":[{"embeddable":true,"href":"https:\/\/www.latitude31n.com\/fr\/wp-json\/wp\/v2\/comments?post=1443"}],"wp:featuredmedia":[{"embeddable":true,"href":"https:\/\/www.latitude31n.com\/fr\/wp-json\/wp\/v2\/media\/1451"}],"wp:attachment":[{"href":"https:\/\/www.latitude31n.com\/fr\/wp-json\/wp\/v2\/media?parent=1443"}],"wp:term":[{"taxonomy":"product_brand","embeddable":true,"href":"https:\/\/www.latitude31n.com\/fr\/wp-json\/wp\/v2\/product_brand?post=1443"},{"taxonomy":"product_cat","embeddable":true,"href":"https:\/\/www.latitude31n.com\/fr\/wp-json\/wp\/v2\/product_cat?post=1443"},{"taxonomy":"product_tag","embeddable":true,"href":"https:\/\/www.latitude31n.com\/fr\/wp-json\/wp\/v2\/product_tag?post=1443"}],"curies":[{"name":"wp","href":"https:\/\/api.w.org\/{rel}","templated":true}]}}