{"id":14394,"date":"2022-12-17T11:10:13","date_gmt":"2022-12-17T10:10:13","guid":{"rendered":"https:\/\/www.latitude31n.com\/?post_type=product&#038;p=14394"},"modified":"2025-07-10T14:44:37","modified_gmt":"2025-07-10T13:44:37","slug":"petite-suspension-palmier","status":"publish","type":"product","link":"https:\/\/www.latitude31n.com\/fr\/luminaires\/petite-suspension-palmier\/","title":{"rendered":"Suspension paille \u00ab\u00a0chevelue\u00a0\u00bb &#8211; petite taille"},"content":{"rendered":"<h2><strong>Petite suspension boh\u00e8me en palmier clair<\/strong><\/h2>\n<p>Lustre c\u00f4ne tress\u00e9 main en palmier marocain naturel, avec de longues franges\u00a0couvrant toute la surface du luminaire. Le luminaire est \u00e9l\u00e9gant, tout en gardant sa touche artisanale et naturelle.<\/p>\n<h2>Suspension paille pour petits espaces ou c\u00f4t\u00e9 du lit<\/h2>\n<p>La mati\u00e8re a une couleur tr\u00e8s claire, quasi blanche. Des teintes douces et neutres et un look raffin\u00e9.<\/p>\n<p>Sa petite taille en fait une lampe id\u00e9ale pour suspendre en guise de lampe de chevet, \u00e0 c\u00f4t\u00e9 du lit.<\/p>\n<p>Disponible en diff\u00e9rentes hauteurs 25 et 30cm. Le m\u00eame mod\u00e8le existe aussi en <a href=\"\/fr\/luminaires\/suspension-chevelu-en-palmier-blanc\/\" target=\"_blank\" rel=\"noopener\">versions plus hautes<\/a>.<\/p>\n<p>Cette suspension est artisanale et unique. Elle peut comporter certaines irr\u00e9gularit\u00e9s qui en font tout le charme. Il peut y avoir de l\u00e9g\u00e8res variations dans la forme, la dimension ou la couleur, selon la condition de cette fibre naturelle.<\/p>\n<p>Fixation \u00e9lectrique non incluse.<br \/>\nUne anse est pr\u00e9vue pour l&rsquo;accrocher. Pour plus de conseils sur l&rsquo;installation, veuillez consulter notre <a href=\"\/fr\/installer-suspension-paille\/\" target=\"_blank\" rel=\"noopener\">article sur les diff\u00e9rentes m\u00e9thodes d&rsquo;accroche de nos suspensions<\/a>.<\/p>\n","protected":false},"excerpt":{"rendered":"<p><strong>Petit lustre c\u00f4ne \u00e0 suspendre<\/strong>, en palmier naturel, et franges sur toute la surface du luminaire. Taille id\u00e9ale pour une lampe de chevets dans la chambre.<\/p>\n","protected":false},"featured_media":14404,"comment_status":"open","ping_status":"closed","template":"","meta":[],"product_brand":[],"product_cat":[22,894],"product_tag":[461,80,82,79],"class_list":{"0":"post-14394","1":"product","2":"type-product","3":"status-publish","4":"has-post-thumbnail","6":"product_cat-luminaires","7":"product_cat-suspension-paille","8":"product_tag-latitude-lumineuse","9":"product_tag-osier","10":"product_tag-raphia","11":"product_tag-rotin","13":"first","14":"instock","15":"taxable","16":"shipping-taxable","17":"purchasable","18":"product-type-variable"},"_links":{"self":[{"href":"https:\/\/www.latitude31n.com\/fr\/wp-json\/wp\/v2\/product\/14394","targetHints":{"allow":["GET"]}}],"collection":[{"href":"https:\/\/www.latitude31n.com\/fr\/wp-json\/wp\/v2\/product"}],"about":[{"href":"https:\/\/www.latitude31n.com\/fr\/wp-json\/wp\/v2\/types\/product"}],"replies":[{"embeddable":true,"href":"https:\/\/www.latitude31n.com\/fr\/wp-json\/wp\/v2\/comments?post=14394"}],"wp:featuredmedia":[{"embeddable":true,"href":"https:\/\/www.latitude31n.com\/fr\/wp-json\/wp\/v2\/media\/14404"}],"wp:attachment":[{"href":"https:\/\/www.latitude31n.com\/fr\/wp-json\/wp\/v2\/media?parent=14394"}],"wp:term":[{"taxonomy":"product_brand","embeddable":true,"href":"https:\/\/www.latitude31n.com\/fr\/wp-json\/wp\/v2\/product_brand?post=14394"},{"taxonomy":"product_cat","embeddable":true,"href":"https:\/\/www.latitude31n.com\/fr\/wp-json\/wp\/v2\/product_cat?post=14394"},{"taxonomy":"product_tag","embeddable":true,"href":"https:\/\/www.latitude31n.com\/fr\/wp-json\/wp\/v2\/product_tag?post=14394"}],"curies":[{"name":"wp","href":"https:\/\/api.w.org\/{rel}","templated":true}]}}