{"id":14339,"date":"2022-12-15T14:50:39","date_gmt":"2022-12-15T13:50:39","guid":{"rendered":"https:\/\/www.latitude31n.com\/?post_type=product&#038;p=14339"},"modified":"2024-07-09T12:45:02","modified_gmt":"2024-07-09T11:45:02","slug":"corbeilles-murales-boheme","status":"publish","type":"product","link":"https:\/\/www.latitude31n.com\/fr\/decoration-murale\/corbeilles\/corbeilles-murales-boheme\/","title":{"rendered":"Corbeilles murales boh\u00e8me (Lot de 3)"},"content":{"rendered":"<p>Lot de 3 corbeilles murales d\u00e9coratives en osier et motifs en laine noire.<\/p>\n<p>Jolie d\u00e9coration murale qui ajoute une touche boh\u00e8me et naturelle \u00e0 tout int\u00e9rieur. Les jeux de motifs apportent une touche graphique suppl\u00e9mentaire. Aujourd&rsquo;hui les paniers sont totalement dans l&rsquo;esprit folk et s&rsquo;accrochent au mur tels des tableaux ou des \u0153uvres d&rsquo;art.<\/p>\n<p>Traditionnellement utilis\u00e9s comme des corbeilles \u00e0 fruits, ces paniers ronds tribaux peuvent \u00e9galement servir \u00e0 recueillir des objets de d\u00e9co ou comme rangement.<\/p>\n<p>Pourquoi je les aime :<\/p>\n<p><em><strong>J&rsquo;aime particuli\u00e8rement le contraste entre la teinte naturelle de l&rsquo;osier tr\u00e8s clair et les motifs sombres brod\u00e9s en laine noire.<\/strong><\/em><\/p>\n<p>Fabrication artisanale par des femmes artisans au Maroc.<\/p>\n<p>Chaque plat mesure environ 45cm.<\/p>\n<p>Ces corbeilles murales sont artisanales et peuvent comporter certaines imperfections qui sont la garantie de leur authenticit\u00e9.<\/p>\n<p>&nbsp;<\/p>\n","protected":false},"excerpt":{"rendered":"<p>Lot de 3 corbeilles murales tress\u00e9es et brod\u00e9es main, osier naturel et motifs g\u00e9om\u00e9triques noirs.<\/p>\n<p>Artisanat f\u00e9minin du Maroc.<\/p>\n<p>D\u00e9co boh\u00e8me et ethnique.<\/p>\n","protected":false},"featured_media":14342,"comment_status":"open","ping_status":"closed","template":"","meta":[],"product_brand":[],"product_cat":[474,23],"product_tag":[276,79],"class_list":{"0":"post-14339","1":"product","2":"type-product","3":"status-publish","4":"has-post-thumbnail","6":"product_cat-corbeilles","7":"product_cat-decoration-murale","8":"product_tag-art-mural","9":"product_tag-rotin","11":"first","12":"outofstock","13":"taxable","14":"shipping-taxable","15":"purchasable","16":"product-type-simple"},"_links":{"self":[{"href":"https:\/\/www.latitude31n.com\/fr\/wp-json\/wp\/v2\/product\/14339","targetHints":{"allow":["GET"]}}],"collection":[{"href":"https:\/\/www.latitude31n.com\/fr\/wp-json\/wp\/v2\/product"}],"about":[{"href":"https:\/\/www.latitude31n.com\/fr\/wp-json\/wp\/v2\/types\/product"}],"replies":[{"embeddable":true,"href":"https:\/\/www.latitude31n.com\/fr\/wp-json\/wp\/v2\/comments?post=14339"}],"wp:featuredmedia":[{"embeddable":true,"href":"https:\/\/www.latitude31n.com\/fr\/wp-json\/wp\/v2\/media\/14342"}],"wp:attachment":[{"href":"https:\/\/www.latitude31n.com\/fr\/wp-json\/wp\/v2\/media?parent=14339"}],"wp:term":[{"taxonomy":"product_brand","embeddable":true,"href":"https:\/\/www.latitude31n.com\/fr\/wp-json\/wp\/v2\/product_brand?post=14339"},{"taxonomy":"product_cat","embeddable":true,"href":"https:\/\/www.latitude31n.com\/fr\/wp-json\/wp\/v2\/product_cat?post=14339"},{"taxonomy":"product_tag","embeddable":true,"href":"https:\/\/www.latitude31n.com\/fr\/wp-json\/wp\/v2\/product_tag?post=14339"}],"curies":[{"name":"wp","href":"https:\/\/api.w.org\/{rel}","templated":true}]}}