{"id":1425,"date":"2021-05-31T08:36:06","date_gmt":"2021-05-31T07:36:06","guid":{"rendered":"https:\/\/www.latitude31n.com\/?post_type=product&#038;p=1425"},"modified":"2026-03-12T14:32:27","modified_gmt":"2026-03-12T13:32:27","slug":"plateau-rond","status":"publish","type":"product","link":"https:\/\/www.latitude31n.com\/fr\/arts-table\/plateau-rond\/","title":{"rendered":"Plateau rond en raphia"},"content":{"rendered":"<h2>Plateau boh\u00e8me chic crochet\u00e9 \u00e0 la main<\/h2>\n<p>Tress\u00e9s artisanalement, ces magnifiques plateaux en dentelle de raphia sont tout autant utilitaires que d\u00e9coratifs. Leur usage est multiple. Pos\u00e9 sur un tabouret ou un pouf pour jouer le bout de canap\u00e9, sur une table basse, plateau de service, en centre de table ou dans la cuisine pour pr\u00e9senter vaisselle ou fruits.<\/p>\n<h2>Plateau pour un petit-d\u00e9jeuner raffin\u00e9 au lit.<\/h2>\n<p>Le plateau de service est disponible en 3 tailles, chacun trouvera la taille qui lui convient.<\/p>\n<p>Pourquoi je l&rsquo;aime :<\/p>\n<p><strong><em>le travail de tressage est un v\u00e9ritable travail de dentelli\u00e8re. Il est tout simplement magnifique et apporte une touche boh\u00e8me chic tr\u00e8s tendance.<\/em><\/strong><\/p>\n<p>Dimensions : diam\u00e8tre 30, 40 et 50 cm sur 4 cm de hauteur.<\/p>\n<p>Les plateaux existent \u00e9galement en <a href=\"\/fr\/arts-table\/plateau-rectangulaire-en-dentelle-de-raphia-avec-poignees\/\" target=\"_blank\" rel=\"noopener\">rectangulaire<\/a>. Et pour harmoniser vos \u00e9l\u00e9ments de cuisine, les femmes berb\u00e8res croch\u00e8tent \u00e9galement un magnifique <a href=\"\/fr\/arts-table\/range-couverts-menagere-en-crochet-de-raphia\/\">rangement couverts<\/a>.<\/p>\n<p>Ceci est un produit artisanal qui peut comporter certaines imperfections qui en font un objet unique et sont la garantie de son authenticit\u00e9.<\/p>\n","protected":false},"excerpt":{"rendered":"<p>Tress\u00e9s artisanalement au crochet, ces magnifiques plateaux en dentelle de raphia sont tout autant utilitaires que d\u00e9coratifs. Un vrai travail d&rsquo;orf\u00e8vre, raffin\u00e9 et moderne.<\/p>\n<p>3 tailles.<\/p>\n","protected":false},"featured_media":1433,"comment_status":"open","ping_status":"closed","template":"","meta":[],"product_brand":[],"product_cat":[27],"product_tag":[130,129,128,127,464,80,79],"class_list":{"0":"post-1425","1":"product","2":"type-product","3":"status-publish","4":"has-post-thumbnail","6":"product_cat-arts-table","7":"product_tag-art-de-la-table","8":"product_tag-cadeau-femme","9":"product_tag-cadeau-pour-elle","10":"product_tag-cuisine","11":"product_tag-latitude-soft","12":"product_tag-osier","13":"product_tag-rotin","15":"first","16":"instock","17":"taxable","18":"shipping-taxable","19":"purchasable","20":"product-type-variable"},"_links":{"self":[{"href":"https:\/\/www.latitude31n.com\/fr\/wp-json\/wp\/v2\/product\/1425","targetHints":{"allow":["GET"]}}],"collection":[{"href":"https:\/\/www.latitude31n.com\/fr\/wp-json\/wp\/v2\/product"}],"about":[{"href":"https:\/\/www.latitude31n.com\/fr\/wp-json\/wp\/v2\/types\/product"}],"replies":[{"embeddable":true,"href":"https:\/\/www.latitude31n.com\/fr\/wp-json\/wp\/v2\/comments?post=1425"}],"wp:featuredmedia":[{"embeddable":true,"href":"https:\/\/www.latitude31n.com\/fr\/wp-json\/wp\/v2\/media\/1433"}],"wp:attachment":[{"href":"https:\/\/www.latitude31n.com\/fr\/wp-json\/wp\/v2\/media?parent=1425"}],"wp:term":[{"taxonomy":"product_brand","embeddable":true,"href":"https:\/\/www.latitude31n.com\/fr\/wp-json\/wp\/v2\/product_brand?post=1425"},{"taxonomy":"product_cat","embeddable":true,"href":"https:\/\/www.latitude31n.com\/fr\/wp-json\/wp\/v2\/product_cat?post=1425"},{"taxonomy":"product_tag","embeddable":true,"href":"https:\/\/www.latitude31n.com\/fr\/wp-json\/wp\/v2\/product_tag?post=1425"}],"curies":[{"name":"wp","href":"https:\/\/api.w.org\/{rel}","templated":true}]}}