{"id":1411,"date":"2021-05-31T08:29:45","date_gmt":"2021-05-31T07:29:45","guid":{"rendered":"https:\/\/www.latitude31n.com\/?post_type=product&#038;p=1411"},"modified":"2025-09-01T16:47:03","modified_gmt":"2025-09-01T15:47:03","slug":"plateau-rectangulaire-en-dentelle-de-raphia-avec-poignees","status":"publish","type":"product","link":"https:\/\/www.latitude31n.com\/fr\/soldes\/plateau-rectangulaire-en-dentelle-de-raphia-avec-poignees\/","title":{"rendered":"Plateau rectangulaire tress\u00e9 (avec poign\u00e9es)"},"content":{"rendered":"<h2>Id\u00e9e cadeau : le plateau crochet\u00e9<\/h2>\n<p>Ce plateau tress\u00e9 \u00e0 la main en dentelle de raphia naturel est tout autant d\u00e9coratif qu&rsquo;utile. R\u00e9sistant, gr\u00e2ce \u00e0 son armature m\u00e9tal, et raffin\u00e9 avec son tressage au crochet, on ne peut qu&rsquo;admirer le travail minutieux et artistique de l&rsquo;artisan. Ici plut\u00f4t une artisane, car ces plateaux sont r\u00e9alis\u00e9s par les femmes berb\u00e8res au Maroc.<\/p>\n<h2>Plateau tress\u00e9 ultra-chic<\/h2>\n<p>Que ce soit sur une table basse, un pouf, pour apporter ou pr\u00e9senter votre vaisselle, ce plateau de pr\u00e9sentation apportera une touche boh\u00e8me chic. Et m\u00eame, tr\u00e8s chic.<\/p>\n<p>En centre de table, dans la cuisine pour poser des fruits, dans l&rsquo;entr\u00e9e en guise de vide-poche, ou pour poser des plantes, l&rsquo;usage est multiple et vari\u00e9.<\/p>\n<p>Pourquoi je l&rsquo;aime :<\/p>\n<p><strong><em>le travail est magnifique et soign\u00e9. De la vraie dentelle.<\/em><\/strong><\/p>\n<p>Existe en 3 tailles. Dimensions :<\/p>\n<p>Petit : 30x20cm<\/p>\n<p>Moyen : 40x25cm<\/p>\n<p>Grand : 50x35cm<\/p>\n<p>Les plateaux existent aussi en <a href=\"\/fr\/arts-table\/plateau-decoratif-rond-tisse-main-en-raphia-avec-anses\/\" target=\"_blank\" rel=\"noopener\">rond<\/a>. Et pour harmoniser vos \u00e9l\u00e9ments de cuisine, les femmes berb\u00e8res croch\u00e8tent \u00e9galement un magnifique <a href=\"\/fr\/arts-table\/range-couverts-menagere-en-crochet-de-raphia\/\" target=\"_blank\" rel=\"noopener\">rangement couverts<\/a>.<\/p>\n<p>Ce plateau artisanal peut comporter certaines imperfections qui en font un objet unique et sont la garantie de son authenticit\u00e9.<\/p>\n<p>&nbsp;<\/p>\n","protected":false},"excerpt":{"rendered":"<p>Finement tress\u00e9s au crochet de raphia, ces plateaux rectangulaires fait main sont si raffin\u00e9s qu&rsquo;on a envie de les exposer \u00e0 la vue de tous.<\/p>\n<p>3 tailles.<\/p>\n","protected":false},"featured_media":1413,"comment_status":"open","ping_status":"closed","template":"","meta":[],"product_brand":[],"product_cat":[598,27],"product_tag":[130,129,128,464,80,79],"class_list":{"0":"post-1411","1":"product","2":"type-product","3":"status-publish","4":"has-post-thumbnail","6":"product_cat-soldes","7":"product_cat-arts-table","8":"product_tag-art-de-la-table","9":"product_tag-cadeau-femme","10":"product_tag-cadeau-pour-elle","11":"product_tag-latitude-soft","12":"product_tag-osier","13":"product_tag-rotin","15":"first","16":"instock","17":"sale","18":"taxable","19":"shipping-taxable","20":"purchasable","21":"product-type-variable"},"_links":{"self":[{"href":"https:\/\/www.latitude31n.com\/fr\/wp-json\/wp\/v2\/product\/1411","targetHints":{"allow":["GET"]}}],"collection":[{"href":"https:\/\/www.latitude31n.com\/fr\/wp-json\/wp\/v2\/product"}],"about":[{"href":"https:\/\/www.latitude31n.com\/fr\/wp-json\/wp\/v2\/types\/product"}],"replies":[{"embeddable":true,"href":"https:\/\/www.latitude31n.com\/fr\/wp-json\/wp\/v2\/comments?post=1411"}],"wp:featuredmedia":[{"embeddable":true,"href":"https:\/\/www.latitude31n.com\/fr\/wp-json\/wp\/v2\/media\/1413"}],"wp:attachment":[{"href":"https:\/\/www.latitude31n.com\/fr\/wp-json\/wp\/v2\/media?parent=1411"}],"wp:term":[{"taxonomy":"product_brand","embeddable":true,"href":"https:\/\/www.latitude31n.com\/fr\/wp-json\/wp\/v2\/product_brand?post=1411"},{"taxonomy":"product_cat","embeddable":true,"href":"https:\/\/www.latitude31n.com\/fr\/wp-json\/wp\/v2\/product_cat?post=1411"},{"taxonomy":"product_tag","embeddable":true,"href":"https:\/\/www.latitude31n.com\/fr\/wp-json\/wp\/v2\/product_tag?post=1411"}],"curies":[{"name":"wp","href":"https:\/\/api.w.org\/{rel}","templated":true}]}}