{"id":1405,"date":"2021-05-31T08:18:19","date_gmt":"2021-05-31T07:18:19","guid":{"rendered":"https:\/\/www.latitude31n.com\/?post_type=product&#038;p=1405"},"modified":"2026-01-18T13:27:09","modified_gmt":"2026-01-18T12:27:09","slug":"petit-panier-berbere-rose-orange","status":"publish","type":"product","link":"https:\/\/www.latitude31n.com\/fr\/paniers-rangements\/motifs-colores\/petit-panier-berbere-rose-orange\/","title":{"rendered":"Petit panier berb\u00e8re rose orang\u00e9"},"content":{"rendered":"<p>Ces magnifiques petits paniers en osier ajouteront une <strong>touche ethnique et boh\u00e8me<\/strong> \u00e0 la fois dans tout int\u00e9rieur. <strong>Donnez un peu de gaiet\u00e9<\/strong> \u00e0 vos \u00e9tag\u00e8res, votre salle de bain, votre biblioth\u00e8que. Il trouvera sa place partout.<\/p>\n<p>Traditionnellement utilis\u00e9s pour le pain et les aliments, ce sont de vrais <strong>\u0153uvres d&rsquo;art<\/strong> qui reprennent les symboles et motifs g\u00e9om\u00e9triques du Maroc. Ils sont tress\u00e9s d&rsquo;osier et recouverts de laine color\u00e9e qui dessine des motifs traditionnels g\u00e9om\u00e9triques.<\/p>\n<p>En collection, en grappes ou en pairs, ils apporteront originalit\u00e9 et l&rsquo;effet \u00ab\u00a0whaou\u00a0\u00bb. Tous uniques, tous remarquables.<\/p>\n<p>Pourquoi je les aime :<\/p>\n<p><strong><em>ils ont tous des formes diff\u00e9rentes, plut\u00f4t rondes, et des dessins g\u00e9om\u00e9triques tr\u00e8s graphiques. Ceux-ci ont de tr\u00e8s belles couleurs vives<\/em><\/strong><\/p>\n<p>Dimensions : hauteur environ 25\/30cm<\/p>\n<p>Cette pani\u00e8re est totalement artisanale, faite \u00e0 la main au Maroc, elle peut pr\u00e9senter certaines imperfections qui garantissent son authenticit\u00e9.<\/p>\n","protected":false},"excerpt":{"rendered":"<p>Ces magnifiques petits paniers en osier ajouteront une touche ethnique et boh\u00e8me \u00e0 la fois dans tout int\u00e9rieur. Donnez un peu de gaiet\u00e9 \u00e0 vos \u00e9tag\u00e8res, votre salle de bain, votre biblioth\u00e8que. Il trouvera sa place partout. Traditionnellement utilis\u00e9s pour le pain et les aliments, ce sont de vrais \u0153uvres d&rsquo;art qui reprennent les symboles &hellip;<\/p>\n","protected":false},"featured_media":1410,"comment_status":"open","ping_status":"closed","template":"","meta":[],"product_brand":[],"product_cat":[635,28,471],"product_tag":[],"class_list":{"0":"post-1405","1":"product","2":"type-product","3":"status-publish","4":"has-post-thumbnail","6":"product_cat-motifs-colores","7":"product_cat-paniers-rangements","8":"product_cat-vases-cache-pots","10":"first","11":"outofstock","12":"taxable","13":"shipping-taxable","14":"purchasable","15":"product-type-simple"},"_links":{"self":[{"href":"https:\/\/www.latitude31n.com\/fr\/wp-json\/wp\/v2\/product\/1405","targetHints":{"allow":["GET"]}}],"collection":[{"href":"https:\/\/www.latitude31n.com\/fr\/wp-json\/wp\/v2\/product"}],"about":[{"href":"https:\/\/www.latitude31n.com\/fr\/wp-json\/wp\/v2\/types\/product"}],"replies":[{"embeddable":true,"href":"https:\/\/www.latitude31n.com\/fr\/wp-json\/wp\/v2\/comments?post=1405"}],"wp:featuredmedia":[{"embeddable":true,"href":"https:\/\/www.latitude31n.com\/fr\/wp-json\/wp\/v2\/media\/1410"}],"wp:attachment":[{"href":"https:\/\/www.latitude31n.com\/fr\/wp-json\/wp\/v2\/media?parent=1405"}],"wp:term":[{"taxonomy":"product_brand","embeddable":true,"href":"https:\/\/www.latitude31n.com\/fr\/wp-json\/wp\/v2\/product_brand?post=1405"},{"taxonomy":"product_cat","embeddable":true,"href":"https:\/\/www.latitude31n.com\/fr\/wp-json\/wp\/v2\/product_cat?post=1405"},{"taxonomy":"product_tag","embeddable":true,"href":"https:\/\/www.latitude31n.com\/fr\/wp-json\/wp\/v2\/product_tag?post=1405"}],"curies":[{"name":"wp","href":"https:\/\/api.w.org\/{rel}","templated":true}]}}