{"id":13980,"date":"2022-11-23T13:16:53","date_gmt":"2022-11-23T12:16:53","guid":{"rendered":"https:\/\/www.latitude31n.com\/?post_type=product&#038;p=13980"},"modified":"2025-10-30T16:25:04","modified_gmt":"2025-10-30T15:25:04","slug":"suspension-brins-folie","status":"publish","type":"product","link":"https:\/\/www.latitude31n.com\/fr\/luminaires\/suspension-brins-folie\/","title":{"rendered":"Suspension boh\u00e8me \u00ab\u00a0Brins de folie\u00a0\u00bb"},"content":{"rendered":"<h2>Luminaire suspendu naturel en fibres v\u00e9g\u00e9tales <em><a href=\"\/fr\/doum-presentation-conseils-entretien\/\" target=\"_blank\" rel=\"noopener\">doum<\/a><\/em><\/h2>\n<p>Le lustre se compose d&rsquo;une petite structure en m\u00e9tal recouverte de raphia, de laquelle tombe une cascade de brins de palmier souples et rigides \u00e0 la fois. Avec sa forme boule et son c\u00f4t\u00e9 sagement d\u00e9sordonn\u00e9, elle apporte une jolie touche exotique \u00e0 votre d\u00e9co, que ce soit en int\u00e9rieur ou sur votre terrasse.<\/p>\n<h2>Suspension boh\u00e8me en paille<\/h2>\n<p>Nos lampes suspendues sont fabriqu\u00e9es main par de talentueux artisans vanniers au Maroc, \u00e0 Marrakech et \u00e0 Essaouira. Elles sont fabriqu\u00e9es \u00e0 partir de mati\u00e8res v\u00e9g\u00e9tales naturelles et \u00e9cologiques. Nos suspensions naturelles ont un look boh\u00e8me naturel et ethnique. Les lustres en paille doum apportent chaleur et texture, ainsi qu&rsquo;une petite touche exotique et tropicale.<\/p>\n<p>Son petit plus :<\/p>\n<p><strong><em>Franchement, avec tous ces brins de paille en fouillis (mais ordonn\u00e9) elle ne m\u00e9rite pas son nom, celle-ci?\u00a0<\/em><\/strong><\/p>\n<p>Dimensions : 60x60xh60cm<\/p>\n<p>Cette suspension naturelle est artisanale et peut comporter certaines imperfections qui sont la garantie de son authenticit\u00e9.<\/p>\n<p>C\u00e2ble \u00e9lectrique non inclus. Nous vous conseillons d&rsquo;utiliser une ampoule LED.<br \/>\nUne anse est pr\u00e9vue pour l&rsquo;accrocher. Pour plus de conseils sur l&rsquo;installation, veuillez consulter notre <a href=\"\/fr\/installer-suspension-paille\/\" target=\"_blank\" rel=\"noopener\">article sur les diff\u00e9rentes m\u00e9thodes d&rsquo;accroche de nos suspensions<\/a>.<\/p>\n","protected":false},"excerpt":{"rendered":"<p>Magnifique lustre de forme boule aux jolis brins de paille retombant de mani\u00e8re d\u00e9sordonn\u00e9e.<\/p>\n<p>Un vent exotique souffle sur la maison.<\/p>\n<p>\u00f8 60xh60cm<br \/>\nen <em>doum<\/em> naturel<\/p>\n","protected":false},"featured_media":30492,"comment_status":"open","ping_status":"closed","template":"","meta":[],"product_brand":[],"product_cat":[22,894],"product_tag":[461,308,307,899,423,80,79],"class_list":{"0":"post-13980","1":"product","2":"type-product","3":"status-publish","4":"has-post-thumbnail","6":"product_cat-luminaires","7":"product_cat-suspension-paille","8":"product_tag-latitude-lumineuse","9":"product_tag-maison-de-plage","10":"product_tag-maison-de-vacances","11":"product_tag-no-us","12":"product_tag-nomade","13":"product_tag-osier","14":"product_tag-rotin","16":"first","17":"instock","18":"taxable","19":"shipping-taxable","20":"purchasable","21":"product-type-simple"},"_links":{"self":[{"href":"https:\/\/www.latitude31n.com\/fr\/wp-json\/wp\/v2\/product\/13980","targetHints":{"allow":["GET"]}}],"collection":[{"href":"https:\/\/www.latitude31n.com\/fr\/wp-json\/wp\/v2\/product"}],"about":[{"href":"https:\/\/www.latitude31n.com\/fr\/wp-json\/wp\/v2\/types\/product"}],"replies":[{"embeddable":true,"href":"https:\/\/www.latitude31n.com\/fr\/wp-json\/wp\/v2\/comments?post=13980"}],"wp:featuredmedia":[{"embeddable":true,"href":"https:\/\/www.latitude31n.com\/fr\/wp-json\/wp\/v2\/media\/30492"}],"wp:attachment":[{"href":"https:\/\/www.latitude31n.com\/fr\/wp-json\/wp\/v2\/media?parent=13980"}],"wp:term":[{"taxonomy":"product_brand","embeddable":true,"href":"https:\/\/www.latitude31n.com\/fr\/wp-json\/wp\/v2\/product_brand?post=13980"},{"taxonomy":"product_cat","embeddable":true,"href":"https:\/\/www.latitude31n.com\/fr\/wp-json\/wp\/v2\/product_cat?post=13980"},{"taxonomy":"product_tag","embeddable":true,"href":"https:\/\/www.latitude31n.com\/fr\/wp-json\/wp\/v2\/product_tag?post=13980"}],"curies":[{"name":"wp","href":"https:\/\/api.w.org\/{rel}","templated":true}]}}