{"id":13493,"date":"2022-10-26T23:23:07","date_gmt":"2022-10-26T22:23:07","guid":{"rendered":"https:\/\/www.latitude31n.com\/?post_type=product&#038;p=13493"},"modified":"2025-12-06T09:15:31","modified_gmt":"2025-12-06T08:15:31","slug":"chapeau-broderie-personnalise","status":"publish","type":"product","link":"https:\/\/www.latitude31n.com\/fr\/decoration-murale\/chapeaux\/chapeau-broderie-personnalise\/","title":{"rendered":"Chapeau brod\u00e9 (Lot de 10 \u00e0 personnaliser)"},"content":{"rendered":"<h2>Chapeau \u00e0 personnaliser \u00e0 votre nom<\/h2>\n<p>Le <a href=\"\/fr\/decoration-murale\/chapeaux\/chapeau-palmier-clair\/\" target=\"_blank\" rel=\"noopener\">chapeau traditionnel marocain<\/a>, en feuilles de palmier blanc tress\u00e9es \u00e0 la main se fait accessoire promotionnel ou fantaisiste. Une bonne id\u00e9e de communication dans un h\u00f4tel ou restaurant, pour prot\u00e9ger vos clients du soleil ou d\u00e9corer vos murs. Ou pour apporter de l&rsquo; originalit\u00e9 \u00e0 un \u00e9v\u00e9nement, un mariage, anniversaire, s\u00e9minaire ou incentive.<\/p>\n<h2>Chapeaux marocains brod\u00e9s<\/h2>\n<p>Pour un minimum de 10, nous pouvons le personnaliser et le broder selon vos besoins. La broderie \u00e9tant r\u00e9alis\u00e9e \u00e0 la main, si le motif est un logo, il doit \u00eatre assez simple.<\/p>\n<p>La fibre de palmier est solide et r\u00e9sistante; le chapeau, m\u00eame mouill\u00e9, garde sa forme.<\/p>\n<p>Le d\u00e9lai d\u00e9pend du nombre de chapeaux. Minimum 1 semaine. Merci de me contacter pour les d\u00e9tails (\u00e9criture, nombre de chapeaux, couleur de la laine, d\u00e9lai de fabrication&#8230;)<\/p>\n<p>Pourquoi je l&rsquo;aime :<\/p>\n<p><strong><em>Fun et original pour f\u00eater un anniversaire ou un mariage mais aussi une fa\u00e7on amusante de communiquer sur son entreprise.<\/em><\/strong><\/p>\n<p>Dimensions : diam\u00e8tre 40xh15 cm<\/p>\n<p>100% fibres de palmier clair.<\/p>\n<p>Ce chapeau est tress\u00e9 \u00e0 la main, il peut comporter certaines imperfections qui garantissent son authenticit\u00e9. Tous les chapeaux sont diff\u00e9rents, leurs formes peut varier selon ce que je peux trouver. Je ne garantis pas les tailles, mais il y aura plusieurs tailles diff\u00e9rentes.<\/p>\n","protected":false},"excerpt":{"rendered":"<h2>Outil promotionnel ou chapeau fantaisie pour f\u00eates.<\/h2>\n<p>Lot de 10 chapeaux marocains en feuilles de palmier tress\u00e9es \u00e0 la main et brod\u00e9 de votre logo ou de votre nom.<\/p>\n<p>Merci de me contacter pour les d\u00e9tails (\u00e9criture, nombre de chapeaux, couleur de la laine, d\u00e9lai de fabrication&#8230;)<\/p>\n","protected":false},"featured_media":13499,"comment_status":"open","ping_status":"closed","template":"","meta":[],"product_brand":[],"product_cat":[499,338,23],"product_tag":[300,82],"class_list":{"0":"post-13493","1":"product","2":"type-product","3":"status-publish","4":"has-post-thumbnail","6":"product_cat-chapeaux","7":"product_cat-commandes-personnalisees","8":"product_cat-decoration-murale","9":"product_tag-paille","10":"product_tag-raphia","12":"first","13":"instock","14":"taxable","15":"shipping-taxable","16":"purchasable","17":"product-type-simple"},"_links":{"self":[{"href":"https:\/\/www.latitude31n.com\/fr\/wp-json\/wp\/v2\/product\/13493","targetHints":{"allow":["GET"]}}],"collection":[{"href":"https:\/\/www.latitude31n.com\/fr\/wp-json\/wp\/v2\/product"}],"about":[{"href":"https:\/\/www.latitude31n.com\/fr\/wp-json\/wp\/v2\/types\/product"}],"replies":[{"embeddable":true,"href":"https:\/\/www.latitude31n.com\/fr\/wp-json\/wp\/v2\/comments?post=13493"}],"wp:featuredmedia":[{"embeddable":true,"href":"https:\/\/www.latitude31n.com\/fr\/wp-json\/wp\/v2\/media\/13499"}],"wp:attachment":[{"href":"https:\/\/www.latitude31n.com\/fr\/wp-json\/wp\/v2\/media?parent=13493"}],"wp:term":[{"taxonomy":"product_brand","embeddable":true,"href":"https:\/\/www.latitude31n.com\/fr\/wp-json\/wp\/v2\/product_brand?post=13493"},{"taxonomy":"product_cat","embeddable":true,"href":"https:\/\/www.latitude31n.com\/fr\/wp-json\/wp\/v2\/product_cat?post=13493"},{"taxonomy":"product_tag","embeddable":true,"href":"https:\/\/www.latitude31n.com\/fr\/wp-json\/wp\/v2\/product_tag?post=13493"}],"curies":[{"name":"wp","href":"https:\/\/api.w.org\/{rel}","templated":true}]}}