{"id":13469,"date":"2022-10-24T23:46:56","date_gmt":"2022-10-24T22:46:56","guid":{"rendered":"https:\/\/www.latitude31n.com\/?post_type=product&#038;p=13469"},"modified":"2024-11-12T15:43:45","modified_gmt":"2024-11-12T14:43:45","slug":"pouf-rond-osier","status":"publish","type":"product","link":"https:\/\/www.latitude31n.com\/fr\/assises-petit-mobilier\/bancs-tabourets\/pouf-rond-osier\/","title":{"rendered":"Pouf rond en osier"},"content":{"rendered":"<h2>Pouf en feuilles de palmier tress\u00e9es \u00e0 la main.<\/h2>\n<p>Ce joli pouf au design pure et doux vous sera tr\u00e8s utile en petite table, assise d&rsquo;appoint ou repose-pieds. Sur le mod\u00e8le des poufs marocains en cuir, il pr\u00e9sente une hauteur de 30cm et un diam\u00e8tre de 50cm, reprenant donc les mesures des poufs traditionnels. Vous aimerez son c\u00f4t\u00e9 pratique. Gr\u00e2ce \u00e0 sa poign\u00e9e ronde en corde, on le d\u00e9place tr\u00e8s facilement.<\/p>\n<h2>Il entre totalement dans la tendance boh\u00e8me et naturelle.<\/h2>\n<p>Notez qu&rsquo;il est <strong>livr\u00e9 vide<\/strong>. Vous pouvez le remplir de bourre, de mousse, de vieux v\u00eatements ou draps.<\/p>\n<p>Pourquoi je l&rsquo;aime :<\/p>\n<p><strong><em>Sa rondeur. Je le mixe avec des <a href=\"\/fr\/assises-petit-mobilier\/table-basse-ethnique-ancienne\/\" target=\"_blank\" rel=\"noopener\">petites tables vintage en bois patin\u00e9<\/a> et il apporte une texture naturelle qui s&rsquo;accorde parfaitement avec l&rsquo;ancien.<\/em><\/strong><\/p>\n<p>Ce si\u00e8ge est r\u00e9alis\u00e9 artisanalement, il peut pr\u00e9senter certaines imperfections qui sont la garantie de son authenticit\u00e9.<\/p>\n","protected":false},"excerpt":{"rendered":"<p>Repose-pied, petite table, ou si\u00e8ge d&rsquo;appoint, <strong>ce pouf rond tress\u00e9 en mati\u00e8res naturelles<\/strong> vous plaira gr\u00e2ce \u00e0 sa praticit\u00e9 et son design joliment doux.<\/p>\n","protected":false},"featured_media":13452,"comment_status":"open","ping_status":"closed","template":"","meta":[],"product_brand":[],"product_cat":[501,34,35],"product_tag":[81,462,300,79],"class_list":{"0":"post-13469","1":"product","2":"type-product","3":"status-publish","4":"has-post-thumbnail","6":"product_cat-bancs-tabourets","7":"product_cat-assises-petit-mobilier","8":"product_cat-coussins-de-sol","9":"product_tag-bambou","10":"product_tag-latitude-naturelle","11":"product_tag-paille","12":"product_tag-rotin","14":"first","15":"onbackorder","16":"taxable","17":"shipping-taxable","18":"purchasable","19":"product-type-simple"},"_links":{"self":[{"href":"https:\/\/www.latitude31n.com\/fr\/wp-json\/wp\/v2\/product\/13469","targetHints":{"allow":["GET"]}}],"collection":[{"href":"https:\/\/www.latitude31n.com\/fr\/wp-json\/wp\/v2\/product"}],"about":[{"href":"https:\/\/www.latitude31n.com\/fr\/wp-json\/wp\/v2\/types\/product"}],"replies":[{"embeddable":true,"href":"https:\/\/www.latitude31n.com\/fr\/wp-json\/wp\/v2\/comments?post=13469"}],"wp:featuredmedia":[{"embeddable":true,"href":"https:\/\/www.latitude31n.com\/fr\/wp-json\/wp\/v2\/media\/13452"}],"wp:attachment":[{"href":"https:\/\/www.latitude31n.com\/fr\/wp-json\/wp\/v2\/media?parent=13469"}],"wp:term":[{"taxonomy":"product_brand","embeddable":true,"href":"https:\/\/www.latitude31n.com\/fr\/wp-json\/wp\/v2\/product_brand?post=13469"},{"taxonomy":"product_cat","embeddable":true,"href":"https:\/\/www.latitude31n.com\/fr\/wp-json\/wp\/v2\/product_cat?post=13469"},{"taxonomy":"product_tag","embeddable":true,"href":"https:\/\/www.latitude31n.com\/fr\/wp-json\/wp\/v2\/product_tag?post=13469"}],"curies":[{"name":"wp","href":"https:\/\/api.w.org\/{rel}","templated":true}]}}