{"id":134,"date":"2021-05-28T09:19:48","date_gmt":"2021-05-28T08:19:48","guid":{"rendered":"https:\/\/www.latitude31n.com\/?post_type=product&#038;p=134"},"modified":"2025-10-30T19:39:10","modified_gmt":"2025-10-30T18:39:10","slug":"applique-murale-raphia","status":"publish","type":"product","link":"https:\/\/www.latitude31n.com\/fr\/luminaires\/applique-murale-raphia\/","title":{"rendered":"Applique en raphia naturel"},"content":{"rendered":"<h2><strong>Applique murale au look boh\u00e8me<br \/>\n<\/strong><\/h2>\n<p>D&rsquo;une simplicit\u00e9 styl\u00e9e, cette applique murale est tress\u00e9e de raphia naturel sur une armature en fer. Elle est r\u00e9alis\u00e9e \u00e0 la main par des femmes artisans au Maroc.<\/p>\n<h2>Applique tress\u00e9e marocaine<\/h2>\n<p>Simple et \u00e9l\u00e9gante, elle se fait discr\u00e8te la journ\u00e9e, et diffuse une tr\u00e8s belle lumi\u00e8re le soir.<\/p>\n<p>Retrouvez <a href=\"\/fr\/luminaires\/applique-coloree\/\" target=\"_blank\" rel=\"noopener\">la version multicolore<\/a>, la m\u00eame applique, m\u00eame forme et m\u00eame mat\u00e9riau, mais en raphia color\u00e9 dans notre boutique de d\u00e9co en ligne.<\/p>\n<p>Pourquoi je l&rsquo;aime :<\/p>\n<p><strong><em>Elle donne une lumi\u00e8re douce et naturelle.<\/em><\/strong><\/p>\n<p>Dimensions :<\/p>\n<p><strong>S<\/strong> : h25x20x12cm &#8212; <strong>M<\/strong> : h30x25x13cm<\/p>\n<p>Ce luminaire est artisanale et unique. Elle peut comporter certaines irr\u00e9gularit\u00e9s qui en font tout le charme et qui sont la garantie de son authenticit\u00e9.<\/p>\n<p>C\u00e2ble \u00e9lectrique non compris.<\/p>\n","protected":false},"excerpt":{"rendered":"<p>Nul doute que vous craquerez pour cette applique murale tress\u00e9e en raphia naturel. Sa forme simple en fait une ic\u00f4ne des appliques boh\u00e8me chic.<\/p>\n<p><strong>S<\/strong> : h25x20x12cm<\/p>\n<p><strong>M<\/strong> : h30x25x13cm<\/p>\n<p>Mati\u00e8res : raphia naturel, armature en m\u00e9tal<\/p>\n<p>&nbsp;<\/p>\n","protected":false},"featured_media":82,"comment_status":"open","ping_status":"closed","template":"","meta":[],"product_brand":[],"product_cat":[22],"product_tag":[461,899,80,300,79],"class_list":{"0":"post-134","1":"product","2":"type-product","3":"status-publish","4":"has-post-thumbnail","6":"product_cat-luminaires","7":"product_tag-latitude-lumineuse","8":"product_tag-no-us","9":"product_tag-osier","10":"product_tag-paille","11":"product_tag-rotin","13":"first","14":"instock","15":"taxable","16":"shipping-taxable","17":"purchasable","18":"product-type-variable"},"_links":{"self":[{"href":"https:\/\/www.latitude31n.com\/fr\/wp-json\/wp\/v2\/product\/134","targetHints":{"allow":["GET"]}}],"collection":[{"href":"https:\/\/www.latitude31n.com\/fr\/wp-json\/wp\/v2\/product"}],"about":[{"href":"https:\/\/www.latitude31n.com\/fr\/wp-json\/wp\/v2\/types\/product"}],"replies":[{"embeddable":true,"href":"https:\/\/www.latitude31n.com\/fr\/wp-json\/wp\/v2\/comments?post=134"}],"wp:featuredmedia":[{"embeddable":true,"href":"https:\/\/www.latitude31n.com\/fr\/wp-json\/wp\/v2\/media\/82"}],"wp:attachment":[{"href":"https:\/\/www.latitude31n.com\/fr\/wp-json\/wp\/v2\/media?parent=134"}],"wp:term":[{"taxonomy":"product_brand","embeddable":true,"href":"https:\/\/www.latitude31n.com\/fr\/wp-json\/wp\/v2\/product_brand?post=134"},{"taxonomy":"product_cat","embeddable":true,"href":"https:\/\/www.latitude31n.com\/fr\/wp-json\/wp\/v2\/product_cat?post=134"},{"taxonomy":"product_tag","embeddable":true,"href":"https:\/\/www.latitude31n.com\/fr\/wp-json\/wp\/v2\/product_tag?post=134"}],"curies":[{"name":"wp","href":"https:\/\/api.w.org\/{rel}","templated":true}]}}