{"id":133,"date":"2021-05-27T10:22:31","date_gmt":"2021-05-27T09:22:31","guid":{"rendered":"https:\/\/www.latitude31n.com\/?post_type=product&#038;p=133"},"modified":"2025-07-10T14:48:48","modified_gmt":"2025-07-10T13:48:48","slug":"petit-luminaire-tresse-cone","status":"publish","type":"product","link":"https:\/\/www.latitude31n.com\/fr\/luminaires\/petit-luminaire-tresse-cone\/","title":{"rendered":"Petit c\u00f4ne tress\u00e9"},"content":{"rendered":"<h2><strong>Suspension naturelle \u00e0 franges<\/strong><\/h2>\n<p>Nos artisans marocains fabriquent la plupart de nos suspensions boh\u00e8me et ethnique dans une mati\u00e8re v\u00e9g\u00e9tale locale appel\u00e9e <a href=\"\/fr\/doum-presentation-conseils-entretien\/\" target=\"_blank\" rel=\"noopener\"><em>doum<\/em><\/a>. Ce lustre tress\u00e9 \u00e0 la main souffle un vent exotique \u00e0 tendance farniente dans nos int\u00e9rieurs. Cette petite suspension boh\u00e8me s&rsquo;adapte \u00e0 tous les styles et apporte chaleur et authenticit\u00e9 \u00e0 toute d\u00e9coration.<\/p>\n<h2><strong>Une petite taille id\u00e9ale pour chevets, bar ou \u00eelot de cuisine<br \/>\n<\/strong><\/h2>\n<p>Du fait de sa petite taille, vous pouvez facilement prendre une paire ou une quantit\u00e9 plus importante pour cr\u00e9er une composition. La suspension naturelle est magnifique et saisissante lorsqu&rsquo;elles sont dispos\u00e9es les unes \u00e0 c\u00f4t\u00e9 des autres.<\/p>\n<p>Composez une guirlande de petites suspensions boh\u00e8me sur une terrasse estivale, un restaurant en bord de mer ou un h\u00f4tel ou un patio et vous donnerez une ambiance c\u00f4ti\u00e8re \u00e0 tout espace. En paire, le luminaire en paille se place de chaque c\u00f4t\u00e9 du lit en apportant une lumi\u00e8re douce et tamis\u00e9e, ainsi qu&rsquo;un charme authentique.<\/p>\n<p>Vous trouverez plus d&rsquo;id\u00e9es de d\u00e9co avec notre petite suspension boh\u00e8me dans notre article sur les <a href=\"\/fr\/idees-deco-artisanat\/\" target=\"_blank\" rel=\"noopener\">am\u00e9nagements d\u00e9co de nos clients<\/a>.<\/p>\n<p>Pourquoi je l&rsquo;aime :<\/p>\n<p><strong><em>J&rsquo;aime la mati\u00e8re, d&rsquo;apparence un peu brute, qui contraste joliment avec le c\u00f4t\u00e9 a\u00e9rien donn\u00e9 par les brins tombant tout autour.<\/em><\/strong><\/p>\n<p>Le m\u00eame mod\u00e8le existe aussi en <a href=\"\/fr\/luminaires\/petite-suspension-tressee-ajouree\/\">version c\u00f4ne suspendu ajour\u00e9<\/a>.<\/p>\n<p>Dimensions : <span class=\"ILfuVd\" lang=\"fr\"><span class=\"hgKElc\"><b>\u2300<\/b> 25\/30xh<\/span><\/span>25cm<\/p>\n<p>Cette suspension est artisanale et unique. Elle peut comporter certaines irr\u00e9gularit\u00e9s qui en font tout le charme. Il peut y avoir de l\u00e9g\u00e8res variations dans la forme, la dimension ou la couleur, selon la condition de la mati\u00e8re. La couleur est souvent verte quand la mati\u00e8re est jeune et devient de plus en plus jaune ou bronz\u00e9e, avec le temps et le soleil.<\/p>\n<p>C\u00e2ble \u00e9lectrique non compris.<br \/>\nUne anse est pr\u00e9vue pour l&rsquo;accrocher. Pour plus de conseils sur l&rsquo;installation, veuillez consulter notre <a href=\"\/fr\/installer-suspension-paille\/\" target=\"_blank\" rel=\"noopener\">article sur les diff\u00e9rentes m\u00e9thodes d&rsquo;accroche de nos suspensions<\/a>.<\/p>\n<p>Conseils<\/p>\n<p>* Pour acc\u00e9l\u00e9rer le jaunissement de la fibre, laisser la suspension au soleil pendant quelques jours.<br \/>\n* La plante m\u00e9diterran\u00e9enne utilis\u00e9e pour la confection de ces luminaires, le <a href=\"\/fr\/doum-presentation-conseils-entretien\/\" target=\"_blank\" rel=\"noopener\"><em>doum<\/em><\/a>, est mall\u00e9able. Si elle a \u00e9t\u00e9 pli\u00e9e pendant le transport et conserve la forme due au transport, la laisser quelques heures au sol le temps qu&rsquo;elle reprenne sa forme habituelle. Si ce n&rsquo;est pas le cas, vous pouvez l&rsquo;asperger l\u00e9g\u00e8rement et l&rsquo;aider avec des poids ou des gabarits.<\/p>\n<p>&nbsp;<\/p>\n","protected":false},"excerpt":{"rendered":"<p>Cr\u00e9ez une ambiance boh\u00e8me et chic avec cette petite suspension tress\u00e9e \u00e0 la main. Une petite taille id\u00e9ale pour lampe de chevet, bar, ou pour composition.<\/p>\n<p>Dimensions : env.25xh25 cm<br \/>\nEcologique : fibres de palmier <a href=\"\/fr\/doum-presentation-conseils-entretien\/\" target=\"_blank\" rel=\"noopener\"><em>doum<\/em><\/a><\/p>\n","protected":false},"featured_media":97,"comment_status":"open","ping_status":"closed","template":"","meta":[],"product_brand":[],"product_cat":[22,894],"product_tag":[83,360,88,84,85,461,308,307,80,82,79],"class_list":{"0":"post-133","1":"product","2":"type-product","3":"status-publish","4":"has-post-thumbnail","6":"product_cat-luminaires","7":"product_cat-suspension-paille","8":"product_tag-brins","9":"product_tag-chandelier","10":"product_tag-exotique","11":"product_tag-franges","12":"product_tag-lampe","13":"product_tag-latitude-lumineuse","14":"product_tag-maison-de-plage","15":"product_tag-maison-de-vacances","16":"product_tag-osier","17":"product_tag-raphia","18":"product_tag-rotin","20":"first","21":"instock","22":"taxable","23":"shipping-taxable","24":"purchasable","25":"product-type-simple"},"_links":{"self":[{"href":"https:\/\/www.latitude31n.com\/fr\/wp-json\/wp\/v2\/product\/133","targetHints":{"allow":["GET"]}}],"collection":[{"href":"https:\/\/www.latitude31n.com\/fr\/wp-json\/wp\/v2\/product"}],"about":[{"href":"https:\/\/www.latitude31n.com\/fr\/wp-json\/wp\/v2\/types\/product"}],"replies":[{"embeddable":true,"href":"https:\/\/www.latitude31n.com\/fr\/wp-json\/wp\/v2\/comments?post=133"}],"wp:featuredmedia":[{"embeddable":true,"href":"https:\/\/www.latitude31n.com\/fr\/wp-json\/wp\/v2\/media\/97"}],"wp:attachment":[{"href":"https:\/\/www.latitude31n.com\/fr\/wp-json\/wp\/v2\/media?parent=133"}],"wp:term":[{"taxonomy":"product_brand","embeddable":true,"href":"https:\/\/www.latitude31n.com\/fr\/wp-json\/wp\/v2\/product_brand?post=133"},{"taxonomy":"product_cat","embeddable":true,"href":"https:\/\/www.latitude31n.com\/fr\/wp-json\/wp\/v2\/product_cat?post=133"},{"taxonomy":"product_tag","embeddable":true,"href":"https:\/\/www.latitude31n.com\/fr\/wp-json\/wp\/v2\/product_tag?post=133"}],"curies":[{"name":"wp","href":"https:\/\/api.w.org\/{rel}","templated":true}]}}