{"id":13100,"date":"2022-09-21T14:10:50","date_gmt":"2022-09-21T13:10:50","guid":{"rendered":"https:\/\/www.latitude31n.com\/?post_type=product&#038;p=13100"},"modified":"2026-03-12T14:32:11","modified_gmt":"2026-03-12T13:32:11","slug":"sculpture-ane-paille","status":"publish","type":"product","link":"https:\/\/www.latitude31n.com\/fr\/deco-enfant\/sculpture-ane-paille\/","title":{"rendered":"Sculpture \u00e2ne en paille"},"content":{"rendered":"<h2>Statue \u00e2ne tress\u00e9 au Maroc<\/h2>\n<p>L&rsquo; \u00e2ne boh\u00e8me est tress\u00e9 en fibres v\u00e9g\u00e9tales <a href=\"\/fr\/doum-presentation-conseils-entretien\/\" target=\"_blank\" rel=\"noopener\"><em>doum<\/em><\/a> naturel par les artisans vanniers au Maroc. Avec sa taille imposante, il apportera une touche d&rsquo;originalit\u00e9 et un esprit boh\u00e8me \u00e0 votre int\u00e9rieur ou votre ext\u00e9rieur.<\/p>\n<p>Cette <strong>sculpture \u00e2ne<\/strong> de grande taille apporte une touche \u00e0 la fois amusante et boh\u00e8me \u00e0 votre espace. Sa mati\u00e8re naturelle et son look particulier, fruit d&rsquo;un tressage minutieux autour d&rsquo;une structure solide en bois et m\u00e9tal, en fait une pi\u00e8ce unique en son genre. Loin des objets standardis\u00e9s, elle affirme un style personnel et chaleureux.<\/p>\n<h2>Sculpture animali\u00e8re \u00e2ne, naturelle et d\u00e9corative<\/h2>\n<p>Cette sculpture d&rsquo;animal est un clin d&rsquo;\u0153il sympathique au monde de la ferme. Que vous soyez un enfant ou un amoureux des \u00e2nes, vous tomberez rapidement sous son charme Elle apporte une note d\u00e9cal\u00e9e dans un int\u00e9rieur moderne, mais se fond \u00e9galement tr\u00e8s naturellement dans une maison de campagne ou une \u00e9curie.<\/p>\n<h2>Et hop, l&rsquo;\u00e2ne devient porte-plantes !<\/h2>\n<p>En effet, cette <strong>sculpture \u00e2ne<\/strong> est \u00e9quip\u00e9e de deux petits paniers. Vous pouvez facilement y placer des plantes pour le transformer en un porte-plantes original, ajoutant ainsi une touche de verdure \u00e0 votre d\u00e9coration. Une mani\u00e8re simple et esth\u00e9tique de combiner l&rsquo;art et la nature.<\/p>\n<p>Et pour les amoureux des chevaux et les fans d&rsquo;\u00e9quitation, d\u00e9couvrez la <a href=\"\/fr\/decoration-maison\/objets-decoratifs\/sculpture-cheval-tressee\/\" target=\"_blank\" rel=\"noopener\">sculpture cheval<\/a> dans le m\u00eame esprit.<\/p>\n<p>Dimensions :<\/p>\n<p>S : environ 70x60xh70 cm<\/p>\n<p>M : environ 70\/80x65xh80\/90 cm<\/p>\n<p>L : environ 90x70xh105cm<\/p>\n<p>Comme tout produit artisanal, cette statue d&rsquo;animal peut comporter certaines imperfections qui sont la garantie de son authenticit\u00e9. Il peut y avoir de l\u00e9g\u00e8res variations dans la forme et le design selon l&rsquo;artisan qui l&rsquo;a con\u00e7u, tout comme dans la dimension ou la couleur, selon la condition de la mati\u00e8re.<\/p>\n<p>La couleur est souvent verte quand la mati\u00e8re est jeune et devient de plus en plus jaune ou bronz\u00e9e, avec le temps et le soleil. Pour acc\u00e9l\u00e9rer le jaunissement de la fibre, laisser la d\u00e9coration au soleil pendant quelques jours.<\/p>\n<p>Si vous voulez l&rsquo;utiliser en d\u00e9co ext\u00e9rieure, pr\u00e9f\u00e9rez une terrasse ou un patio couvert car il peut prendre une couleur gris\u00e9e s&rsquo;il est soumis aux intemp\u00e9ries.<\/p>\n<p>Consultez <a href=\"\/fr\/doum-presentation-conseils-entretien\/\" target=\"_blank\" rel=\"noopener\">notre article sur la mati\u00e8re doum<\/a> si vous d\u00e9sirez plus d&rsquo;informations et de conseils.<\/p>\n<h3><\/h3>\n<p>&nbsp;<\/p>\n","protected":false},"excerpt":{"rendered":"<p data-sourcepos=\"3:1-3:351\">A d\u00e9faut d&rsquo;avoir un v\u00e9ritable \u00e2ne \u00e0 la maison, notre <strong>sculpture \u00e2ne<\/strong> tress\u00e9e apportera un charme naturel. Sa taille est pens\u00e9e pour tous, se r\u00e9v\u00e9lant aussi amusante qu&rsquo;un cheval \u00e0 bascule pour les enfants et totalement irr\u00e9sistible pour les passionn\u00e9s d&rsquo;\u00e2nes.<\/p>\n<p data-sourcepos=\"3:1-3:351\">Impossible de r\u00e9sister \u00e0 son petit c\u00f4t\u00e9 mignon<\/p>\n<div id=\"model-response-message-contentr_97067f376c1cc676\" class=\"markdown markdown-main-panel stronger enable-updated-hr-color\" dir=\"ltr\">\n<ul data-sourcepos=\"5:1-10:47\">\n<li data-sourcepos=\"5:1-7:32\"><strong>Mat\u00e9riaux :<\/strong>\n<ul data-sourcepos=\"6:5-7:32\">\n<li data-sourcepos=\"6:5-6:28\">Fibre v\u00e9g\u00e9tale de doum<\/li>\n<li data-sourcepos=\"7:5-7:32\">Structure en bois et m\u00e9tal<\/li>\n<\/ul>\n<\/li>\n<li data-sourcepos=\"8:1-10:47\"><strong>Dimensions :<\/strong>\n<ul data-sourcepos=\"9:5-10:47\">\n<li data-sourcepos=\"9:5-9:76\">Disponible en 2 tailles (d\u00e9tails dans la description compl\u00e8te)<\/li>\n<li data-sourcepos=\"10:5-10:47\">Existe \u00e9galement en versions plus grandes (sur commande)<\/li>\n<\/ul>\n<\/li>\n<\/ul>\n<\/div>\n<div class=\"response-footer gap complete\"><\/div>\n","protected":false},"featured_media":13104,"comment_status":"open","ping_status":"closed","template":"","meta":[],"product_brand":[],"product_cat":[892,467,473],"product_tag":[110,108,177,181,460,462,899,80,180,82,79],"class_list":{"0":"post-13100","1":"product","2":"type-product","3":"status-publish","4":"has-post-thumbnail","6":"product_cat-deco-enfant","7":"product_cat-decoration-maison","8":"product_cat-objets-decoratifs","9":"product_tag-animaux","10":"product_tag-chambre-denfant","11":"product_tag-jardin","12":"product_tag-jouet","13":"product_tag-latitude-fun","14":"product_tag-latitude-naturelle","15":"product_tag-no-us","16":"product_tag-osier","17":"product_tag-palmier","18":"product_tag-raphia","19":"product_tag-rotin","21":"first","22":"instock","23":"taxable","24":"shipping-taxable","25":"purchasable","26":"product-type-variable"},"_links":{"self":[{"href":"https:\/\/www.latitude31n.com\/fr\/wp-json\/wp\/v2\/product\/13100","targetHints":{"allow":["GET"]}}],"collection":[{"href":"https:\/\/www.latitude31n.com\/fr\/wp-json\/wp\/v2\/product"}],"about":[{"href":"https:\/\/www.latitude31n.com\/fr\/wp-json\/wp\/v2\/types\/product"}],"replies":[{"embeddable":true,"href":"https:\/\/www.latitude31n.com\/fr\/wp-json\/wp\/v2\/comments?post=13100"}],"wp:featuredmedia":[{"embeddable":true,"href":"https:\/\/www.latitude31n.com\/fr\/wp-json\/wp\/v2\/media\/13104"}],"wp:attachment":[{"href":"https:\/\/www.latitude31n.com\/fr\/wp-json\/wp\/v2\/media?parent=13100"}],"wp:term":[{"taxonomy":"product_brand","embeddable":true,"href":"https:\/\/www.latitude31n.com\/fr\/wp-json\/wp\/v2\/product_brand?post=13100"},{"taxonomy":"product_cat","embeddable":true,"href":"https:\/\/www.latitude31n.com\/fr\/wp-json\/wp\/v2\/product_cat?post=13100"},{"taxonomy":"product_tag","embeddable":true,"href":"https:\/\/www.latitude31n.com\/fr\/wp-json\/wp\/v2\/product_tag?post=13100"}],"curies":[{"name":"wp","href":"https:\/\/api.w.org\/{rel}","templated":true}]}}