{"id":13070,"date":"2022-09-21T11:49:27","date_gmt":"2022-09-21T10:49:27","guid":{"rendered":"https:\/\/www.latitude31n.com\/?post_type=product&#038;p=13070"},"modified":"2025-04-14T15:25:38","modified_gmt":"2025-04-14T14:25:38","slug":"dessous-plat-colore","status":"publish","type":"product","link":"https:\/\/www.latitude31n.com\/fr\/arts-table\/dessous-plat-colore\/","title":{"rendered":"Dessous de plat color\u00e9"},"content":{"rendered":"<h2>Dessous de plat tress\u00e9 et brod\u00e9 au Maroc.<\/h2>\n<p>Ce <strong>sous plat rond<\/strong> est en osier recouvert de laine color\u00e9e. De forme ronde, le tressage est r\u00e9alis\u00e9 en spirale. La laine recouvre la mati\u00e8re pour former un motif rond central entour\u00e9 de symboles g\u00e9om\u00e9triques sur fond uni.<\/p>\n<p>Pourquoi je les aime :<\/p>\n<p><strong><em>Le dessous de plat berb\u00e8re aux accents color\u00e9s. J&rsquo;aime le design moderne et tr\u00e8s visuel. On peut tout aussi bien les utiliser pour poser les plats qu&rsquo;en tant que d\u00e9co murale.<\/em><\/strong><\/p>\n<p>Dimensions : 22cm de diam\u00e8tre<\/p>\n<p>Disponible les <a href=\"\/fr\/arts-table\/dessous-plat-osier\/\" target=\"_blank\" rel=\"noopener\">dessous de plat en osier au joli look vintage<\/a>.<\/p>\n<p>Ces sets de table sont r\u00e9alis\u00e9s artisanalement et peuvent comporter certaines imperfections qui garantissent leur authenticit\u00e9.<\/p>\n","protected":false},"excerpt":{"rendered":"<p>Le <strong>dessous de plat berb\u00e8re marocain<\/strong> : rond, en osier naturel recouvert de laine color\u00e9e pour cr\u00e9er des motifs graphiques et contemporains.<\/p>\n","protected":false},"featured_media":13076,"comment_status":"open","ping_status":"closed","template":"","meta":[],"product_brand":[],"product_cat":[27,23],"product_tag":[463],"class_list":{"0":"post-13070","1":"product","2":"type-product","3":"status-publish","4":"has-post-thumbnail","6":"product_cat-arts-table","7":"product_cat-decoration-murale","8":"product_tag-latitude-pop","10":"first","11":"instock","12":"taxable","13":"shipping-taxable","14":"purchasable","15":"product-type-variable"},"_links":{"self":[{"href":"https:\/\/www.latitude31n.com\/fr\/wp-json\/wp\/v2\/product\/13070","targetHints":{"allow":["GET"]}}],"collection":[{"href":"https:\/\/www.latitude31n.com\/fr\/wp-json\/wp\/v2\/product"}],"about":[{"href":"https:\/\/www.latitude31n.com\/fr\/wp-json\/wp\/v2\/types\/product"}],"replies":[{"embeddable":true,"href":"https:\/\/www.latitude31n.com\/fr\/wp-json\/wp\/v2\/comments?post=13070"}],"wp:featuredmedia":[{"embeddable":true,"href":"https:\/\/www.latitude31n.com\/fr\/wp-json\/wp\/v2\/media\/13076"}],"wp:attachment":[{"href":"https:\/\/www.latitude31n.com\/fr\/wp-json\/wp\/v2\/media?parent=13070"}],"wp:term":[{"taxonomy":"product_brand","embeddable":true,"href":"https:\/\/www.latitude31n.com\/fr\/wp-json\/wp\/v2\/product_brand?post=13070"},{"taxonomy":"product_cat","embeddable":true,"href":"https:\/\/www.latitude31n.com\/fr\/wp-json\/wp\/v2\/product_cat?post=13070"},{"taxonomy":"product_tag","embeddable":true,"href":"https:\/\/www.latitude31n.com\/fr\/wp-json\/wp\/v2\/product_tag?post=13070"}],"curies":[{"name":"wp","href":"https:\/\/api.w.org\/{rel}","templated":true}]}}