{"id":12167,"date":"2022-08-28T18:53:42","date_gmt":"2022-08-28T17:53:42","guid":{"rendered":"https:\/\/www.latitude31n.com\/?post_type=product&#038;p=12167"},"modified":"2024-07-09T11:44:47","modified_gmt":"2024-07-09T10:44:47","slug":"corbeille-osier-retro","status":"publish","type":"product","link":"https:\/\/www.latitude31n.com\/fr\/decoration-murale\/corbeilles\/corbeille-osier-retro\/","title":{"rendered":"Corbeille osier r\u00e9tro"},"content":{"rendered":"<h2><strong>Panier muraux ou corbeilles \u00e0 fruit.<\/strong><\/h2>\n<p>Ces corbeilles en osier tress\u00e9 s&rsquo;inspirent grandement des paniers marocains traditionnels, tout en lui insufflant une modernit\u00e9 par son minimalisme assum\u00e9. Elles apporteront une <strong>touche ethnique r\u00e9tro<\/strong> tout en s&rsquo;int\u00e9grant facilement dans nos int\u00e9rieurs contemporains.<\/p>\n<p>Au dessus du lit, en guise de d\u00e9coration murale, les corbeilles composeront une d\u00e9co boh\u00e8me et d\u00e9contract\u00e9e. En centre de table, telle un grand plat, elle aura un petit c\u00f4t\u00e9 old school et d\u00e9contract\u00e9.<\/p>\n<p>Pourquoi je les aime :<\/p>\n<p><strong><em>Leur petit look vintage. Comme j&rsquo;aime l&rsquo;\u00e9clectisme dans la d\u00e9co, je les associerais avec des pi\u00e8ces boh\u00e8me et modernes.<\/em><\/strong><\/p>\n<p>2 cat\u00e9gories de mod\u00e8les diff\u00e9rents. Les mod\u00e8les \u00ab\u00a0double \u00e9toile\u00a0\u00bb et \u00ab\u00a0carr\u00e9s\u00a0\u00bb sont plus souples et la mati\u00e8re plus claire. Les mod\u00e8les \u00ab\u00a0\u00e9toile\u00a0\u00bb et \u00ab\u00a0losange\u00a0\u00bb sont plus profonds et plus la technique de tressage les rend plus rigides. Malgr\u00e9 leurs diff\u00e9rences, ils se mixent tr\u00e8s bien ensembles.<\/p>\n<p>Dimensions : environ 45\/50 cm de diam\u00e8tre<\/p>\n<p>Ces corbeilles murales sont fabriqu\u00e9es \u00e0 la main. Elles peuvent comporter certaines imperfections qui garantissent leur authenticit\u00e9.<\/p>\n","protected":false},"excerpt":{"rendered":"<p>Ces <strong>jolies corbeilles au look vintage<\/strong> sont r\u00e9alis\u00e9es artisanalement au Maroc. En guise de d\u00e9coration murale ou sur votre table, elles apportent une<strong> touche ethnique et d\u00e9contract\u00e9e<\/strong>.<\/p>\n","protected":false},"featured_media":12154,"comment_status":"open","ping_status":"closed","template":"","meta":[],"product_brand":[],"product_cat":[474,23,28],"product_tag":[276,462,465],"class_list":{"0":"post-12167","1":"product","2":"type-product","3":"status-publish","4":"has-post-thumbnail","6":"product_cat-corbeilles","7":"product_cat-decoration-murale","8":"product_cat-paniers-rangements","9":"product_tag-art-mural","10":"product_tag-latitude-naturelle","11":"product_tag-latitude-vintage","13":"first","14":"instock","15":"taxable","16":"shipping-taxable","17":"purchasable","18":"product-type-variable"},"_links":{"self":[{"href":"https:\/\/www.latitude31n.com\/fr\/wp-json\/wp\/v2\/product\/12167","targetHints":{"allow":["GET"]}}],"collection":[{"href":"https:\/\/www.latitude31n.com\/fr\/wp-json\/wp\/v2\/product"}],"about":[{"href":"https:\/\/www.latitude31n.com\/fr\/wp-json\/wp\/v2\/types\/product"}],"replies":[{"embeddable":true,"href":"https:\/\/www.latitude31n.com\/fr\/wp-json\/wp\/v2\/comments?post=12167"}],"wp:featuredmedia":[{"embeddable":true,"href":"https:\/\/www.latitude31n.com\/fr\/wp-json\/wp\/v2\/media\/12154"}],"wp:attachment":[{"href":"https:\/\/www.latitude31n.com\/fr\/wp-json\/wp\/v2\/media?parent=12167"}],"wp:term":[{"taxonomy":"product_brand","embeddable":true,"href":"https:\/\/www.latitude31n.com\/fr\/wp-json\/wp\/v2\/product_brand?post=12167"},{"taxonomy":"product_cat","embeddable":true,"href":"https:\/\/www.latitude31n.com\/fr\/wp-json\/wp\/v2\/product_cat?post=12167"},{"taxonomy":"product_tag","embeddable":true,"href":"https:\/\/www.latitude31n.com\/fr\/wp-json\/wp\/v2\/product_tag?post=12167"}],"curies":[{"name":"wp","href":"https:\/\/api.w.org\/{rel}","templated":true}]}}