{"id":12107,"date":"2022-08-26T13:09:25","date_gmt":"2022-08-26T12:09:25","guid":{"rendered":"https:\/\/www.latitude31n.com\/?post_type=product&#038;p=12107"},"modified":"2025-07-10T14:45:17","modified_gmt":"2025-07-10T13:45:17","slug":"petite-suspension-ronde-ajouree","status":"publish","type":"product","link":"https:\/\/www.latitude31n.com\/fr\/luminaires\/petite-suspension-ronde-ajouree\/","title":{"rendered":"Petite suspension ronde ajour\u00e9e"},"content":{"rendered":"<h2>Jolie lampe suspendue au tressage ajour\u00e9.<\/h2>\n<p>Les artisans vanniers de Marrakech et d&rsquo;Essaouira tressent \u00e0 la main des abat-jours et lustres au look boh\u00e8me et ethnique chic en utilisant diverses mati\u00e8res naturelles tel le rotin, l&rsquo;osier, le raphia ou le bambou.<\/p>\n<h2><strong>Petite lampe de chevet \u00e0 suspendre<\/strong><\/h2>\n<p>Sa petite taille en fait un <strong>mod\u00e8le facile \u00e0 multiplier<\/strong>. Au-dessus d&rsquo;un bar ou d&rsquo;une table, dans un arbre pour le c\u00f4t\u00e9 f\u00e9\u00e9rique, sur une terrasse ou en lampes de chevet.\u00a0 Mais aussi, les petits luminaires au design ouvert permettent de cr\u00e9er une composition avec diff\u00e9rentes tailles et formes de suspensions dans le m\u00eame style boh\u00e8me chic.<\/p>\n<p>Pourquoi je l&rsquo;aime :<\/p>\n<p><strong><em>son look tr\u00e8s a\u00e9rien gr\u00e2ce \u00e0 son tressage tr\u00e8s large et sa frange l\u00e9g\u00e8re et d\u00e9sordonn\u00e9e.<\/em><\/strong><\/p>\n<p>Dimensions : h18cm, diam\u00e8tre 20cm. En feuilles de palmier <a href=\"\/fr\/doum-presentation-conseils-entretien\/\" target=\"_blank\" rel=\"noopener\"><em>doum<\/em><\/a>.<\/p>\n<p>Cette suspension est <strong>artisanale et unique<\/strong>. Il peut y avoir de l\u00e9g\u00e8res variations dans la forme, la dimension ou la couleur, selon la condition de la mati\u00e8re.<\/p>\n<p><strong>Petits conseils<\/strong><br \/>\n*\u00a0 vous pouvez laisser la suspension au soleil pendant quelques jours si la mati\u00e8re vous semble trop verte.<br \/>\n* La fibre d&rsquo;alfa, herbe m\u00e9diterran\u00e9enne utilis\u00e9e pour la confection de ces luminaires, est mall\u00e9able. Si elle a \u00e9t\u00e9 pli\u00e9e pendant le transport et conserve la forme due au transport, la laisser quelques heures au sol le temps qu&rsquo;elle reprenne sa forme habituelle.<\/p>\n<p>Pour plus de conseils concernant la paille <em>doum<\/em> et son entretien, consultez <a href=\"\/fr\/doum-presentation-conseils-entretien\/\" target=\"_blank\" rel=\"noopener\">notre article<\/a> sur le sujet.<\/p>\n<p>&nbsp;<\/p>\n<p>C\u00e2ble \u00e9lectrique non compris, il suffit de passer le fil dans l&rsquo;ouverture pr\u00e9vue \u00e0 cet effet. Pour l&rsquo;accrocher, j&rsquo;utilise une jolie ficelle de chanvre que je fixe au plafond et \u00e0 la poign\u00e9e de l&rsquo;abat-jour.<\/p>\n","protected":false},"excerpt":{"rendered":"<p>Lustre boh\u00e8me chic en fibres naturelles tress\u00e9es. Look a\u00e9rien gr\u00e2ce \u00e0 un tressage large et une longue frange l\u00e9g\u00e8re et d\u00e9sordonn\u00e9e.<\/p>\n","protected":false},"featured_media":12108,"comment_status":"open","ping_status":"closed","template":"","meta":[],"product_brand":[],"product_cat":[22,894],"product_tag":[350,461],"class_list":{"0":"post-12107","1":"product","2":"type-product","3":"status-publish","4":"has-post-thumbnail","6":"product_cat-luminaires","7":"product_cat-suspension-paille","8":"product_tag-lampe-panier","9":"product_tag-latitude-lumineuse","11":"first","12":"instock","13":"taxable","14":"shipping-taxable","15":"purchasable","16":"product-type-simple"},"_links":{"self":[{"href":"https:\/\/www.latitude31n.com\/fr\/wp-json\/wp\/v2\/product\/12107","targetHints":{"allow":["GET"]}}],"collection":[{"href":"https:\/\/www.latitude31n.com\/fr\/wp-json\/wp\/v2\/product"}],"about":[{"href":"https:\/\/www.latitude31n.com\/fr\/wp-json\/wp\/v2\/types\/product"}],"replies":[{"embeddable":true,"href":"https:\/\/www.latitude31n.com\/fr\/wp-json\/wp\/v2\/comments?post=12107"}],"wp:featuredmedia":[{"embeddable":true,"href":"https:\/\/www.latitude31n.com\/fr\/wp-json\/wp\/v2\/media\/12108"}],"wp:attachment":[{"href":"https:\/\/www.latitude31n.com\/fr\/wp-json\/wp\/v2\/media?parent=12107"}],"wp:term":[{"taxonomy":"product_brand","embeddable":true,"href":"https:\/\/www.latitude31n.com\/fr\/wp-json\/wp\/v2\/product_brand?post=12107"},{"taxonomy":"product_cat","embeddable":true,"href":"https:\/\/www.latitude31n.com\/fr\/wp-json\/wp\/v2\/product_cat?post=12107"},{"taxonomy":"product_tag","embeddable":true,"href":"https:\/\/www.latitude31n.com\/fr\/wp-json\/wp\/v2\/product_tag?post=12107"}],"curies":[{"name":"wp","href":"https:\/\/api.w.org\/{rel}","templated":true}]}}