{"id":12050,"date":"2022-08-24T17:18:55","date_gmt":"2022-08-24T16:18:55","guid":{"rendered":"https:\/\/www.latitude31n.com\/?post_type=product&#038;p=12050"},"modified":"2026-03-12T14:32:27","modified_gmt":"2026-03-12T13:32:27","slug":"bouilloire-doree","status":"publish","type":"product","link":"https:\/\/www.latitude31n.com\/fr\/arts-table\/bouilloire-doree\/","title":{"rendered":"Bouilloire dor\u00e9e"},"content":{"rendered":"<h2>Bouilloires en aluminium dor\u00e9.<\/h2>\n<p>Elles sont extr\u00eamement<strong> d\u00e9coratives<\/strong>, qu&rsquo;elles soient pr\u00e9sent\u00e9es seules ou \u00e0 plusieurs. Pour apporter un c\u00f4t\u00e9 maison de campagne \u00e0 votre cuisine.<\/p>\n<p>C&rsquo;est un ustensile populaire dans les couches de la population rurale du Maroc. Elles sont import\u00e9es car c&rsquo;est un mod\u00e8le peu on\u00e9reux. Le bec est ensuite consolid\u00e9 par une soudure \u00ab\u00a0faite maison\u00a0\u00bb.<\/p>\n<h3><strong>Nostalgique des bons petits plats de mamie?<\/strong><\/h3>\n<p>Les bouilloires cuivr\u00e9es vous transportent directement dans la cuisine de mamie. Elles sont tr\u00e8s l\u00e9g\u00e8res, sans comparaison avec les lourdes <strong>bouilloires de nos grand-m\u00e8res<\/strong>. Mais elles ont Le look ! On peut les utiliser pour chauffer l&rsquo;eau pour le th\u00e9 ou comme th\u00e9i\u00e8re. Ou juste pour les poser au-dessus d&rsquo;un meuble pour leur aspect d\u00e9coratif.<\/p>\n<p>Pourquoi je les aime :<\/p>\n<p><em><strong>\u00a0j&rsquo;adore leur look vintage, j&rsquo;ai l&rsquo;impression de revenir dans la cuisine de ma grand-m\u00e8re.<\/strong><br \/>\n<\/em><\/p>\n<p>Pour compl\u00e9ter le look r\u00e9tro, compl\u00e9tez avec nos <a href=\"\/fr\/arts-table\/dessous-plat-osier\/\" target=\"_blank\" rel=\"noopener\">dessous de plat en osier<\/a>.<\/p>\n<p>Existe en 3 tailles :<\/p>\n<p>S = 1L &#8212; M = 1.5L &#8212; L = 2L<\/p>\n","protected":false},"excerpt":{"rendered":"<p>Bouilloires en aluminium cuivr\u00e9. Particuli\u00e8rement d\u00e9coratives si vous voulez donner un esprit maison de campagne chic \u00e0 votre cuisine.<\/p>\n","protected":false},"featured_media":12051,"comment_status":"open","ping_status":"closed","template":"","meta":[],"product_brand":[],"product_cat":[27],"product_tag":[],"class_list":{"0":"post-12050","1":"product","2":"type-product","3":"status-publish","4":"has-post-thumbnail","6":"product_cat-arts-table","8":"first","9":"instock","10":"taxable","11":"shipping-taxable","12":"purchasable","13":"product-type-variable"},"_links":{"self":[{"href":"https:\/\/www.latitude31n.com\/fr\/wp-json\/wp\/v2\/product\/12050","targetHints":{"allow":["GET"]}}],"collection":[{"href":"https:\/\/www.latitude31n.com\/fr\/wp-json\/wp\/v2\/product"}],"about":[{"href":"https:\/\/www.latitude31n.com\/fr\/wp-json\/wp\/v2\/types\/product"}],"replies":[{"embeddable":true,"href":"https:\/\/www.latitude31n.com\/fr\/wp-json\/wp\/v2\/comments?post=12050"}],"wp:featuredmedia":[{"embeddable":true,"href":"https:\/\/www.latitude31n.com\/fr\/wp-json\/wp\/v2\/media\/12051"}],"wp:attachment":[{"href":"https:\/\/www.latitude31n.com\/fr\/wp-json\/wp\/v2\/media?parent=12050"}],"wp:term":[{"taxonomy":"product_brand","embeddable":true,"href":"https:\/\/www.latitude31n.com\/fr\/wp-json\/wp\/v2\/product_brand?post=12050"},{"taxonomy":"product_cat","embeddable":true,"href":"https:\/\/www.latitude31n.com\/fr\/wp-json\/wp\/v2\/product_cat?post=12050"},{"taxonomy":"product_tag","embeddable":true,"href":"https:\/\/www.latitude31n.com\/fr\/wp-json\/wp\/v2\/product_tag?post=12050"}],"curies":[{"name":"wp","href":"https:\/\/api.w.org\/{rel}","templated":true}]}}