{"id":12021,"date":"2022-08-24T13:34:11","date_gmt":"2022-08-24T12:34:11","guid":{"rendered":"https:\/\/www.latitude31n.com\/?post_type=product&#038;p=12021"},"modified":"2025-09-01T16:31:28","modified_gmt":"2025-09-01T15:31:28","slug":"sculpture-poisson-bozo","status":"publish","type":"product","link":"https:\/\/www.latitude31n.com\/fr\/decoration-maison\/objets-decoratifs\/sculpture-poisson-bozo\/","title":{"rendered":"Sculpture poisson Bozo"},"content":{"rendered":"<h2><strong>Art et Artisanat africain d&rsquo;hier et d&rsquo;aujourd&rsquo;hui<\/strong> :<\/h2>\n<p>les masques marionnettes \u00e0 l&rsquo;image de poissons sont sculpt\u00e9s par la tribu Bozo, peuple de p\u00eacheurs au Mali. Les statuettes poissons repr\u00e9sentent un hommage spirituel \u00e0 <em>Faro<\/em>, l&rsquo; esprit de l&rsquo;eau dans la tradition Bozo.<\/p>\n<p>Les sculptures de poissons bozo ont une valeur artistique et symbolique importante et sont utilis\u00e9es \u00e0 des fins d\u00e9coratives, culturelles, religieuses ou de collection. Au Mali, elles sont offertes comme cadeaux ou offrandes lors de c\u00e9l\u00e9brations ou de rituels religieux ou spirituels. En occident, les poissons sculpt\u00e9s et peints sont souvent consid\u00e9r\u00e9es comme des pi\u00e8ces d&rsquo;art en raison de leur beaut\u00e9 et de leur r\u00e9alisme. Ils peuvent ajouter une touche esth\u00e9tique \u00e0 n&rsquo;importe quel d\u00e9cor.<\/p>\n<h2><strong>Poissons color\u00e9s d\u00e9coratifs<\/strong><\/h2>\n<p>Les artisans artistes maliens les sculptent dans le bois, puis les \u00e9vident pour les utiliser en marionnette lors des festivit\u00e9s. Cette particularit\u00e9 nous permet de les pr\u00e9senter sur un socle ou de les poser sur un meuble ou une \u00e9tag\u00e8re. Ils sont ensuite <strong>peints de couleurs vives<\/strong>.<\/p>\n<p>Ils existent sous toutes les formes et couleurs, du poisson joufflu color\u00e9 au long et \u00e9l\u00e9gant poisson. Chaque poisson est diff\u00e9rent, car ce sont des <strong>r\u00e9alisations artistiques uniques<\/strong>. Nous proposons \u00e9galement des poissons africains anciens aux couleurs plus organiques.<\/p>\n<p>Dimensions :<\/p>\n<p>Les deux poissons bleus mesurent 40x13xh17cm.<\/p>\n<p>Le long poisson blanc mesure 103x18xh18 cm.<\/p>\n<p>Possibilit\u00e9 de les avoir sur socle. Merci de nous contacter.<\/p>\n<p>Ces poissons sculpt\u00e9s en bois sont r\u00e9alis\u00e9s \u00e0 la main. Ils peuvent pr\u00e9senter des imperfections qui sont la garantie de leur authenticit\u00e9.<\/p>\n<p>&nbsp;<\/p>\n","protected":false},"excerpt":{"rendered":"<p><strong>D\u00e9coration et art africain na\u00eff<\/strong> : poisson sculpt\u00e9 Bozo en bois peint de couleurs vives. D\u00e9co ethnique aux couleurs vibrantes de l&rsquo;Afrique.<\/p>\n","protected":false},"featured_media":12034,"comment_status":"open","ping_status":"closed","template":"","meta":[],"product_brand":[],"product_cat":[473,467],"product_tag":[459,463],"class_list":{"0":"post-12021","1":"product","2":"type-product","3":"status-publish","4":"has-post-thumbnail","6":"product_cat-objets-decoratifs","7":"product_cat-decoration-maison","8":"product_tag-latitude-ethnique","9":"product_tag-latitude-pop","11":"first","12":"instock","13":"taxable","14":"shipping-taxable","15":"purchasable","16":"product-type-variable"},"_links":{"self":[{"href":"https:\/\/www.latitude31n.com\/fr\/wp-json\/wp\/v2\/product\/12021","targetHints":{"allow":["GET"]}}],"collection":[{"href":"https:\/\/www.latitude31n.com\/fr\/wp-json\/wp\/v2\/product"}],"about":[{"href":"https:\/\/www.latitude31n.com\/fr\/wp-json\/wp\/v2\/types\/product"}],"replies":[{"embeddable":true,"href":"https:\/\/www.latitude31n.com\/fr\/wp-json\/wp\/v2\/comments?post=12021"}],"wp:featuredmedia":[{"embeddable":true,"href":"https:\/\/www.latitude31n.com\/fr\/wp-json\/wp\/v2\/media\/12034"}],"wp:attachment":[{"href":"https:\/\/www.latitude31n.com\/fr\/wp-json\/wp\/v2\/media?parent=12021"}],"wp:term":[{"taxonomy":"product_brand","embeddable":true,"href":"https:\/\/www.latitude31n.com\/fr\/wp-json\/wp\/v2\/product_brand?post=12021"},{"taxonomy":"product_cat","embeddable":true,"href":"https:\/\/www.latitude31n.com\/fr\/wp-json\/wp\/v2\/product_cat?post=12021"},{"taxonomy":"product_tag","embeddable":true,"href":"https:\/\/www.latitude31n.com\/fr\/wp-json\/wp\/v2\/product_tag?post=12021"}],"curies":[{"name":"wp","href":"https:\/\/api.w.org\/{rel}","templated":true}]}}