{"id":120,"date":"2021-05-28T09:19:48","date_gmt":"2021-05-28T08:19:48","guid":{"rendered":"https:\/\/www.latitude31n.com\/?post_type=product&#038;p=120"},"modified":"2026-01-19T16:00:34","modified_gmt":"2026-01-19T15:00:34","slug":"suspension-tressee-chapeau-avec-franges","status":"publish","type":"product","link":"https:\/\/www.latitude31n.com\/fr\/luminaires\/suspension-tressee-chapeau-avec-franges\/","title":{"rendered":"Suspension chapeau tress\u00e9e"},"content":{"rendered":"<h2 data-sourcepos=\"1:1-1:65\">Suspension tress\u00e9e chapeau : un luminaire boh\u00e8me et chaleureux<\/h2>\n<p>Notre suspension chapeau arbore une forme ronde et \u00e9l\u00e9gante surmont\u00e9e d&rsquo;une large bordure. Enti\u00e8rement tress\u00e9e \u00e0 la main par nos talentueux artisans, ce lustre nomade est une v\u00e9ritable invitation au voyage.<\/p>\n<h2 data-sourcepos=\"5:1-5:31\">Un design boh\u00e8me et exotique qui <strong>sent bon le soleil<\/strong><\/h2>\n<p>Ses longues franges retombant d\u00e9licatement tout autour diffuseront une lumi\u00e8re douce et tamis\u00e9e, cr\u00e9ant une ambiance chaleureuse et relaxante dans votre int\u00e9rieur. Parfaite pour un salon, une chambre \u00e0 coucher ou une v\u00e9randa, elle apportera une touche d&rsquo;originalit\u00e9 et de charme \u00e0 votre d\u00e9coration.<\/p>\n<h2>Conseils d\u00e9co avec les suspensions en paille<\/h2>\n<p>Pour un look boh\u00e8me affirm\u00e9<strong>,<\/strong> associez la suspension \u00e0 des \u00e9l\u00e9ments en macram\u00e9, en rotin ou en bambou. Si vous pr\u00e9f\u00e9rez un style plus moderne, associez-la \u00e0 des meubles aux lignes \u00e9pur\u00e9es et \u00e0 des couleurs neutres. Ce mod\u00e8le de luminaire, de fabrication artisanale, se marie \u00e0 diff\u00e9rents styles et apportent chaleur et nature \u00e0 tout espace.<br \/>\nPour d&rsquo;autres id\u00e9es de d\u00e9coration, consultez notre article sur <a href=\"\/fr\/10-idees-suspensions-paille\/\" target=\"_blank\" rel=\"noopener\">les suspensions en paille<\/a>.<\/p>\n<p>Pourquoi je l&rsquo;aime :<\/p>\n<p><em><strong>Elle me fait penser \u00e0 un sombrero, ce grand chapeau mexicain traditionnel.<\/strong><\/em><\/p>\n<p>Dimensions : env. 70 et 80 cm<\/p>\n<p>C\u00e2ble \u00e9lectrique non compris.<br \/>\nUne anse est pr\u00e9vue pour l&rsquo;accrocher. Pour plus de conseils sur l&rsquo;installation, veuillez consulter notre <a href=\"\/fr\/installer-suspension-paille\/\" target=\"_blank\" rel=\"noopener\">article sur les diff\u00e9rentes m\u00e9thodes d&rsquo;accroche de nos suspensions<\/a>.<\/p>\n<p>Confectionn\u00e9e en <em>doum<\/em>, une herbe m\u00e9diterran\u00e9enne r\u00e9sistante et \u00e9cologique, cette suspension est un choix durable et responsable. La fibre est naturellement biod\u00e9gradable et ne n\u00e9cessite aucun traitement chimique pour \u00eatre conserv\u00e9e. Sa couleur, d&rsquo;abord verte, se patine naturellement au soleil pour prendre des tons dor\u00e9s et chauds. Pour plus de renseignements et conseils sur la mati\u00e8re naturelle doum, consultez <a href=\"\/fr\/doum-presentation-conseils-entretien\/\">notre article sur le doum<\/a>.<\/p>\n<p data-sourcepos=\"15:1-15:118\">Facile \u00e0 installer et \u00e0 entretenir, cette suspension tress\u00e9e chapeau est un v\u00e9ritable atout pour votre d\u00e9coration.<\/p>\n","protected":false},"excerpt":{"rendered":"<p>Un petit bout de vacances s&rsquo;invite chez vous.<br \/>\nNotre suspension chapeau en paille tress\u00e9 illuminera votre int\u00e9rieur tout en apportant une touche boh\u00e8me et exotique \u00e0 votre d\u00e9co.<\/p>\n<p data-sourcepos=\"11:1-11:90\">Psst : elle est disponible en plusieurs tailles pour s&rsquo;adapter \u00e0 tous vos int\u00e9rieurs.<\/p>\n<ul>\n<li data-sourcepos=\"21:1-21:28\">Diam\u00e8tre : 60, 70 ou 80 cm<\/li>\n<li data-sourcepos=\"22:1-22:29\">C\u00e2ble \u00e9lectrique non inclus<\/li>\n<li data-sourcepos=\"24:1-25:0\">Mati\u00e8re : <em>doum<\/em><\/li>\n<li data-sourcepos=\"24:1-25:0\">Fabrication artisanale marocaine<\/li>\n<\/ul>\n","protected":false},"featured_media":92,"comment_status":"open","ping_status":"closed","template":"","meta":[],"product_brand":[],"product_cat":[22,894],"product_tag":[309,305,306,461,308,307,80,82,79],"class_list":{"0":"post-120","1":"product","2":"type-product","3":"status-publish","4":"has-post-thumbnail","6":"product_cat-luminaires","7":"product_cat-suspension-paille","8":"product_tag-bali","9":"product_tag-ibiza","10":"product_tag-iles","11":"product_tag-latitude-lumineuse","12":"product_tag-maison-de-plage","13":"product_tag-maison-de-vacances","14":"product_tag-osier","15":"product_tag-raphia","16":"product_tag-rotin","18":"first","19":"instock","20":"taxable","21":"shipping-taxable","22":"purchasable","23":"product-type-simple"},"_links":{"self":[{"href":"https:\/\/www.latitude31n.com\/fr\/wp-json\/wp\/v2\/product\/120","targetHints":{"allow":["GET"]}}],"collection":[{"href":"https:\/\/www.latitude31n.com\/fr\/wp-json\/wp\/v2\/product"}],"about":[{"href":"https:\/\/www.latitude31n.com\/fr\/wp-json\/wp\/v2\/types\/product"}],"replies":[{"embeddable":true,"href":"https:\/\/www.latitude31n.com\/fr\/wp-json\/wp\/v2\/comments?post=120"}],"wp:featuredmedia":[{"embeddable":true,"href":"https:\/\/www.latitude31n.com\/fr\/wp-json\/wp\/v2\/media\/92"}],"wp:attachment":[{"href":"https:\/\/www.latitude31n.com\/fr\/wp-json\/wp\/v2\/media?parent=120"}],"wp:term":[{"taxonomy":"product_brand","embeddable":true,"href":"https:\/\/www.latitude31n.com\/fr\/wp-json\/wp\/v2\/product_brand?post=120"},{"taxonomy":"product_cat","embeddable":true,"href":"https:\/\/www.latitude31n.com\/fr\/wp-json\/wp\/v2\/product_cat?post=120"},{"taxonomy":"product_tag","embeddable":true,"href":"https:\/\/www.latitude31n.com\/fr\/wp-json\/wp\/v2\/product_tag?post=120"}],"curies":[{"name":"wp","href":"https:\/\/api.w.org\/{rel}","templated":true}]}}