{"id":11991,"date":"2022-08-23T12:23:18","date_gmt":"2022-08-23T11:23:18","guid":{"rendered":"https:\/\/www.latitude31n.com\/?post_type=product&#038;p=11991"},"modified":"2025-04-11T11:20:09","modified_gmt":"2025-04-11T10:20:09","slug":"petits-paniers-corbeilles","status":"publish","type":"product","link":"https:\/\/www.latitude31n.com\/fr\/paniers-rangements\/teintes-naturelles\/petits-paniers-corbeilles\/","title":{"rendered":"Petits paniers et corbeilles"},"content":{"rendered":"<p>Au Maroc, on trouve un<strong> choix de folie au niveau des petits paniers ou des corbeilles<\/strong>.<\/p>\n<p>Tout un assortiment de paniers tress\u00e9s, de toutes les formes, de tous les styles, de toutes les teintes. L&rsquo;indispensable pour le rangement et l&rsquo;organisation.<\/p>\n<p>On n&rsquo;a jamais assez de contenants pour tout ranger \u00e0 la maison, que ce soit les petites babioles qui tra\u00eenent partout, les fruits, l\u00e9gumes ou \u00e9pices dans la cuisine, les produits cosm\u00e9tiques dans la salle de bain ou les petites pi\u00e8ces de jouets.<\/p>\n<p>Pourquoi je les aime :<\/p>\n<p><strong><em>C&rsquo;est tellement plus sympa de ranger ses affaires dans des paniers tress\u00e9s \u00e0 la main que dans des boites en plastique.<\/em><\/strong><\/p>\n<p>Dimensions et mod\u00e8les diff\u00e9rents.<\/p>\n<p>Les paniers et corbeilles sont enti\u00e8rement r\u00e9alis\u00e9s \u00e0 la main. Ils peuvent donc pr\u00e9senter certaines imperfections qui garantissent leur authenticit\u00e9.<\/p>\n","protected":false},"excerpt":{"rendered":"<p>Petits paniers en folie : plus on en a, mieux c&rsquo;est rang\u00e9! Corbeilles et paniers tress\u00e9s main au Maroc pour une maison boh\u00e8me et organis\u00e9e.<\/p>\n","protected":false},"featured_media":11992,"comment_status":"open","ping_status":"closed","template":"","meta":[],"product_brand":[],"product_cat":[634,28],"product_tag":[81,585,462,80,300,82,79],"class_list":{"0":"post-11991","1":"product","2":"type-product","3":"status-publish","4":"has-post-thumbnail","6":"product_cat-teintes-naturelles","7":"product_cat-paniers-rangements","8":"product_tag-bambou","9":"product_tag-jonc","10":"product_tag-latitude-naturelle","11":"product_tag-osier","12":"product_tag-paille","13":"product_tag-raphia","14":"product_tag-rotin","16":"first","17":"instock","18":"taxable","19":"shipping-taxable","20":"purchasable","21":"product-type-variable"},"_links":{"self":[{"href":"https:\/\/www.latitude31n.com\/fr\/wp-json\/wp\/v2\/product\/11991","targetHints":{"allow":["GET"]}}],"collection":[{"href":"https:\/\/www.latitude31n.com\/fr\/wp-json\/wp\/v2\/product"}],"about":[{"href":"https:\/\/www.latitude31n.com\/fr\/wp-json\/wp\/v2\/types\/product"}],"replies":[{"embeddable":true,"href":"https:\/\/www.latitude31n.com\/fr\/wp-json\/wp\/v2\/comments?post=11991"}],"wp:featuredmedia":[{"embeddable":true,"href":"https:\/\/www.latitude31n.com\/fr\/wp-json\/wp\/v2\/media\/11992"}],"wp:attachment":[{"href":"https:\/\/www.latitude31n.com\/fr\/wp-json\/wp\/v2\/media?parent=11991"}],"wp:term":[{"taxonomy":"product_brand","embeddable":true,"href":"https:\/\/www.latitude31n.com\/fr\/wp-json\/wp\/v2\/product_brand?post=11991"},{"taxonomy":"product_cat","embeddable":true,"href":"https:\/\/www.latitude31n.com\/fr\/wp-json\/wp\/v2\/product_cat?post=11991"},{"taxonomy":"product_tag","embeddable":true,"href":"https:\/\/www.latitude31n.com\/fr\/wp-json\/wp\/v2\/product_tag?post=11991"}],"curies":[{"name":"wp","href":"https:\/\/api.w.org\/{rel}","templated":true}]}}