{"id":11908,"date":"2022-08-18T23:46:11","date_gmt":"2022-08-18T22:46:11","guid":{"rendered":"https:\/\/www.latitude31n.com\/?post_type=product&#038;p=11908"},"modified":"2025-07-05T16:07:28","modified_gmt":"2025-07-05T15:07:28","slug":"petits-paniers-plantes","status":"publish","type":"product","link":"https:\/\/www.latitude31n.com\/fr\/paniers-rangements\/teintes-naturelles\/petits-paniers-plantes\/","title":{"rendered":"Petits paniers pour plantes"},"content":{"rendered":"<h2>Paniers marocains tress\u00e9s pour plantes, l\u00e9gumes, ou autre utilisation.<\/h2>\n<p>Ces paniers ronds en fibres naturelles claires sont terriblement versatiles. Ils s&rsquo;attachent partout avec leur longue lani\u00e8re ou se posent un peu partout. Sur votre terrasse en guise de cache-pots pour vos plantes, dans votre cuisine pour porter ustensiles de cuisine ou entreposer l\u00e9gumes ou fruits, dans la salle de bain pour disposer les serviettes invit\u00e9s, ou encore dans la chambre d&rsquo;enfant pour les petits jouets qui tra\u00eenent partout.<\/p>\n<h2>Petits paniers \u00e0 suspendre o\u00f9 vous voulez<\/h2>\n<p>Ce petits paniers marocains \u00e0 suspendre existent en plusieurs tailles et s&rsquo;adaptent \u00e0 vos besoins.<\/p>\n<p>Jetez aussi un \u0153il sur un autre style de <a href=\"\/fr\/paniers-rangements\/panier-africain-suspendre\/\" target=\"_blank\" rel=\"noopener\">panier \u00e0 suspendre<\/a>, plus color\u00e9, avec un petit couvercle, r\u00e9alis\u00e9 en Afrique sub-saharienne.<\/p>\n<p>Pourquoi je les aime :<\/p>\n<p><strong><em>Indispensable dans la maison pour le rangement, j&rsquo;aime leur forme et leur longue anse.<\/em><\/strong><\/p>\n<p>Existe en plusieurs dimensions :<\/p>\n<p>S : 15&#215;15 cm environ<\/p>\n<p>M : 20&#215;20 cm environ<\/p>\n<p>L : 30&#215;20 cm environ<\/p>\n<p>Le panier suspendu est un produit artisanal et peut comporter certaines imperfections qui garantissent son authenticit\u00e9.<\/p>\n","protected":false},"excerpt":{"rendered":"<p>Adoptez ces petits paniers tout simples, bruts et naturels, mais styl\u00e9s. Avec leur longue anse et leurs petites poign\u00e9es, ils s&rsquo;accrochent ou se posent partout.<\/p>\n","protected":false},"featured_media":11924,"comment_status":"open","ping_status":"closed","template":"","meta":[],"product_brand":[],"product_cat":[634,467,28,471],"product_tag":[462,464],"class_list":{"0":"post-11908","1":"product","2":"type-product","3":"status-publish","4":"has-post-thumbnail","6":"product_cat-teintes-naturelles","7":"product_cat-decoration-maison","8":"product_cat-paniers-rangements","9":"product_cat-vases-cache-pots","10":"product_tag-latitude-naturelle","11":"product_tag-latitude-soft","13":"first","14":"instock","15":"taxable","16":"shipping-taxable","17":"purchasable","18":"product-type-variable"},"_links":{"self":[{"href":"https:\/\/www.latitude31n.com\/fr\/wp-json\/wp\/v2\/product\/11908","targetHints":{"allow":["GET"]}}],"collection":[{"href":"https:\/\/www.latitude31n.com\/fr\/wp-json\/wp\/v2\/product"}],"about":[{"href":"https:\/\/www.latitude31n.com\/fr\/wp-json\/wp\/v2\/types\/product"}],"replies":[{"embeddable":true,"href":"https:\/\/www.latitude31n.com\/fr\/wp-json\/wp\/v2\/comments?post=11908"}],"wp:featuredmedia":[{"embeddable":true,"href":"https:\/\/www.latitude31n.com\/fr\/wp-json\/wp\/v2\/media\/11924"}],"wp:attachment":[{"href":"https:\/\/www.latitude31n.com\/fr\/wp-json\/wp\/v2\/media?parent=11908"}],"wp:term":[{"taxonomy":"product_brand","embeddable":true,"href":"https:\/\/www.latitude31n.com\/fr\/wp-json\/wp\/v2\/product_brand?post=11908"},{"taxonomy":"product_cat","embeddable":true,"href":"https:\/\/www.latitude31n.com\/fr\/wp-json\/wp\/v2\/product_cat?post=11908"},{"taxonomy":"product_tag","embeddable":true,"href":"https:\/\/www.latitude31n.com\/fr\/wp-json\/wp\/v2\/product_tag?post=11908"}],"curies":[{"name":"wp","href":"https:\/\/api.w.org\/{rel}","templated":true}]}}