{"id":11903,"date":"2022-08-18T16:32:12","date_gmt":"2022-08-18T15:32:12","guid":{"rendered":"https:\/\/www.latitude31n.com\/?post_type=product&#038;p=11903"},"modified":"2026-04-11T11:16:52","modified_gmt":"2026-04-11T10:16:52","slug":"trophee-animal-coeur","status":"publish","type":"product","link":"https:\/\/www.latitude31n.com\/fr\/trophees-tetes-animaux\/trophee-animal-coeur\/","title":{"rendered":"Troph\u00e9e animal coeur"},"content":{"rendered":"<p>T\u00eate d&rsquo;animal en paille <a href=\"\/fr\/doum-presentation-conseils-entretien\/\" target=\"_blank\" rel=\"noopener\"><em>doum<\/em><\/a> avec cornes en coeur.<\/p>\n<p>Les artisans vanniers du Maroc tressent ces t\u00eates d&rsquo;animaux en mati\u00e8res naturelles de palmier r\u00e9colt\u00e9es sur place. De leurs comp\u00e9tences et imagination se cr\u00e9ent de magnifiques objets de d\u00e9co murale.<\/p>\n<p>Il apportera une touche boh\u00e8me et naturelle \u00e0 votre int\u00e9rieur.<\/p>\n<p>Pourquoi je l&rsquo;aime :<\/p>\n<p><em><strong>Sans en \u00eatre s\u00fbre, je penche pour une brebis, mais c&rsquo;est surtout ses cornes en coeur que je trouve originales et touchantes.<\/strong><br \/>\n<\/em><\/p>\n<p>Dimensions : 37x24x13cm<\/p>\n<p>Le faux troph\u00e9e tress\u00e9 est fait main et peut contenir certaines imperfections qui garantissent son authenticit\u00e9.<\/p>\n","protected":false},"excerpt":{"rendered":"<p>T\u00eate d&rsquo;animal tress\u00e9e en fibres naturelles de palmier. Le troph\u00e9e est particuli\u00e8rement <strong>original et touchant avec ses cornes en forme de coeur<\/strong>.<\/p>\n","protected":false},"featured_media":11897,"comment_status":"open","ping_status":"closed","template":"","meta":[],"product_brand":[],"product_cat":[24,598],"product_tag":[409,650,205,651,585,80,82,79],"class_list":{"0":"post-11903","1":"product","2":"type-product","3":"status-publish","4":"has-post-thumbnail","6":"product_cat-trophees-tetes-animaux","7":"product_cat-soldes","8":"product_tag-art-taxidermiste","9":"product_tag-corde","10":"product_tag-faux-taxidermie","11":"product_tag-feuilles-de-palmier","12":"product_tag-jonc","13":"product_tag-osier","14":"product_tag-raphia","15":"product_tag-rotin","17":"first","18":"instock","19":"sale","20":"taxable","21":"shipping-taxable","22":"purchasable","23":"product-type-simple"},"_links":{"self":[{"href":"https:\/\/www.latitude31n.com\/fr\/wp-json\/wp\/v2\/product\/11903","targetHints":{"allow":["GET"]}}],"collection":[{"href":"https:\/\/www.latitude31n.com\/fr\/wp-json\/wp\/v2\/product"}],"about":[{"href":"https:\/\/www.latitude31n.com\/fr\/wp-json\/wp\/v2\/types\/product"}],"replies":[{"embeddable":true,"href":"https:\/\/www.latitude31n.com\/fr\/wp-json\/wp\/v2\/comments?post=11903"}],"wp:featuredmedia":[{"embeddable":true,"href":"https:\/\/www.latitude31n.com\/fr\/wp-json\/wp\/v2\/media\/11897"}],"wp:attachment":[{"href":"https:\/\/www.latitude31n.com\/fr\/wp-json\/wp\/v2\/media?parent=11903"}],"wp:term":[{"taxonomy":"product_brand","embeddable":true,"href":"https:\/\/www.latitude31n.com\/fr\/wp-json\/wp\/v2\/product_brand?post=11903"},{"taxonomy":"product_cat","embeddable":true,"href":"https:\/\/www.latitude31n.com\/fr\/wp-json\/wp\/v2\/product_cat?post=11903"},{"taxonomy":"product_tag","embeddable":true,"href":"https:\/\/www.latitude31n.com\/fr\/wp-json\/wp\/v2\/product_tag?post=11903"}],"curies":[{"name":"wp","href":"https:\/\/api.w.org\/{rel}","templated":true}]}}