{"id":11894,"date":"2022-08-18T12:53:28","date_gmt":"2022-08-18T11:53:28","guid":{"rendered":"https:\/\/www.latitude31n.com\/?post_type=product&#038;p=11894"},"modified":"2026-02-14T14:19:58","modified_gmt":"2026-02-14T13:19:58","slug":"eventails-africains-orange","status":"publish","type":"product","link":"https:\/\/www.latitude31n.com\/fr\/decoration-maison\/objets-decoratifs\/eventails-africains-orange\/","title":{"rendered":"Eventails tress\u00e9s africains"},"content":{"rendered":"<h2 data-start=\"535\" data-end=\"601\">Trio d&rsquo;\u00e9ventails africains Bolga \u2013 d\u00e9co murale artisanale du Ghana<\/h2>\n<p class=\"whitespace-normal break-words\">Un trio d&rsquo;\u00e9ventails Bolga soigneusement choisi pour cr\u00e9er une composition murale vibrante. Les couleurs se r\u00e9pondent et offrent un jeu de motifs color\u00e9s puissant.<\/p>\n<p class=\"whitespace-normal break-words\">Ces <strong>magnifiques \u00e9ventails au charme ethnique<\/strong> sont r\u00e9alis\u00e9s artisanalement au Ghana selon des techniques ancestrales. Le tressage d\u00e9licat se fait \u00e0 base \u00ab\u00a0d&rsquo;herbe \u00e0 \u00e9l\u00e9phant\u00a0\u00bb, cette herbe r\u00e9sistante qui permet aux artisans de cr\u00e9er des motifs g\u00e9om\u00e9triques fascinants. Les manches en cuir tress\u00e9 compl\u00e8tent parfaitement l&rsquo;ensemble.<\/p>\n<h2 data-start=\"1952\" data-end=\"2011\">L\u2019artisanat africain pour donner du peps \u00e0 votre int\u00e9rieur<\/h2>\n<p class=\"whitespace-normal break-words\">L&rsquo;art de ces \u00e9ventails r\u00e9side dans leur capacit\u00e9 \u00e0 transformer un mur en v\u00e9ritable galerie d&rsquo;art africain. Vous pouvez les disposer en trio sur votre mur principal, les int\u00e9grer dans une composition plus large, ou m\u00eame les poser d\u00e9licatement sur une \u00e9tag\u00e8re ou dans une niche. Certains de mes clients les ont fait encadrer pour cr\u00e9er une \u0153uvre d&rsquo;art unique.<\/p>\n<p>Parfait pour r\u00e9chauffer un mur un peu sage ou dynamiser une d\u00e9co boh\u00e8me, ethnique, voire contemporaine (oui, \u00e7a marche aussi dans un int\u00e9rieur minimaliste, pos\u00e9 comme un accent graphique inattendu).<\/p>\n<p>Leur authenticit\u00e9 se ressent au toucher, dans les petits d\u00e9tails irr\u00e9guliers, les courbes libres, les couleurs vives (un peu comme l&rsquo;Afrique!)<\/p>\n<p>Dimensions : environ 45\/50 cm sur 25\/30 cm<\/p>\n<p>Ces \u00e9ventails sont fabriqu\u00e9s main et peuvent comporter certaines imperfections qui sont la garantie de leur authenticit\u00e9. Ils sont tous uniques et donc diff\u00e9rents, n\u00e9s de l&rsquo;imaginaire de leur cr\u00e9ateur-trice.<\/p>\n","protected":false},"excerpt":{"rendered":"<p>Lot de 3 <strong>\u00e9ventails Bolga<\/strong> dans des teintes vibrantes pour une d\u00e9co ethnique harmonieuse et contrast\u00e9e. Ces pi\u00e8ces d&rsquo;artisanat ghan\u00e9en transforment votre mur en galerie d&rsquo;art africain authentique.<\/p>\n<ul>\n<li class=\"whitespace-normal break-words\">Mat\u00e9riaux : Herbe \u00e0 \u00e9l\u00e9phant tress\u00e9e, manche en cuir tress\u00e9<\/li>\n<li class=\"whitespace-normal break-words\">Dimensions : Environ 45\/50 cm sur 25\/30 cm<\/li>\n<li class=\"whitespace-normal break-words\">Origine : Fabriqu\u00e9s artisanalement au Ghana<\/li>\n<\/ul>\n","protected":false},"featured_media":35327,"comment_status":"open","ping_status":"closed","template":"","meta":[],"product_brand":[],"product_cat":[473,23,467],"product_tag":[459,463],"class_list":{"0":"post-11894","1":"product","2":"type-product","3":"status-publish","4":"has-post-thumbnail","6":"product_cat-objets-decoratifs","7":"product_cat-decoration-murale","8":"product_cat-decoration-maison","9":"product_tag-latitude-ethnique","10":"product_tag-latitude-pop","12":"first","13":"outofstock","14":"taxable","15":"shipping-taxable","16":"purchasable","17":"product-type-simple"},"_links":{"self":[{"href":"https:\/\/www.latitude31n.com\/fr\/wp-json\/wp\/v2\/product\/11894","targetHints":{"allow":["GET"]}}],"collection":[{"href":"https:\/\/www.latitude31n.com\/fr\/wp-json\/wp\/v2\/product"}],"about":[{"href":"https:\/\/www.latitude31n.com\/fr\/wp-json\/wp\/v2\/types\/product"}],"replies":[{"embeddable":true,"href":"https:\/\/www.latitude31n.com\/fr\/wp-json\/wp\/v2\/comments?post=11894"}],"wp:featuredmedia":[{"embeddable":true,"href":"https:\/\/www.latitude31n.com\/fr\/wp-json\/wp\/v2\/media\/35327"}],"wp:attachment":[{"href":"https:\/\/www.latitude31n.com\/fr\/wp-json\/wp\/v2\/media?parent=11894"}],"wp:term":[{"taxonomy":"product_brand","embeddable":true,"href":"https:\/\/www.latitude31n.com\/fr\/wp-json\/wp\/v2\/product_brand?post=11894"},{"taxonomy":"product_cat","embeddable":true,"href":"https:\/\/www.latitude31n.com\/fr\/wp-json\/wp\/v2\/product_cat?post=11894"},{"taxonomy":"product_tag","embeddable":true,"href":"https:\/\/www.latitude31n.com\/fr\/wp-json\/wp\/v2\/product_tag?post=11894"}],"curies":[{"name":"wp","href":"https:\/\/api.w.org\/{rel}","templated":true}]}}