{"id":11765,"date":"2022-07-01T12:44:44","date_gmt":"2022-07-01T11:44:44","guid":{"rendered":"https:\/\/www.latitude31n.com\/?post_type=product&#038;p=11765"},"modified":"2025-11-15T18:25:44","modified_gmt":"2025-11-15T17:25:44","slug":"dessous-plat-osier","status":"publish","type":"product","link":"https:\/\/www.latitude31n.com\/fr\/arts-table\/dessous-plat-osier\/","title":{"rendered":"Dessous de plat en osier"},"content":{"rendered":"<h2>Dessous de plat tress\u00e9 au Maroc.<\/h2>\n<p>Ce <strong>sous plat rond<\/strong> est la version traditionnelle marocaine, tress\u00e9e par les artisans vanniers. De forme ronde, le tressage est r\u00e9alis\u00e9 en spirale, le fond en osier naturel s&rsquo;agr\u00e9mente de motifs g\u00e9om\u00e9triques en osier color\u00e9 (vert, mauve, orange).<\/p>\n<p>Pourquoi je les aime :<\/p>\n<p><strong><em>Joli petit look r\u00e9tro, \u00e0 utiliser tous les jours.<br \/>\n<\/em><\/strong><\/p>\n<p>Vous pouvez soit m&rsquo;envoyer un message pour pouvoir choisir celui que vous voulez, soit vous laisser la surprise de d\u00e9couvrir le mod\u00e8le lorsque vous ouvrirez votre paquet \ud83d\ude42<\/p>\n<p>Dimensions : 22cm de diam\u00e8tre<\/p>\n<p>Ces sets de table sont r\u00e9alis\u00e9s artisanalement et peuvent comporter certaines imperfections qui garantissent leur authenticit\u00e9.<\/p>\n","protected":false},"excerpt":{"rendered":"<p>Le dessous de plat traditionnel marocain : rond, en osier naturel agr\u00e9ment\u00e9 de motifs g\u00e9om\u00e9triques en osier color\u00e9. <strong>Look vintage ethnique<\/strong>.<\/p>\n","protected":false},"featured_media":11778,"comment_status":"open","ping_status":"closed","template":"","meta":[],"product_brand":[],"product_cat":[27],"product_tag":[462],"class_list":{"0":"post-11765","1":"product","2":"type-product","3":"status-publish","4":"has-post-thumbnail","6":"product_cat-arts-table","7":"product_tag-latitude-naturelle","9":"first","10":"outofstock","11":"taxable","12":"shipping-taxable","13":"purchasable","14":"product-type-simple"},"_links":{"self":[{"href":"https:\/\/www.latitude31n.com\/fr\/wp-json\/wp\/v2\/product\/11765","targetHints":{"allow":["GET"]}}],"collection":[{"href":"https:\/\/www.latitude31n.com\/fr\/wp-json\/wp\/v2\/product"}],"about":[{"href":"https:\/\/www.latitude31n.com\/fr\/wp-json\/wp\/v2\/types\/product"}],"replies":[{"embeddable":true,"href":"https:\/\/www.latitude31n.com\/fr\/wp-json\/wp\/v2\/comments?post=11765"}],"wp:featuredmedia":[{"embeddable":true,"href":"https:\/\/www.latitude31n.com\/fr\/wp-json\/wp\/v2\/media\/11778"}],"wp:attachment":[{"href":"https:\/\/www.latitude31n.com\/fr\/wp-json\/wp\/v2\/media?parent=11765"}],"wp:term":[{"taxonomy":"product_brand","embeddable":true,"href":"https:\/\/www.latitude31n.com\/fr\/wp-json\/wp\/v2\/product_brand?post=11765"},{"taxonomy":"product_cat","embeddable":true,"href":"https:\/\/www.latitude31n.com\/fr\/wp-json\/wp\/v2\/product_cat?post=11765"},{"taxonomy":"product_tag","embeddable":true,"href":"https:\/\/www.latitude31n.com\/fr\/wp-json\/wp\/v2\/product_tag?post=11765"}],"curies":[{"name":"wp","href":"https:\/\/api.w.org\/{rel}","templated":true}]}}