{"id":11735,"date":"2022-06-30T14:38:20","date_gmt":"2022-06-30T13:38:20","guid":{"rendered":"https:\/\/www.latitude31n.com\/?post_type=product&#038;p=11735"},"modified":"2025-06-13T14:44:30","modified_gmt":"2025-06-13T13:44:30","slug":"panier-colore-plastique-tresse","status":"publish","type":"product","link":"https:\/\/www.latitude31n.com\/fr\/paniers-rangements\/motifs-colores\/panier-colore-plastique-tresse\/","title":{"rendered":"Panier africain en plastique tress\u00e9"},"content":{"rendered":"<p>Cabas tress\u00e9s en plastique recycl\u00e9 dans des teintes de vert.<\/p>\n<p>Ces grands paniers color\u00e9s, tress\u00e9s \u00e0 la main au Maroc, sont <strong>solides et r\u00e9sistants<\/strong>. Facile \u00e0 nettoyer, leur praticit\u00e9 en font des sacs id\u00e9aux pour la plage ou le rangement. Dans une cuisine pour entreposer l\u00e9gumes et fruits, dans une chambre d&rsquo;enfant pour les jouets.<\/p>\n<p>Le cabas se porte aussi en ville, gr\u00e2ce \u00e0 son <strong>look fun et color\u00e9<\/strong>.<\/p>\n<p>Pourquoi je l&rsquo;aime :<\/p>\n<p><strong><em>Les couleurs sont joyeuses, la mati\u00e8re est rigolote.<\/em><\/strong><\/p>\n<p>Dimensions : environ 55\/60 de long sur 35\/40 cm de haut<\/p>\n<p>Comme tout produit artisanal, ces pani\u00e8res peuvent comporter certaines imperfections qui sont la garantie de leur authenticit\u00e9.<\/p>\n","protected":false},"excerpt":{"rendered":"<p>Ces <strong>grands paniers color\u00e9s sont r\u00e9sistants et faciles \u00e0 nettoyer<\/strong> : sac de plage ou de shopping, ou encore rangement fun pour jouets ou cuisine, vous lui trouverez facilement une utilisation.<\/p>\n","protected":false},"featured_media":11744,"comment_status":"open","ping_status":"closed","template":"","meta":[],"product_brand":[],"product_cat":[635,468,28,470],"product_tag":[463,600],"class_list":{"0":"post-11735","1":"product","2":"type-product","3":"status-publish","4":"has-post-thumbnail","6":"product_cat-motifs-colores","7":"product_cat-mode-et-accessoires","8":"product_cat-paniers-rangements","9":"product_cat-sacs-paniers","10":"product_tag-latitude-pop","11":"product_tag-lavable","13":"first","14":"instock","15":"taxable","16":"shipping-taxable","17":"purchasable","18":"product-type-variable"},"_links":{"self":[{"href":"https:\/\/www.latitude31n.com\/fr\/wp-json\/wp\/v2\/product\/11735","targetHints":{"allow":["GET"]}}],"collection":[{"href":"https:\/\/www.latitude31n.com\/fr\/wp-json\/wp\/v2\/product"}],"about":[{"href":"https:\/\/www.latitude31n.com\/fr\/wp-json\/wp\/v2\/types\/product"}],"replies":[{"embeddable":true,"href":"https:\/\/www.latitude31n.com\/fr\/wp-json\/wp\/v2\/comments?post=11735"}],"wp:featuredmedia":[{"embeddable":true,"href":"https:\/\/www.latitude31n.com\/fr\/wp-json\/wp\/v2\/media\/11744"}],"wp:attachment":[{"href":"https:\/\/www.latitude31n.com\/fr\/wp-json\/wp\/v2\/media?parent=11735"}],"wp:term":[{"taxonomy":"product_brand","embeddable":true,"href":"https:\/\/www.latitude31n.com\/fr\/wp-json\/wp\/v2\/product_brand?post=11735"},{"taxonomy":"product_cat","embeddable":true,"href":"https:\/\/www.latitude31n.com\/fr\/wp-json\/wp\/v2\/product_cat?post=11735"},{"taxonomy":"product_tag","embeddable":true,"href":"https:\/\/www.latitude31n.com\/fr\/wp-json\/wp\/v2\/product_tag?post=11735"}],"curies":[{"name":"wp","href":"https:\/\/api.w.org\/{rel}","templated":true}]}}