{"id":11722,"date":"2022-06-27T12:21:49","date_gmt":"2022-06-27T11:21:49","guid":{"rendered":"https:\/\/www.latitude31n.com\/?post_type=product&#038;p=11722"},"modified":"2026-01-19T15:42:14","modified_gmt":"2026-01-19T14:42:14","slug":"panier-dentelle","status":"publish","type":"product","link":"https:\/\/www.latitude31n.com\/fr\/mode-et-accessoires\/sacs-paniers\/panier-dentelle\/","title":{"rendered":"Panier dentelle"},"content":{"rendered":"<h2><strong>Panier marocain en corde de palmier crochet\u00e9<\/strong><\/h2>\n<p>Le panier en osier est l&rsquo;accessoire mode de l&rsquo;\u00e9t\u00e9. Qu&rsquo;on l&rsquo;utilise en ville, \u00e0 la plage, le panier marocain nous accompagne dans toutes nos balades estivales.<\/p>\n<h2>Sac panier en paille pour toutes les occasions<\/h2>\n<p>En shopping ou au march\u00e9, le panier en paille tress\u00e9 vous sera rapidement indispensable. Il apporte une touche boh\u00e8me \u00e0 une robe longue fleurie. Ou donnera un look naturel associ\u00e9 \u00e0 un jean et un chemisier.<\/p>\n<p><strong>Son petit plus : la dentelle pour le c\u00f4t\u00e9 romantique<\/strong><\/p>\n<p>Panier en grosses mailles de corde de palmier r\u00e9alis\u00e9es au crochet par les femmes berb\u00e8res au Maroc. Pur esprit d&rsquo;artisanat marocain moderne et tendance.<\/p>\n<p>Dimensions : 43x25xh25 cm<\/p>\n<p>Ce panier de paille est r\u00e9alis\u00e9 de mani\u00e8re artisanale. Il peut comporter certaines imperfections qui sont la garantie de son authenticit\u00e9.<\/p>\n","protected":false},"excerpt":{"rendered":"<p>Accessoire mode de l&rsquo;\u00e9t\u00e9, l<strong>e panier marocain en version romantico-moderne<\/strong> vous deviendra vite indispensable. R\u00e9alis\u00e9 artisanalement.<\/p>\n","protected":false},"featured_media":11715,"comment_status":"open","ping_status":"closed","template":"","meta":[],"product_brand":[],"product_cat":[470,468,598],"product_tag":[],"class_list":{"0":"post-11722","1":"product","2":"type-product","3":"status-publish","4":"has-post-thumbnail","6":"product_cat-sacs-paniers","7":"product_cat-mode-et-accessoires","8":"product_cat-soldes","10":"first","11":"instock","12":"sale","13":"taxable","14":"shipping-taxable","15":"purchasable","16":"product-type-simple"},"_links":{"self":[{"href":"https:\/\/www.latitude31n.com\/fr\/wp-json\/wp\/v2\/product\/11722","targetHints":{"allow":["GET"]}}],"collection":[{"href":"https:\/\/www.latitude31n.com\/fr\/wp-json\/wp\/v2\/product"}],"about":[{"href":"https:\/\/www.latitude31n.com\/fr\/wp-json\/wp\/v2\/types\/product"}],"replies":[{"embeddable":true,"href":"https:\/\/www.latitude31n.com\/fr\/wp-json\/wp\/v2\/comments?post=11722"}],"wp:featuredmedia":[{"embeddable":true,"href":"https:\/\/www.latitude31n.com\/fr\/wp-json\/wp\/v2\/media\/11715"}],"wp:attachment":[{"href":"https:\/\/www.latitude31n.com\/fr\/wp-json\/wp\/v2\/media?parent=11722"}],"wp:term":[{"taxonomy":"product_brand","embeddable":true,"href":"https:\/\/www.latitude31n.com\/fr\/wp-json\/wp\/v2\/product_brand?post=11722"},{"taxonomy":"product_cat","embeddable":true,"href":"https:\/\/www.latitude31n.com\/fr\/wp-json\/wp\/v2\/product_cat?post=11722"},{"taxonomy":"product_tag","embeddable":true,"href":"https:\/\/www.latitude31n.com\/fr\/wp-json\/wp\/v2\/product_tag?post=11722"}],"curies":[{"name":"wp","href":"https:\/\/api.w.org\/{rel}","templated":true}]}}