{"id":11693,"date":"2022-06-24T15:58:48","date_gmt":"2022-06-24T14:58:48","guid":{"rendered":"https:\/\/www.latitude31n.com\/?post_type=product&#038;p=11693"},"modified":"2025-10-31T18:20:44","modified_gmt":"2025-10-31T17:20:44","slug":"corbeille-murale-berbere-xl","status":"publish","type":"product","link":"https:\/\/www.latitude31n.com\/fr\/decoration-murale\/corbeilles\/corbeille-murale-berbere-xl\/","title":{"rendered":"Corbeille murale XL"},"content":{"rendered":"<p>Cette <strong>corbeille d\u00e9corative de grande taille (70cm)<\/strong> peut servir de vide-poche ou de corbeille \u00e0 fruits extra-large ou en guise de d\u00e9co murale. Avec sa taille hors norme, elle joue facilement <strong>la pi\u00e8ce ma\u00eetresse d&rsquo;une d\u00e9co graphique et color\u00e9e<\/strong>.<\/p>\n<p>Ces pani\u00e8res rondes en osier tress\u00e9 main sont recouvertes de laine color\u00e9e par les femmes berb\u00e8res au Maroc. Les <strong>motifs g\u00e9om\u00e9triques<\/strong> naissent de l&rsquo;imagination de sa cr\u00e9atrice et sont <strong>uniques<\/strong>. Les dessins sont extr\u00eamement modernes tout en d\u00e9coulant d&rsquo;un savoir-faire traditionnel et ancestral.<\/p>\n<p>Que vous l&rsquo;utilisiez en tant que d\u00e9coration murale ou en centre de table, ce grand panier peut jouer le point focal d&rsquo;une pi\u00e8ce.<\/p>\n<p>Pourquoi je les aime :<\/p>\n<p><strong><em>Super impressionnantes par leur taille, j&rsquo;aime leurs couleurs contrast\u00e9es et extr\u00eamement compl\u00e9mentaires. Elles forment une d\u00e9co murale extr\u00eamement visuelle.<\/em><\/strong><\/p>\n<p>Dimensions : diam\u00e8tre 70 cm<\/p>\n<p>Comme tout produit artisanal, la corbeille peut pr\u00e9senter certaines imperfections qui sont la garantie de son authenticit\u00e9 et le t\u00e9moin du travail humain.<\/p>\n","protected":false},"excerpt":{"rendered":"<p>Cette <strong>corbeille d\u00e9corative de grande taille<\/strong> (70cm) peut servir de vide-poche ou de corbeille \u00e0 fruits extra-large ou en guise de d\u00e9co murale. Avec sa taille hors norme, elle joue facilement la pi\u00e8ce ma\u00eetresse d&rsquo;une d\u00e9co graphique et color\u00e9e.<\/p>\n<p>En osier recouvert de laine, fabriqu\u00e9 artisanalement au Maroc.<\/p>\n","protected":false},"featured_media":11695,"comment_status":"open","ping_status":"closed","template":"","meta":[],"product_brand":[],"product_cat":[474,23],"product_tag":[130,276,161,162,262,261,260,463,154,140,173,149,82,79,164,274],"class_list":{"0":"post-11693","1":"product","2":"type-product","3":"status-publish","4":"has-post-thumbnail","6":"product_cat-corbeilles","7":"product_cat-decoration-murale","8":"product_tag-art-de-la-table","9":"product_tag-art-mural","10":"product_tag-assiette-murale","11":"product_tag-binga","12":"product_tag-circulaire","13":"product_tag-corbeille-plate","14":"product_tag-ethnique","15":"product_tag-latitude-pop","16":"product_tag-moderne","17":"product_tag-ornement","18":"product_tag-plateau","19":"product_tag-rangement","20":"product_tag-raphia","21":"product_tag-rotin","22":"product_tag-tonga","23":"product_tag-touareg","25":"first","26":"outofstock","27":"taxable","28":"shipping-taxable","29":"purchasable","30":"product-type-simple"},"_links":{"self":[{"href":"https:\/\/www.latitude31n.com\/fr\/wp-json\/wp\/v2\/product\/11693","targetHints":{"allow":["GET"]}}],"collection":[{"href":"https:\/\/www.latitude31n.com\/fr\/wp-json\/wp\/v2\/product"}],"about":[{"href":"https:\/\/www.latitude31n.com\/fr\/wp-json\/wp\/v2\/types\/product"}],"replies":[{"embeddable":true,"href":"https:\/\/www.latitude31n.com\/fr\/wp-json\/wp\/v2\/comments?post=11693"}],"wp:featuredmedia":[{"embeddable":true,"href":"https:\/\/www.latitude31n.com\/fr\/wp-json\/wp\/v2\/media\/11695"}],"wp:attachment":[{"href":"https:\/\/www.latitude31n.com\/fr\/wp-json\/wp\/v2\/media?parent=11693"}],"wp:term":[{"taxonomy":"product_brand","embeddable":true,"href":"https:\/\/www.latitude31n.com\/fr\/wp-json\/wp\/v2\/product_brand?post=11693"},{"taxonomy":"product_cat","embeddable":true,"href":"https:\/\/www.latitude31n.com\/fr\/wp-json\/wp\/v2\/product_cat?post=11693"},{"taxonomy":"product_tag","embeddable":true,"href":"https:\/\/www.latitude31n.com\/fr\/wp-json\/wp\/v2\/product_tag?post=11693"}],"curies":[{"name":"wp","href":"https:\/\/api.w.org\/{rel}","templated":true}]}}