{"id":11638,"date":"2022-06-16T13:25:43","date_gmt":"2022-06-16T12:25:43","guid":{"rendered":"https:\/\/www.latitude31n.com\/?post_type=product&#038;p=11638"},"modified":"2026-01-18T13:25:20","modified_gmt":"2026-01-18T12:25:20","slug":"corbeille-rose-girly","status":"publish","type":"product","link":"https:\/\/www.latitude31n.com\/fr\/paniers-rangements\/motifs-colores\/corbeille-rose-girly\/","title":{"rendered":"Corbeille rose girly"},"content":{"rendered":"<p>Corbeille \u00e0 fruits, grand vide-poche ou panier mural, \u00e0 vous de choisir.<\/p>\n<p>Cette pani\u00e8re ronde en osier tress\u00e9 main est recouverte de laine par les femmes berb\u00e8res au Maroc. Les <strong>motifs g\u00e9om\u00e9triques<\/strong> naissent de l&rsquo;imagination de sa cr\u00e9atrice et sont <strong>uniques<\/strong>. Les dessins sont extr\u00eamement modernes tout en d\u00e9coulant d&rsquo;un savoir-faire traditionnel et ancestral.<\/p>\n<p>Celle-ci convient parfaitement pour une chambre de petite ou jeune fille, ou pour une d\u00e9co color\u00e9e et vitamin\u00e9e. En d\u00e9coration murale, seul ou assorti \u00e0 d&rsquo;autres paniers muraux, cadres et autres d\u00e9corations murales. Mais aussi pour d\u00e9corer niches et \u00e9tag\u00e8res. Sur votre table de salle \u00e0 manger, salon ou dans la cuisine pour sublimer fruits ou rangement.<\/p>\n<p>Pourquoi je l&rsquo; aime :<\/p>\n<p><strong><em>J&rsquo;aime le c\u00f4t\u00e9 girly de celui-ci avec son rose p\u00e9tant adouci par le bleu ciel.<\/em><\/strong><\/p>\n<p>D&rsquo;autres mod\u00e8les pour ceux qui aiment voir la vie en couleur, un <a href=\"\/fr\/decoration-murale\/corbeilles\/corbeilles-rondes-jaunes\/\">lot de 5 corbeilles jaune assorties<\/a> ou le <a href=\"\/fr\/decoration-murale\/corbeilles\/corbeille-multicolore\/\">rouge sombre<\/a>.<\/p>\n<p>Dimensions : diam\u00e8tre\u00a0 30 cm<\/p>\n<p>Comme tout produit artisanal, ce panier peut pr\u00e9senter certaines imperfections qui sont la garantie de son authenticit\u00e9 et le t\u00e9moin du travail humain.<\/p>\n","protected":false},"excerpt":{"rendered":"<p>D\u00e9co murale, vide-poche ethnique ou corbeille \u00e0 fruits. Ce panier marocain aux motifs et couleurs vives apportent une<strong> touche girly \u00e0 votre d\u00e9co d&rsquo; int\u00e9rieur<\/strong>.<\/p>\n<p>En osier recouvert de laine, fabriqu\u00e9 artisanalement au Maroc.<\/p>\n","protected":false},"featured_media":11640,"comment_status":"open","ping_status":"closed","template":"","meta":[],"product_brand":[],"product_cat":[635,474,23,28],"product_tag":[130,276,161,162,262,261,139,154,80,173,149,82,79,274],"class_list":{"0":"post-11638","1":"product","2":"type-product","3":"status-publish","4":"has-post-thumbnail","6":"product_cat-motifs-colores","7":"product_cat-corbeilles","8":"product_cat-decoration-murale","9":"product_cat-paniers-rangements","10":"product_tag-art-de-la-table","11":"product_tag-art-mural","12":"product_tag-assiette-murale","13":"product_tag-binga","14":"product_tag-circulaire","15":"product_tag-corbeille-plate","16":"product_tag-graphique","17":"product_tag-moderne","18":"product_tag-osier","19":"product_tag-plateau","20":"product_tag-rangement","21":"product_tag-raphia","22":"product_tag-rotin","23":"product_tag-touareg","25":"first","26":"outofstock","27":"taxable","28":"shipping-taxable","29":"purchasable","30":"product-type-simple"},"_links":{"self":[{"href":"https:\/\/www.latitude31n.com\/fr\/wp-json\/wp\/v2\/product\/11638","targetHints":{"allow":["GET"]}}],"collection":[{"href":"https:\/\/www.latitude31n.com\/fr\/wp-json\/wp\/v2\/product"}],"about":[{"href":"https:\/\/www.latitude31n.com\/fr\/wp-json\/wp\/v2\/types\/product"}],"replies":[{"embeddable":true,"href":"https:\/\/www.latitude31n.com\/fr\/wp-json\/wp\/v2\/comments?post=11638"}],"wp:featuredmedia":[{"embeddable":true,"href":"https:\/\/www.latitude31n.com\/fr\/wp-json\/wp\/v2\/media\/11640"}],"wp:attachment":[{"href":"https:\/\/www.latitude31n.com\/fr\/wp-json\/wp\/v2\/media?parent=11638"}],"wp:term":[{"taxonomy":"product_brand","embeddable":true,"href":"https:\/\/www.latitude31n.com\/fr\/wp-json\/wp\/v2\/product_brand?post=11638"},{"taxonomy":"product_cat","embeddable":true,"href":"https:\/\/www.latitude31n.com\/fr\/wp-json\/wp\/v2\/product_cat?post=11638"},{"taxonomy":"product_tag","embeddable":true,"href":"https:\/\/www.latitude31n.com\/fr\/wp-json\/wp\/v2\/product_tag?post=11638"}],"curies":[{"name":"wp","href":"https:\/\/api.w.org\/{rel}","templated":true}]}}