{"id":11626,"date":"2022-06-03T17:16:22","date_gmt":"2022-06-03T16:16:22","guid":{"rendered":"https:\/\/www.latitude31n.com\/?post_type=product&#038;p=11626"},"modified":"2025-10-31T18:20:59","modified_gmt":"2025-10-31T17:20:59","slug":"corbeille-blanc-noir","status":"publish","type":"product","link":"https:\/\/www.latitude31n.com\/fr\/soldes\/corbeille-blanc-noir\/","title":{"rendered":"Corbeille blanche motifs noirs"},"content":{"rendered":"<h2><strong>Corbeille ronde en noir et blanc<\/strong><\/h2>\n<p>Cette pani\u00e8re ronde en osier tress\u00e9 main est recouverte de laine par les femmes berb\u00e8res au Maroc. Les motifs g\u00e9om\u00e9triques naissent de l&rsquo;imagination de sa cr\u00e9atrice et sont uniques. Les dessins sont extr\u00eamement modernes tout en d\u00e9coulant d&rsquo;un savoir-faire traditionnel et ancestral.<\/p>\n<h2>D\u00e9co murale ethnique ou centre de table<\/h2>\n<p>En d\u00e9coration murale, seul ou assorti \u00e0 d&rsquo;autres paniers muraux, cadres et autres d\u00e9corations murales. Mais aussi pour d\u00e9corer niches et \u00e9tag\u00e8res. Sur votre table de salle \u00e0 manger, salon ou dans la cuisine pour sublimer fruits ou rangement.<\/p>\n<p>Pourquoi je l&rsquo;aime :<\/p>\n<p><em><strong>Ce que j&rsquo;aime dans celui-ci c&rsquo;est le graphisme ultra-moderne du noir et blanc et des motifs<\/strong><\/em><\/p>\n<p>Dimensions : diam\u00e8tre 46 cm<\/p>\n<p>Comme tout produit artisanal, le panier en osier peut pr\u00e9senter certaines imperfections qui sont la garantie de son authenticit\u00e9 et le t\u00e9moin du travail humain.<\/p>\n","protected":false},"excerpt":{"rendered":"<p>Si vous aimez les motifs graphiques et le noir et blanc, ce panier marocain est fait pour vous. Il a un design intemporel et passe partout.<\/p>\n<p>En osier recouvert de laine, fabriqu\u00e9 artisanalement au Maroc.<\/p>\n","protected":false},"featured_media":11628,"comment_status":"open","ping_status":"closed","template":"","meta":[],"product_brand":[],"product_cat":[598,474,23],"product_tag":[130,276,161,261,139,140,80,173,79,274],"class_list":{"0":"post-11626","1":"product","2":"type-product","3":"status-publish","4":"has-post-thumbnail","6":"product_cat-soldes","7":"product_cat-corbeilles","8":"product_cat-decoration-murale","9":"product_tag-art-de-la-table","10":"product_tag-art-mural","11":"product_tag-assiette-murale","12":"product_tag-corbeille-plate","13":"product_tag-graphique","14":"product_tag-ornement","15":"product_tag-osier","16":"product_tag-plateau","17":"product_tag-rotin","18":"product_tag-touareg","20":"first","21":"instock","22":"sale","23":"taxable","24":"shipping-taxable","25":"purchasable","26":"product-type-simple"},"_links":{"self":[{"href":"https:\/\/www.latitude31n.com\/fr\/wp-json\/wp\/v2\/product\/11626","targetHints":{"allow":["GET"]}}],"collection":[{"href":"https:\/\/www.latitude31n.com\/fr\/wp-json\/wp\/v2\/product"}],"about":[{"href":"https:\/\/www.latitude31n.com\/fr\/wp-json\/wp\/v2\/types\/product"}],"replies":[{"embeddable":true,"href":"https:\/\/www.latitude31n.com\/fr\/wp-json\/wp\/v2\/comments?post=11626"}],"wp:featuredmedia":[{"embeddable":true,"href":"https:\/\/www.latitude31n.com\/fr\/wp-json\/wp\/v2\/media\/11628"}],"wp:attachment":[{"href":"https:\/\/www.latitude31n.com\/fr\/wp-json\/wp\/v2\/media?parent=11626"}],"wp:term":[{"taxonomy":"product_brand","embeddable":true,"href":"https:\/\/www.latitude31n.com\/fr\/wp-json\/wp\/v2\/product_brand?post=11626"},{"taxonomy":"product_cat","embeddable":true,"href":"https:\/\/www.latitude31n.com\/fr\/wp-json\/wp\/v2\/product_cat?post=11626"},{"taxonomy":"product_tag","embeddable":true,"href":"https:\/\/www.latitude31n.com\/fr\/wp-json\/wp\/v2\/product_tag?post=11626"}],"curies":[{"name":"wp","href":"https:\/\/api.w.org\/{rel}","templated":true}]}}