{"id":11595,"date":"2022-06-03T13:15:43","date_gmt":"2022-06-03T12:15:43","guid":{"rendered":"https:\/\/www.latitude31n.com\/?post_type=product&#038;p=11595"},"modified":"2024-07-09T15:33:29","modified_gmt":"2024-07-09T14:33:29","slug":"corbeille-brodee-decorative","status":"publish","type":"product","link":"https:\/\/www.latitude31n.com\/fr\/paniers-rangements\/teintes-naturelles\/corbeille-brodee-decorative\/","title":{"rendered":"Corbeille brod\u00e9e d\u00e9corative"},"content":{"rendered":"<p>Corbeille ronde et plate marocaine agr\u00e9ment\u00e9e de <strong>broderies en aiguille de pin.<\/strong> Ce joli panier au look romantique est fabriqu\u00e9 artisanalement en osier puis recouvert de dessins en laine.<\/p>\n<p>Les motifs forment un <strong>design po\u00e9tique<\/strong>. Du centre partent de <strong>jolies arabesques<\/strong> qui font ressortir le tressage en \u00ab\u00a0fagots\u00a0\u00bb.<\/p>\n<p>On peut l&rsquo; utiliser comme plats ou vide-poche, tout autant qu&rsquo;en d\u00e9coration murale.<\/p>\n<p>Pourquoi je l&rsquo;aime :<\/p>\n<p><em><strong>Le motif en spirale me fait penser \u00e0 une fleur.<\/strong><\/em><\/p>\n<p>Dimensions : 45 cm<\/p>\n<p>Existe en lot de <a href=\"\/fr\/decoration-murale\/corbeilles\/3-paniers-muraux\/\" target=\"_blank\" rel=\"noopener\">trois corbeilles en noir et en blanc cass\u00e9<\/a><\/p>\n<p>Ce produit artisanal peut pr\u00e9senter certaines imperfections qui garantissent son authenticit\u00e9.<\/p>\n","protected":false},"excerpt":{"rendered":"<p>Panier en osier et motifs en laine gris perle pour apporter <strong>po\u00e9sie et soleil <\/strong>\u00e0 votre int\u00e9rieur<strong>.\u00a0<\/strong><\/p>\n","protected":false},"featured_media":11609,"comment_status":"open","ping_status":"closed","template":"","meta":[],"product_brand":[],"product_cat":[634,474,23,28],"product_tag":[276,462,300,79],"class_list":{"0":"post-11595","1":"product","2":"type-product","3":"status-publish","4":"has-post-thumbnail","6":"product_cat-teintes-naturelles","7":"product_cat-corbeilles","8":"product_cat-decoration-murale","9":"product_cat-paniers-rangements","10":"product_tag-art-mural","11":"product_tag-latitude-naturelle","12":"product_tag-paille","13":"product_tag-rotin","15":"first","16":"instock","17":"taxable","18":"shipping-taxable","19":"purchasable","20":"product-type-simple"},"_links":{"self":[{"href":"https:\/\/www.latitude31n.com\/fr\/wp-json\/wp\/v2\/product\/11595","targetHints":{"allow":["GET"]}}],"collection":[{"href":"https:\/\/www.latitude31n.com\/fr\/wp-json\/wp\/v2\/product"}],"about":[{"href":"https:\/\/www.latitude31n.com\/fr\/wp-json\/wp\/v2\/types\/product"}],"replies":[{"embeddable":true,"href":"https:\/\/www.latitude31n.com\/fr\/wp-json\/wp\/v2\/comments?post=11595"}],"wp:featuredmedia":[{"embeddable":true,"href":"https:\/\/www.latitude31n.com\/fr\/wp-json\/wp\/v2\/media\/11609"}],"wp:attachment":[{"href":"https:\/\/www.latitude31n.com\/fr\/wp-json\/wp\/v2\/media?parent=11595"}],"wp:term":[{"taxonomy":"product_brand","embeddable":true,"href":"https:\/\/www.latitude31n.com\/fr\/wp-json\/wp\/v2\/product_brand?post=11595"},{"taxonomy":"product_cat","embeddable":true,"href":"https:\/\/www.latitude31n.com\/fr\/wp-json\/wp\/v2\/product_cat?post=11595"},{"taxonomy":"product_tag","embeddable":true,"href":"https:\/\/www.latitude31n.com\/fr\/wp-json\/wp\/v2\/product_tag?post=11595"}],"curies":[{"name":"wp","href":"https:\/\/api.w.org\/{rel}","templated":true}]}}