{"id":11446,"date":"2022-05-19T19:40:18","date_gmt":"2022-05-19T18:40:18","guid":{"rendered":"https:\/\/www.latitude31n.com\/?post_type=product&#038;p=11446"},"modified":"2025-10-30T18:54:45","modified_gmt":"2025-10-30T17:54:45","slug":"ancien-mortier-bois","status":"publish","type":"product","link":"https:\/\/www.latitude31n.com\/fr\/decoration-maison\/objets-decoratifs\/ancien-mortier-bois\/","title":{"rendered":"Ancien mortier bois"},"content":{"rendered":"<h2>D\u00e9co Wabi-Sabi<\/h2>\n<p>Ustensile populaire traditionnel des familles berb\u00e8res, ces longs mortiers en bois font aujourd\u2019hui de <strong>magnifiques objets de d\u00e9co ethnique<\/strong>.<\/p>\n<p>Le bois a v\u00e9cu et \u00e7a se voit, fissures, crevasses, anciennes traces de peinture en font un objet de d\u00e9co unique et authentique. La forme longue et \u00e9troite est un atout int\u00e9ressant et transforme cet ancien objet de la vie quotidienne en une sculpture ancienne.<\/p>\n<h2>Objet de d\u00e9co insolite<\/h2>\n<p>Jouez les en pair ou en trio dans un coin pour apporter une touche vintage ethnique, d\u00e9tournez-le en vase pour fleurs s\u00e9ch\u00e9es ou comme contenant pour ustensiles de cuisine.<\/p>\n<p>Pourquoi je l\u2019aime :<\/p>\n<p><strong><em>La beaut\u00e9 de l&rsquo;imperfection. La philosophie japonaise Wabi sabi prend ici tout son sens. Tout ce que j&rsquo;aime : les marques du temps et de l&rsquo;usage.<\/em><\/strong><\/p>\n<p>Dimensions : 25 cm<\/p>\n<p>Retrouvez nos <a href=\"\/fr\/decoration-maison\/objets-decoratifs\/mortier-pilon-bois\/\" target=\"_blank\" rel=\"noopener\">mod\u00e8les de mortiers plus r\u00e9cents<\/a>.<\/p>\n<p>Comme tout produit artisanal, et de surcroit ancien, les vieux mortiers en bois comportent certaines imperfections qui sont la garantie de leurs authenticit\u00e9s et font grandement partie de leur charme.<\/p>\n","protected":false},"excerpt":{"rendered":"<p><strong>Pi\u00e8ce unique et rare.<\/strong><\/p>\n<p>Objet marocain d&rsquo;autrefois au charme unique et ethnique.<\/p>\n<p>Mortier portant des signes d&rsquo;usure \u00e0 d\u00e9tourner en vase ou autre contenant ou \u00e0 poser sur un meuble ou le sol en d\u00e9co.<\/p>\n","protected":false},"featured_media":11444,"comment_status":"open","ping_status":"closed","template":"","meta":[],"product_brand":[],"product_cat":[473,467],"product_tag":[459,465,899],"class_list":{"0":"post-11446","1":"product","2":"type-product","3":"status-publish","4":"has-post-thumbnail","6":"product_cat-objets-decoratifs","7":"product_cat-decoration-maison","8":"product_tag-latitude-ethnique","9":"product_tag-latitude-vintage","10":"product_tag-no-us","12":"first","13":"instock","14":"taxable","15":"shipping-taxable","16":"purchasable","17":"product-type-variable"},"_links":{"self":[{"href":"https:\/\/www.latitude31n.com\/fr\/wp-json\/wp\/v2\/product\/11446","targetHints":{"allow":["GET"]}}],"collection":[{"href":"https:\/\/www.latitude31n.com\/fr\/wp-json\/wp\/v2\/product"}],"about":[{"href":"https:\/\/www.latitude31n.com\/fr\/wp-json\/wp\/v2\/types\/product"}],"replies":[{"embeddable":true,"href":"https:\/\/www.latitude31n.com\/fr\/wp-json\/wp\/v2\/comments?post=11446"}],"wp:featuredmedia":[{"embeddable":true,"href":"https:\/\/www.latitude31n.com\/fr\/wp-json\/wp\/v2\/media\/11444"}],"wp:attachment":[{"href":"https:\/\/www.latitude31n.com\/fr\/wp-json\/wp\/v2\/media?parent=11446"}],"wp:term":[{"taxonomy":"product_brand","embeddable":true,"href":"https:\/\/www.latitude31n.com\/fr\/wp-json\/wp\/v2\/product_brand?post=11446"},{"taxonomy":"product_cat","embeddable":true,"href":"https:\/\/www.latitude31n.com\/fr\/wp-json\/wp\/v2\/product_cat?post=11446"},{"taxonomy":"product_tag","embeddable":true,"href":"https:\/\/www.latitude31n.com\/fr\/wp-json\/wp\/v2\/product_tag?post=11446"}],"curies":[{"name":"wp","href":"https:\/\/api.w.org\/{rel}","templated":true}]}}