{"id":11384,"date":"2022-05-17T17:51:38","date_gmt":"2022-05-17T16:51:38","guid":{"rendered":"https:\/\/www.latitude31n.com\/?post_type=product&#038;p=11384"},"modified":"2025-10-30T18:54:26","modified_gmt":"2025-10-30T17:54:26","slug":"mortier-pilon-bois","status":"publish","type":"product","link":"https:\/\/www.latitude31n.com\/fr\/decoration-maison\/objets-decoratifs\/mortier-pilon-bois\/","title":{"rendered":"Mortier et pilon en bois"},"content":{"rendered":"<h2><strong>Objet d\u00e9co insolite<\/strong><\/h2>\n<p>Ustensile populaire traditionnel des familles berb\u00e8res, ces longs mortiers et pilons en bois font aujourd&rsquo;hui de jolis objets de d\u00e9co.<\/p>\n<p>Le bois a une belle couleur claire et est laiss\u00e9 au naturel. Sa forme longue et sa couleur neutre lui apporte une esth\u00e9tique minimaliste qui s&rsquo;int\u00e8gre facilement dans tout int\u00e9rieur.<\/p>\n<h2><strong>Pour une touche boh\u00e8me et ethnique<\/strong><\/h2>\n<p>Jouez la paire ou le trio dans un coin pour apporter une touche chaleureuse et authentique, d\u00e9tournez-le en vase pour fleurs s\u00e9ch\u00e9es ou comme contenant pour ustensiles de cuisine.<\/p>\n<p>Pourquoi je l&rsquo;aime :<\/p>\n<p><em><strong>Tout son charme r\u00e9side dans l&rsquo;aspect brut du bois, on aper\u00e7oit m\u00eame les marques du ciseau \u00e0 bois. J&rsquo;aime son aspect \u00ab\u00a0handmade\u00a0\u00bb.<\/strong><\/em><\/p>\n<p>Dimensions : 25 et 30 cm<\/p>\n<p>Vous pr\u00e9f\u00e9rez les marques port\u00e9es par le temps ? Appr\u00e9ciez nos mod\u00e8les de <a href=\"\/fr\/decoration-maison\/objets-decoratifs\/ancien-mortier-bois\/\" target=\"_blank\" rel=\"noopener\">mortiers anciens<\/a>.<\/p>\n<p>Comme tout produit artisanal, le mortier et pilon en bois peut comporter certaines imperfections qui sont la garantie de son authenticit\u00e9.<\/p>\n","protected":false},"excerpt":{"rendered":"<h2><strong>Objet utilitaire d\u00e9tourn\u00e9 en d\u00e9co ethnique<\/strong>,<\/h2>\n<p>les traditionnels mortiers et pilons marocains en bois apportent un charme particulier et original \u00e0 une d\u00e9co d\u00e9cal\u00e9e et personnalis\u00e9e. On peut le poser telle une <strong>sculpture en bois taill\u00e9<\/strong>, ou l&rsquo;utiliser comme <strong>vase pour fleurs s\u00e9ch\u00e9\u00e9s ou contenant<\/strong>.<\/p>\n","protected":false},"featured_media":11385,"comment_status":"open","ping_status":"closed","template":"","meta":[],"product_brand":[],"product_cat":[473,467],"product_tag":[459,899],"class_list":{"0":"post-11384","1":"product","2":"type-product","3":"status-publish","4":"has-post-thumbnail","6":"product_cat-objets-decoratifs","7":"product_cat-decoration-maison","8":"product_tag-latitude-ethnique","9":"product_tag-no-us","11":"first","12":"instock","13":"taxable","14":"shipping-taxable","15":"purchasable","16":"product-type-variable"},"_links":{"self":[{"href":"https:\/\/www.latitude31n.com\/fr\/wp-json\/wp\/v2\/product\/11384","targetHints":{"allow":["GET"]}}],"collection":[{"href":"https:\/\/www.latitude31n.com\/fr\/wp-json\/wp\/v2\/product"}],"about":[{"href":"https:\/\/www.latitude31n.com\/fr\/wp-json\/wp\/v2\/types\/product"}],"replies":[{"embeddable":true,"href":"https:\/\/www.latitude31n.com\/fr\/wp-json\/wp\/v2\/comments?post=11384"}],"wp:featuredmedia":[{"embeddable":true,"href":"https:\/\/www.latitude31n.com\/fr\/wp-json\/wp\/v2\/media\/11385"}],"wp:attachment":[{"href":"https:\/\/www.latitude31n.com\/fr\/wp-json\/wp\/v2\/media?parent=11384"}],"wp:term":[{"taxonomy":"product_brand","embeddable":true,"href":"https:\/\/www.latitude31n.com\/fr\/wp-json\/wp\/v2\/product_brand?post=11384"},{"taxonomy":"product_cat","embeddable":true,"href":"https:\/\/www.latitude31n.com\/fr\/wp-json\/wp\/v2\/product_cat?post=11384"},{"taxonomy":"product_tag","embeddable":true,"href":"https:\/\/www.latitude31n.com\/fr\/wp-json\/wp\/v2\/product_tag?post=11384"}],"curies":[{"name":"wp","href":"https:\/\/api.w.org\/{rel}","templated":true}]}}