{"id":11224,"date":"2022-04-27T16:54:53","date_gmt":"2022-04-27T15:54:53","guid":{"rendered":"https:\/\/www.latitude31n.com\/?post_type=product&#038;p=11224"},"modified":"2024-11-12T16:08:46","modified_gmt":"2024-11-12T15:08:46","slug":"corbeille-creme-marron","status":"publish","type":"product","link":"https:\/\/www.latitude31n.com\/fr\/decoration-murale\/corbeilles\/corbeille-creme-marron\/","title":{"rendered":"Corbeille blanc cass\u00e9 motifs marrons"},"content":{"rendered":"<h2>Corbeille \u00e0 fruits, grand vide-poche ou panier mural, \u00e0 vous de choisir.<\/h2>\n<p>Cette pani\u00e8re ronde en osier tress\u00e9 main est recouverte de laine color\u00e9e par les femmes berb\u00e8res au Maroc. Les motifs g\u00e9om\u00e9triques naissent de l&rsquo;imagination de sa cr\u00e9atrice et sont uniques. Les dessins sont extr\u00eamement modernes tout en d\u00e9coulant d&rsquo;un savoir-faire traditionnel et ancestral.<\/p>\n<h2>D\u00e9coration de table ou murale ethnique<\/h2>\n<p>En d\u00e9coration murale, seul ou assorti \u00e0 d&rsquo;autres paniers muraux, cadres et autres d\u00e9corations murales. Mais aussi pour d\u00e9corer niches et \u00e9tag\u00e8res. Sur votre table de salle \u00e0 manger, salon ou dans la cuisine pour sublimer fruits ou rangement.<\/p>\n<p>Pourquoi je les aime :<\/p>\n<p><strong><em>Si difficile de choisir dans ces ouvrages qui se rapprochent d&rsquo; \u0153uvres d&rsquo;art. Celui-ci apporte une petite touche ethnique avec de jolies teintes neutres et apaisantes.<\/em><\/strong><\/p>\n<p>D&rsquo;autres mod\u00e8les pour ceux qui aiment voir la vie en couleur, le <a href=\"\/fr\/decoration-murale\/corbeilles\/corbeilles-rondes-jaunes\/\" target=\"_blank\" rel=\"noopener\">le lot de corbeilles jaunes<\/a> , le <a href=\"\/fr\/paniers-rangements\/motifs-colores\/corbeille-rose-girly\/\" target=\"_blank\" rel=\"noopener\">rose girly<\/a> ou le <a href=\"\/fr\/decoration-murale\/corbeilles\/corbeille-decorative\/\" target=\"_blank\" rel=\"noopener\">psych\u00e9d\u00e9lique violet.<\/a><\/p>\n<p>Dimensions : diam\u00e8tre 50 cm<\/p>\n<p>Comme tout produit artisanal, le panier mural peut pr\u00e9senter certaines imperfections qui sont la garantie de son authenticit\u00e9 et le t\u00e9moin du travail humain.<\/p>\n","protected":false},"excerpt":{"rendered":"<p>En d\u00e9co murale, vide-poche ethnique ou dans la cuisine, \u00e0 vous de choisir. Ce panier marocain aux couleurs aux motifs et couleurs apaisantes apportent un soup\u00e7on d&rsquo;ethnique \u00e0 votre int\u00e9rieur.<\/p>\n<p>En osier recouvert de laine, fabriqu\u00e9 artisanalement au Maroc.<\/p>\n","protected":false},"featured_media":11226,"comment_status":"open","ping_status":"closed","template":"","meta":[],"product_brand":[],"product_cat":[474,23,598],"product_tag":[130,276,161,261,139,154,80,173,149,79,164,274],"class_list":{"0":"post-11224","1":"product","2":"type-product","3":"status-publish","4":"has-post-thumbnail","6":"product_cat-corbeilles","7":"product_cat-decoration-murale","8":"product_cat-soldes","9":"product_tag-art-de-la-table","10":"product_tag-art-mural","11":"product_tag-assiette-murale","12":"product_tag-corbeille-plate","13":"product_tag-graphique","14":"product_tag-moderne","15":"product_tag-osier","16":"product_tag-plateau","17":"product_tag-rangement","18":"product_tag-rotin","19":"product_tag-tonga","20":"product_tag-touareg","22":"first","23":"instock","24":"sale","25":"taxable","26":"shipping-taxable","27":"purchasable","28":"product-type-simple"},"_links":{"self":[{"href":"https:\/\/www.latitude31n.com\/fr\/wp-json\/wp\/v2\/product\/11224","targetHints":{"allow":["GET"]}}],"collection":[{"href":"https:\/\/www.latitude31n.com\/fr\/wp-json\/wp\/v2\/product"}],"about":[{"href":"https:\/\/www.latitude31n.com\/fr\/wp-json\/wp\/v2\/types\/product"}],"replies":[{"embeddable":true,"href":"https:\/\/www.latitude31n.com\/fr\/wp-json\/wp\/v2\/comments?post=11224"}],"wp:featuredmedia":[{"embeddable":true,"href":"https:\/\/www.latitude31n.com\/fr\/wp-json\/wp\/v2\/media\/11226"}],"wp:attachment":[{"href":"https:\/\/www.latitude31n.com\/fr\/wp-json\/wp\/v2\/media?parent=11224"}],"wp:term":[{"taxonomy":"product_brand","embeddable":true,"href":"https:\/\/www.latitude31n.com\/fr\/wp-json\/wp\/v2\/product_brand?post=11224"},{"taxonomy":"product_cat","embeddable":true,"href":"https:\/\/www.latitude31n.com\/fr\/wp-json\/wp\/v2\/product_cat?post=11224"},{"taxonomy":"product_tag","embeddable":true,"href":"https:\/\/www.latitude31n.com\/fr\/wp-json\/wp\/v2\/product_tag?post=11224"}],"curies":[{"name":"wp","href":"https:\/\/api.w.org\/{rel}","templated":true}]}}