{"id":11172,"date":"2022-04-22T18:31:05","date_gmt":"2022-04-22T17:31:05","guid":{"rendered":"https:\/\/www.latitude31n.com\/?post_type=product&#038;p=11172"},"modified":"2025-10-30T19:20:56","modified_gmt":"2025-10-30T18:20:56","slug":"sculpture-ethnique-tortue","status":"publish","type":"product","link":"https:\/\/www.latitude31n.com\/fr\/decoration-maison\/objets-decoratifs\/sculpture-ethnique-tortue\/","title":{"rendered":"Sculpture ethnique tortue"},"content":{"rendered":"<h2><strong>Poterie f\u00e9minime traditionnelle du Rif.<\/strong><\/h2>\n<p>Petite statuette d&rsquo; animal fabriqu\u00e9e \u00e0 la main au moyen de techniques primitives pr\u00e9serv\u00e9es.<\/p>\n<p>Ces animaux r\u00e9alis\u00e9s en terre cuite sont de v\u00e9ritables petites \u0153uvres d&rsquo;art tribal. Les sculptures sont orn\u00e9es de motifs. Fabriqu\u00e9e \u00e0 main lev\u00e9e, chaque sculpture est unique et na\u00efve.<\/p>\n<h2>Sculpture aux teintes chaudes, couleur terre, motifs tons sur tons.<\/h2>\n<p>C&rsquo;est un travail artisanal uniquement r\u00e9alis\u00e9 par des femmes dans le nord du Maroc selon une tradition ancestrale. Ce sont en g\u00e9n\u00e9ral des objets utilitaires, destin\u00e9s \u00e0 un usage appropri\u00e9 \u00e0 la vie rurale (jarre, vaisselle, pots de toutes formes..) mais elles cr\u00e9ent aussi toutes sortes d&rsquo;animaux pour amuser les enfants.<\/p>\n<p>Ces petites d\u00e9corations ethniques au look r\u00e9tro ont un charme fou. Elles participent \u00e0 une d\u00e9co insolite, unique et personnalis\u00e9e.<\/p>\n<p>D\u00e9couvrez le<a href=\"\/fr\/decoration-maison\/objets-decoratifs\/sculpture-ethnique-cheval\/\" target=\"_blank\" rel=\"noopener\"> fier cheval<\/a>, l&rsquo;<a href=\"\/fr\/decoration-maison\/objets-decoratifs\/sculpture-ethnique-elephant\/\" target=\"_blank\" rel=\"noopener\">\u00e9l\u00e9phant rigolo<\/a> ou le <a href=\"\/fr\/decoration-maison\/objets-decoratifs\/sculpture-ethnique-buffle\/\" target=\"_blank\" rel=\"noopener\">buffle massif<\/a>.<\/p>\n<p>Dimensions : 18x11xh8 cm<\/p>\n<p>Ces sculptures animali\u00e8res ethniques sont faites main et sont donc susceptibles de pr\u00e9senter certaines imperfections qui garantissent leur authenticit\u00e9.<\/p>\n","protected":false},"excerpt":{"rendered":"<p>Poterie traditionnelle du Rif (Nord du Maroc) repr\u00e9sentant une tortue. <strong>Objet ethnique et unique pour une d\u00e9co personnalis\u00e9e et insolite.<\/strong><\/p>\n","protected":false},"featured_media":11180,"comment_status":"open","ping_status":"closed","template":"","meta":[],"product_brand":[],"product_cat":[473,467,598],"product_tag":[459,899],"class_list":{"0":"post-11172","1":"product","2":"type-product","3":"status-publish","4":"has-post-thumbnail","6":"product_cat-objets-decoratifs","7":"product_cat-decoration-maison","8":"product_cat-soldes","9":"product_tag-latitude-ethnique","10":"product_tag-no-us","12":"first","13":"instock","14":"sale","15":"taxable","16":"shipping-taxable","17":"purchasable","18":"product-type-simple"},"_links":{"self":[{"href":"https:\/\/www.latitude31n.com\/fr\/wp-json\/wp\/v2\/product\/11172","targetHints":{"allow":["GET"]}}],"collection":[{"href":"https:\/\/www.latitude31n.com\/fr\/wp-json\/wp\/v2\/product"}],"about":[{"href":"https:\/\/www.latitude31n.com\/fr\/wp-json\/wp\/v2\/types\/product"}],"replies":[{"embeddable":true,"href":"https:\/\/www.latitude31n.com\/fr\/wp-json\/wp\/v2\/comments?post=11172"}],"wp:featuredmedia":[{"embeddable":true,"href":"https:\/\/www.latitude31n.com\/fr\/wp-json\/wp\/v2\/media\/11180"}],"wp:attachment":[{"href":"https:\/\/www.latitude31n.com\/fr\/wp-json\/wp\/v2\/media?parent=11172"}],"wp:term":[{"taxonomy":"product_brand","embeddable":true,"href":"https:\/\/www.latitude31n.com\/fr\/wp-json\/wp\/v2\/product_brand?post=11172"},{"taxonomy":"product_cat","embeddable":true,"href":"https:\/\/www.latitude31n.com\/fr\/wp-json\/wp\/v2\/product_cat?post=11172"},{"taxonomy":"product_tag","embeddable":true,"href":"https:\/\/www.latitude31n.com\/fr\/wp-json\/wp\/v2\/product_tag?post=11172"}],"curies":[{"name":"wp","href":"https:\/\/api.w.org\/{rel}","templated":true}]}}