{"id":10952,"date":"2022-04-19T19:09:53","date_gmt":"2022-04-19T18:09:53","guid":{"rendered":"https:\/\/www.latitude31n.com\/?post_type=product&#038;p=10952"},"modified":"2025-10-30T19:21:24","modified_gmt":"2025-10-30T18:21:24","slug":"sculpture-ethnique-cheval","status":"publish","type":"product","link":"https:\/\/www.latitude31n.com\/fr\/decoration-maison\/objets-decoratifs\/sculpture-ethnique-cheval\/","title":{"rendered":"Sculpture ethnique cheval"},"content":{"rendered":"<p><strong>Poterie f\u00e9minime traditionnelle du Rif.<\/strong> Petite statuette d&rsquo; animal fabriqu\u00e9e \u00e0 la main au moyen de techniques primitives pr\u00e9serv\u00e9es.<\/p>\n<p>Ces <strong>animaux<\/strong> r\u00e9alis\u00e9s <strong>en terre cuite<\/strong> sont de v\u00e9ritables petites <strong>\u0153uvres d&rsquo;art tribal. <\/strong>Les sculptures sont orn\u00e9es de motifs. Fabriqu\u00e9e \u00e0 main lev\u00e9e, chaque sculpture est unique et na\u00efve.<\/p>\n<p>Teintes chaudes, couleur terre, motifs tons sur tons.<\/p>\n<p>C&rsquo;est un travail artisanal uniquement r\u00e9alis\u00e9 par des femmes dans le nord du Maroc selon une tradition ancestrale. Ce sont en g\u00e9n\u00e9ral des objets utilitaires, destin\u00e9s \u00e0 un usage appropri\u00e9 \u00e0 la vie rurale (jarre, vaisselle, pots de toutes formes..) mais elles cr\u00e9ent aussi toutes sortes d&rsquo;animaux pour amuser les enfants.<\/p>\n<p>Pourquoi je l&rsquo;aime :<\/p>\n<p><strong><em>Ces petites d\u00e9corations ethniques au look r\u00e9tro ont un charme fou. Elles participent \u00e0 une d\u00e9co insolite, unique et personnalis\u00e9e.<\/em><\/strong><\/p>\n<p>D\u00e9couvrez le <a href=\"\/fr\/decoration-maison\/objets-decoratifs\/sculpture-ethnique-buffle\/\" target=\"_blank\" rel=\"noopener\">buffle massif<\/a>, l&rsquo;<a href=\"\/fr\/decoration-maison\/objets-decoratifs\/sculpture-ethnique-elephant\/\" target=\"_blank\" rel=\"noopener\">\u00e9l\u00e9phant rigolo<\/a> et la <a href=\"\/fr\/decoration-maison\/objets-decoratifs\/sculpture-ethnique-tortue\/\" target=\"_blank\" rel=\"noopener\">mignonne tortue<\/a>.<\/p>\n<p>Dimensions : 25x8xh14 cm<\/p>\n<p>Ces sculptures animali\u00e8res ethniques sont faites main et sont donc susceptibles de pr\u00e9senter certaines imperfections qui garantissent leur authenticit\u00e9. L&rsquo; une des pattes de la sculpture cheval est l\u00e9g\u00e8rement cass\u00e9e.<\/p>\n","protected":false},"excerpt":{"rendered":"<p>Poterie traditionnelle du Rif (Nord du Maroc) repr\u00e9sentant un cheval. <strong>Objet ethnique et unique pour une d\u00e9co personnalis\u00e9e et insolite.<\/strong><\/p>\n","protected":false},"featured_media":10964,"comment_status":"open","ping_status":"closed","template":"","meta":[],"product_brand":[],"product_cat":[473,467,598],"product_tag":[459,899],"class_list":{"0":"post-10952","1":"product","2":"type-product","3":"status-publish","4":"has-post-thumbnail","6":"product_cat-objets-decoratifs","7":"product_cat-decoration-maison","8":"product_cat-soldes","9":"product_tag-latitude-ethnique","10":"product_tag-no-us","12":"first","13":"instock","14":"sale","15":"taxable","16":"shipping-taxable","17":"purchasable","18":"product-type-simple"},"_links":{"self":[{"href":"https:\/\/www.latitude31n.com\/fr\/wp-json\/wp\/v2\/product\/10952","targetHints":{"allow":["GET"]}}],"collection":[{"href":"https:\/\/www.latitude31n.com\/fr\/wp-json\/wp\/v2\/product"}],"about":[{"href":"https:\/\/www.latitude31n.com\/fr\/wp-json\/wp\/v2\/types\/product"}],"replies":[{"embeddable":true,"href":"https:\/\/www.latitude31n.com\/fr\/wp-json\/wp\/v2\/comments?post=10952"}],"wp:featuredmedia":[{"embeddable":true,"href":"https:\/\/www.latitude31n.com\/fr\/wp-json\/wp\/v2\/media\/10964"}],"wp:attachment":[{"href":"https:\/\/www.latitude31n.com\/fr\/wp-json\/wp\/v2\/media?parent=10952"}],"wp:term":[{"taxonomy":"product_brand","embeddable":true,"href":"https:\/\/www.latitude31n.com\/fr\/wp-json\/wp\/v2\/product_brand?post=10952"},{"taxonomy":"product_cat","embeddable":true,"href":"https:\/\/www.latitude31n.com\/fr\/wp-json\/wp\/v2\/product_cat?post=10952"},{"taxonomy":"product_tag","embeddable":true,"href":"https:\/\/www.latitude31n.com\/fr\/wp-json\/wp\/v2\/product_tag?post=10952"}],"curies":[{"name":"wp","href":"https:\/\/api.w.org\/{rel}","templated":true}]}}