{"id":10746,"date":"2022-04-15T17:14:40","date_gmt":"2022-04-15T16:14:40","guid":{"rendered":"https:\/\/www.latitude31n.com\/?post_type=product&#038;p=10746"},"modified":"2023-11-25T02:44:27","modified_gmt":"2023-11-25T01:44:27","slug":"corbeilles-berberes-multicolores","status":"publish","type":"product","link":"https:\/\/www.latitude31n.com\/fr\/paniers-rangements\/motifs-colores\/corbeilles-berberes-multicolores\/","title":{"rendered":"Trio de corbeilles violettes"},"content":{"rendered":"<h2>Paniers ethniques color\u00e9s avec couvercle<\/h2>\n<p><a href=\"\/fr\/paniers-marocains-colores\/\" target=\"_blank\" rel=\"noopener\">Ces magnifiques petits paniers berb\u00e8res en osier<\/a> ajouteront une touche de couleurs dans tout int\u00e9rieur. Donnez un peu de gaiet\u00e9 \u00e0 vos \u00e9tag\u00e8res, votre salle de bain, votre biblioth\u00e8que. Ces paniers pointus se placent partout. En trio, c&rsquo;est le moyen parfait d&rsquo;apporter un peu de fantaisie gr\u00e2ce \u00e0 leurs couleurs et motifs.<\/p>\n<div class=\"flex flex-grow flex-col max-w-full gap-3 gizmo:gap-0\">\n<div class=\"min-h-[20px] text-message flex flex-col items-start gap-3 whitespace-pre-wrap break-words [.text-message+&amp;]:mt-5 overflow-x-auto\" data-message-author-role=\"assistant\" data-message-id=\"d6b5b2fc-a909-4449-b0b5-c88a9957d644\">\n<div class=\"markdown prose w-full break-words dark:prose-invert dark\">\n<p>Originellement employ\u00e9es pour le pain et les mets, ces d\u00e9licates corbeilles tress\u00e9es sont de v\u00e9ritables \u0153uvres d&rsquo;art, r\u00e9interpr\u00e9tant les symboles et motifs g\u00e9om\u00e9triques embl\u00e9matiques du Maroc. Tiss\u00e9s avec de l&rsquo;osier et rev\u00eatus de laine color\u00e9e, les paniers berb\u00e8res du sud marocain offrent un design graphique captivant et extr\u00e9mement visuel.<\/p>\n<\/div>\n<\/div>\n<\/div>\n<h2><strong>Des cr\u00e9ations uniques et remarquables<\/strong><\/h2>\n<div class=\"flex flex-grow flex-col max-w-full gap-3 gizmo:gap-0\">\n<div class=\"min-h-[20px] text-message flex flex-col items-start gap-3 whitespace-pre-wrap break-words [.text-message+&amp;]:mt-5 overflow-x-auto\" data-message-author-role=\"assistant\" data-message-id=\"ea8e1d99-606d-425a-860a-0a9d10644d79\">\n<div class=\"markdown prose w-full break-words dark:prose-invert dark\">\n<p>Chaque panier a son charme. Le trio ajoute une note de couleur pour \u00e9gayer subtilement votre int\u00e9rieur.<\/p>\n<\/div>\n<\/div>\n<\/div>\n<p>Pourquoi je les aime :<\/p>\n<p><strong><em>Je prends du temps \u00e0 les choisir, en g\u00e9n\u00e9ral pour leur harmonie de couleurs. A dominante violette, ce trio produit un effet apaisant et vivant \u00e0 la fois.<\/em><\/strong><\/p>\n<p>Dimensions : hauteur environ 25 cm<\/p>\n<p>Choisissez parmi nos <a href=\"\/fr\/paniers-rangements\/motifs-colores\/\" target=\"_blank\" rel=\"noopener\">diff\u00e9rents paniers color\u00e9s<\/a> si vous voulez cr\u00e9er une collection.<\/p>\n<p>Ces pani\u00e8res sont artisanales, faites \u00e0 la main au Maroc, elle peuvent pr\u00e9senter certaines imperfections qui garantissent leur authenticit\u00e9.<\/p>\n","protected":false},"excerpt":{"rendered":"<p>Ces petits paniers l\u00e0, on ne les choisit pas pour le rangement (m\u00eame s&rsquo;ils sont utiles), mais pour leurs motifs graphiques et leurs couleurs gaies.<\/p>\n","protected":false},"featured_media":13430,"comment_status":"open","ping_status":"closed","template":"","meta":[],"product_brand":[],"product_cat":[635,28,471],"product_tag":[463,300,79],"class_list":{"0":"post-10746","1":"product","2":"type-product","3":"status-publish","4":"has-post-thumbnail","6":"product_cat-motifs-colores","7":"product_cat-paniers-rangements","8":"product_cat-vases-cache-pots","9":"product_tag-latitude-pop","10":"product_tag-paille","11":"product_tag-rotin","13":"first","14":"instock","15":"taxable","16":"shipping-taxable","17":"purchasable","18":"product-type-simple"},"_links":{"self":[{"href":"https:\/\/www.latitude31n.com\/fr\/wp-json\/wp\/v2\/product\/10746","targetHints":{"allow":["GET"]}}],"collection":[{"href":"https:\/\/www.latitude31n.com\/fr\/wp-json\/wp\/v2\/product"}],"about":[{"href":"https:\/\/www.latitude31n.com\/fr\/wp-json\/wp\/v2\/types\/product"}],"replies":[{"embeddable":true,"href":"https:\/\/www.latitude31n.com\/fr\/wp-json\/wp\/v2\/comments?post=10746"}],"wp:featuredmedia":[{"embeddable":true,"href":"https:\/\/www.latitude31n.com\/fr\/wp-json\/wp\/v2\/media\/13430"}],"wp:attachment":[{"href":"https:\/\/www.latitude31n.com\/fr\/wp-json\/wp\/v2\/media?parent=10746"}],"wp:term":[{"taxonomy":"product_brand","embeddable":true,"href":"https:\/\/www.latitude31n.com\/fr\/wp-json\/wp\/v2\/product_brand?post=10746"},{"taxonomy":"product_cat","embeddable":true,"href":"https:\/\/www.latitude31n.com\/fr\/wp-json\/wp\/v2\/product_cat?post=10746"},{"taxonomy":"product_tag","embeddable":true,"href":"https:\/\/www.latitude31n.com\/fr\/wp-json\/wp\/v2\/product_tag?post=10746"}],"curies":[{"name":"wp","href":"https:\/\/api.w.org\/{rel}","templated":true}]}}