{"id":10158,"date":"2022-04-08T15:41:57","date_gmt":"2022-04-08T14:41:57","guid":{"rendered":"https:\/\/www.latitude31n.com\/?post_type=product&#038;p=10158"},"modified":"2025-10-30T15:30:04","modified_gmt":"2025-10-30T14:30:04","slug":"tabouret-trepied-bois-brut","status":"publish","type":"product","link":"https:\/\/www.latitude31n.com\/fr\/assises-petit-mobilier\/bancs-tabourets\/tabouret-trepied-bois-brut\/","title":{"rendered":"Tabouret tr\u00e9pied en bois brut"},"content":{"rendered":"<h2>Tabouret rond en bois, 3 pieds<\/h2>\n<p>Ce petit <strong>tabouret rond en bois<\/strong>\u00a0 est fabriqu\u00e9 \u00e0 la main au Maroc. Le bois d&rsquo;eucalyptus est brut et de couleur claire. Le dessus est coup\u00e9 dans le tronc, les veines du bois sont apparentes. Avec son rendu rustique caract\u00e9ristique du fait main et sa teinte neutre, ce petit si\u00e8ge qu&rsquo;on peut aussi d\u00e9tourner en table de chevet ou table d&rsquo;appoint, apporte une touche minimaliste.<\/p>\n<p>De plus, son design simple lui permet de s&rsquo;int\u00e9grer facilement dans toute d\u00e9coration.<\/p>\n<h2>Tr\u00e9pied bois table d&rsquo;appoint ou tabouret minimaliste<\/h2>\n<p>Que vous l&rsquo;utilisiez en guise de table de chevet, en petite table d&rsquo;appoint dans votre salon ou dans la salle de bain pour supporter serviettes et savon, ce tr\u00e9pied bois devient vite un accessoire d\u00e9co indispensable.<\/p>\n<p>On l&rsquo;aime pour : <strong><em>son design, sa solidit\u00e9 et sa stabilit\u00e9.<\/em><\/strong><\/p>\n<p>Dimensions : l\u00e9g\u00e8rement ovale, 35x42xh45 cm<\/p>\n<p>Ce tabouret est unique et fabriqu\u00e9 artisanalement; il peut comporter certaines imperfections qui sont la garantie de son authenticit\u00e9 et ajoutent \u00e0 son charme. N&rsquo;h\u00e9sitez pas \u00e0 me demander plus de photos.<\/p>\n","protected":false},"excerpt":{"rendered":"<h2>Tabouret \u00e0 trois pieds, en bois plein.<\/h2>\n<p>Vous aimez la d\u00e9co boh\u00e8me et design en m\u00eame temps ? Apportez une touche scandinave et campagne avec notre tabouret rond en bois. Brut et pur \u00e0 la fois, il vous aide \u00e0 cr\u00e9er un int\u00e9rieur inspir\u00e9.<\/p>\n<ul>\n<li>Bois d&rsquo;eucalyptus<\/li>\n<li>si\u00e8ge coup\u00e9 dans le tronc<\/li>\n<li>forme ovale : 35x42xh45 cm<\/li>\n<li>fabrication artisanale marocaine<\/li>\n<\/ul>\n","protected":false},"featured_media":31840,"comment_status":"open","ping_status":"closed","template":"","meta":[],"product_brand":[],"product_cat":[501,34],"product_tag":[464,899],"class_list":{"0":"post-10158","1":"product","2":"type-product","3":"status-publish","4":"has-post-thumbnail","6":"product_cat-bancs-tabourets","7":"product_cat-assises-petit-mobilier","8":"product_tag-latitude-soft","9":"product_tag-no-us","11":"first","12":"instock","13":"taxable","14":"shipping-taxable","15":"purchasable","16":"product-type-simple"},"_links":{"self":[{"href":"https:\/\/www.latitude31n.com\/fr\/wp-json\/wp\/v2\/product\/10158","targetHints":{"allow":["GET"]}}],"collection":[{"href":"https:\/\/www.latitude31n.com\/fr\/wp-json\/wp\/v2\/product"}],"about":[{"href":"https:\/\/www.latitude31n.com\/fr\/wp-json\/wp\/v2\/types\/product"}],"replies":[{"embeddable":true,"href":"https:\/\/www.latitude31n.com\/fr\/wp-json\/wp\/v2\/comments?post=10158"}],"wp:featuredmedia":[{"embeddable":true,"href":"https:\/\/www.latitude31n.com\/fr\/wp-json\/wp\/v2\/media\/31840"}],"wp:attachment":[{"href":"https:\/\/www.latitude31n.com\/fr\/wp-json\/wp\/v2\/media?parent=10158"}],"wp:term":[{"taxonomy":"product_brand","embeddable":true,"href":"https:\/\/www.latitude31n.com\/fr\/wp-json\/wp\/v2\/product_brand?post=10158"},{"taxonomy":"product_cat","embeddable":true,"href":"https:\/\/www.latitude31n.com\/fr\/wp-json\/wp\/v2\/product_cat?post=10158"},{"taxonomy":"product_tag","embeddable":true,"href":"https:\/\/www.latitude31n.com\/fr\/wp-json\/wp\/v2\/product_tag?post=10158"}],"curies":[{"name":"wp","href":"https:\/\/api.w.org\/{rel}","templated":true}]}}