{"id":10143,"date":"2022-04-08T12:56:28","date_gmt":"2022-04-08T11:56:28","guid":{"rendered":"https:\/\/www.latitude31n.com\/?post_type=product&#038;p=10143"},"modified":"2025-03-16T18:10:48","modified_gmt":"2025-03-16T17:10:48","slug":"seau-pneu-esprit-recup","status":"publish","type":"product","link":"https:\/\/www.latitude31n.com\/fr\/decoration-maison\/vases-cache-pots\/seau-pneu-esprit-recup\/","title":{"rendered":"Seau pneu esprit r\u00e9cup"},"content":{"rendered":"<p>Pot ventru en forme de seau fait \u00e0 la main en pneu de r\u00e9cup\u00e9ration.<\/p>\n<p>Les vieux pneus d\u00e9couvrent une nouvelle fonction, dans un pur esprit d&rsquo;upcycling. D\u00e9coup\u00e9s, transform\u00e9s, les seaux deviennent accessoires de d\u00e9co originaux et insolites. D&rsquo;une jolie forme ronde, les pots en caoutchouc recycl\u00e9 apportent une touche d\u00e9co inattendue \u00e0 votre maison. Ils sont le parfait alliage de l&rsquo;esprit vintage contemporain.<\/p>\n<p>Ils ne sont pas totalement \u00e9tanches et peuvent donc id\u00e9alement recevoir vos plantes. Ils pourront \u00e9galement accueillir fruits et l\u00e9gumes, servir de vide-poche dans l&rsquo;entr\u00e9e ou dans une chambre d&rsquo;adolescent. De par leur mat\u00e9riau r\u00e9sistant et lavable, ils seront utiles dans une salle de bain au style industriel et moderne.<\/p>\n<p>Pourquoi je l&rsquo;aime :<\/p>\n<p><strong><em>J&rsquo;ai une passion pour les objets d\u00e9tourn\u00e9s et transform\u00e9s, ils me fascinent. J&rsquo;aime particuli\u00e8rement la forme boule de ces contenants, ainsi que les dessins graphiques et r\u00e9p\u00e9titifs que l&rsquo;on peut voir sur les bordures et les anses.<\/em><\/strong><\/p>\n<p>Dimensions: diam.20xh18cm environ<\/p>\n<p>Ces r\u00e9cipients en pneu recycl\u00e9 sont fait main et peuvent comporter certaines imperfections qui garantissent le travail humain et leur authenticit\u00e9.<\/p>\n<p>&nbsp;<\/p>\n","protected":false},"excerpt":{"rendered":"<p>Pur upcycling avec ce pot ventru en caoutchouc recycl\u00e9. D\u00e9coup\u00e9, transform\u00e9 en seaux, les pneus deviennent accessoires de d\u00e9co inattendu et originaux.<\/p>\n","protected":false},"featured_media":10149,"comment_status":"open","ping_status":"closed","template":"","meta":[],"product_brand":[],"product_cat":[471,467,598],"product_tag":[],"class_list":{"0":"post-10143","1":"product","2":"type-product","3":"status-publish","4":"has-post-thumbnail","6":"product_cat-vases-cache-pots","7":"product_cat-decoration-maison","8":"product_cat-soldes","10":"first","11":"instock","12":"sale","13":"taxable","14":"shipping-taxable","15":"purchasable","16":"product-type-simple"},"_links":{"self":[{"href":"https:\/\/www.latitude31n.com\/fr\/wp-json\/wp\/v2\/product\/10143","targetHints":{"allow":["GET"]}}],"collection":[{"href":"https:\/\/www.latitude31n.com\/fr\/wp-json\/wp\/v2\/product"}],"about":[{"href":"https:\/\/www.latitude31n.com\/fr\/wp-json\/wp\/v2\/types\/product"}],"replies":[{"embeddable":true,"href":"https:\/\/www.latitude31n.com\/fr\/wp-json\/wp\/v2\/comments?post=10143"}],"wp:featuredmedia":[{"embeddable":true,"href":"https:\/\/www.latitude31n.com\/fr\/wp-json\/wp\/v2\/media\/10149"}],"wp:attachment":[{"href":"https:\/\/www.latitude31n.com\/fr\/wp-json\/wp\/v2\/media?parent=10143"}],"wp:term":[{"taxonomy":"product_brand","embeddable":true,"href":"https:\/\/www.latitude31n.com\/fr\/wp-json\/wp\/v2\/product_brand?post=10143"},{"taxonomy":"product_cat","embeddable":true,"href":"https:\/\/www.latitude31n.com\/fr\/wp-json\/wp\/v2\/product_cat?post=10143"},{"taxonomy":"product_tag","embeddable":true,"href":"https:\/\/www.latitude31n.com\/fr\/wp-json\/wp\/v2\/product_tag?post=10143"}],"curies":[{"name":"wp","href":"https:\/\/api.w.org\/{rel}","templated":true}]}}