{"id":10119,"date":"2022-04-07T16:34:31","date_gmt":"2022-04-07T15:34:31","guid":{"rendered":"https:\/\/www.latitude31n.com\/?post_type=product&#038;p=10119"},"modified":"2026-01-14T12:42:14","modified_gmt":"2026-01-14T11:42:14","slug":"chapeau-deco-franges-raphia","status":"publish","type":"product","link":"https:\/\/www.latitude31n.com\/fr\/decoration-murale\/chapeaux\/chapeau-deco-franges-raphia\/","title":{"rendered":"Chapeau d\u00e9co franges raphia"},"content":{"rendered":"<h2><strong>Chapeau marocain, artisanat revisit\u00e9<\/strong><\/h2>\n<p>Le traditionnel chapeau de paille est entour\u00e9 d&rsquo;une frange de raphia touffu pour une <strong>d\u00e9coration murale naturelle et ensoleill\u00e9e. <\/strong>Nos artisans marocains tressent les chapeaux \u00e0 l&rsquo;aide de feuilles de palmier naturel qu&rsquo;ils agr\u00e9mentent ensuite de brins de raphia.<\/p>\n<h2><strong>D\u00e9coration murale avec des chapeaux<\/strong><\/h2>\n<p>Associ\u00e9 \u00e0 d&rsquo;autres chapeaux ou d\u00e9corations murales (paniers, corbeilles&#8230;), il vous permettra de cr\u00e9er un <strong>mur attrayant et visuel<\/strong>. Si vous voulez apporter un accent<strong> tendre boh\u00e8me<\/strong>, restez dans des tons neutres et naturels.<\/p>\n<p>Le petit + :<\/p>\n<p><strong><em>C&rsquo;est un moyen facile de donner vie \u00e0 vos murs et un esprit vacances ou campagne \u00e0 votre maison.<\/em><\/strong><\/p>\n<p>Fabriqu\u00e9 \u00e0 la main au Maroc, il est superbe \u00e9galement port\u00e9.<\/p>\n<p>Si vous comptez l&rsquo;associer avec d&rsquo;autres chapeaux, le <a href=\"\/fr\/decoration-murale\/chapeaux\/chapeau-palmier-clair\/\" target=\"_blank\" rel=\"noopener\">simple chapeau en palmier<\/a> ou le<a href=\"\/fr\/decoration-murale\/chapeaux\/chapeau-boheme-frange\/\" target=\"_blank\" rel=\"noopener\"> chapeau soleil<\/a> peuvent \u00e9galement vous int\u00e9resser.<\/p>\n<p>Dimensions :<\/p>\n<p>S : 40cm\/50cm avec franges<\/p>\n<p>M : 60cm\/75cm avec franges<\/p>\n<p>L : 80cm\/100cm avec franges<\/p>\n<p>XL : 90\/110 cm avec franges<\/p>\n<p>Ce chapeau est artisanal et peut comporter certaines imperfections qui sont la garantie de son authenticit\u00e9.<\/p>\n","protected":false},"excerpt":{"rendered":"<p>Grand chapeau de paille, d\u00e9coration murale ou \u00e0 porter, dont le pourtour est agr\u00e9ment\u00e9 d&rsquo;une frange touffue de raphia.<\/p>\n<p><strong>Un air de vacances et de libert\u00e9 souffle sur la maison.<\/strong><\/p>\n<ul>\n<li>A porter ou \u00e0 accrocher<\/li>\n<li>Mati\u00e8res : doum et raphia<\/li>\n<li>4 dimensions disponibles<\/li>\n<\/ul>\n","protected":false},"featured_media":13380,"comment_status":"open","ping_status":"closed","template":"","meta":[],"product_brand":[],"product_cat":[499,23],"product_tag":[464,300],"class_list":{"0":"post-10119","1":"product","2":"type-product","3":"status-publish","4":"has-post-thumbnail","6":"product_cat-chapeaux","7":"product_cat-decoration-murale","8":"product_tag-latitude-soft","9":"product_tag-paille","11":"first","12":"instock","13":"taxable","14":"shipping-taxable","15":"purchasable","16":"product-type-variable"},"_links":{"self":[{"href":"https:\/\/www.latitude31n.com\/fr\/wp-json\/wp\/v2\/product\/10119","targetHints":{"allow":["GET"]}}],"collection":[{"href":"https:\/\/www.latitude31n.com\/fr\/wp-json\/wp\/v2\/product"}],"about":[{"href":"https:\/\/www.latitude31n.com\/fr\/wp-json\/wp\/v2\/types\/product"}],"replies":[{"embeddable":true,"href":"https:\/\/www.latitude31n.com\/fr\/wp-json\/wp\/v2\/comments?post=10119"}],"wp:featuredmedia":[{"embeddable":true,"href":"https:\/\/www.latitude31n.com\/fr\/wp-json\/wp\/v2\/media\/13380"}],"wp:attachment":[{"href":"https:\/\/www.latitude31n.com\/fr\/wp-json\/wp\/v2\/media?parent=10119"}],"wp:term":[{"taxonomy":"product_brand","embeddable":true,"href":"https:\/\/www.latitude31n.com\/fr\/wp-json\/wp\/v2\/product_brand?post=10119"},{"taxonomy":"product_cat","embeddable":true,"href":"https:\/\/www.latitude31n.com\/fr\/wp-json\/wp\/v2\/product_cat?post=10119"},{"taxonomy":"product_tag","embeddable":true,"href":"https:\/\/www.latitude31n.com\/fr\/wp-json\/wp\/v2\/product_tag?post=10119"}],"curies":[{"name":"wp","href":"https:\/\/api.w.org\/{rel}","templated":true}]}}