{"id":10079,"date":"2022-04-01T14:42:20","date_gmt":"2022-04-01T13:42:20","guid":{"rendered":"https:\/\/www.latitude31n.com\/?post_type=product&#038;p=10079"},"modified":"2025-12-04T11:16:06","modified_gmt":"2025-12-04T10:16:06","slug":"panier-linge-osier","status":"publish","type":"product","link":"https:\/\/www.latitude31n.com\/fr\/paniers-rangements\/teintes-naturelles\/panier-linge-osier\/","title":{"rendered":"Panier \u00e0 linge en osier"},"content":{"rendered":"<h2><strong>Grande corbeille \u00e0 linge<\/strong><\/h2>\n<p>R\u00e9alis\u00e9e par nos artisans en osier naturel brod\u00e9 de laine blanche.<\/p>\n<p>Le panier rond vous permet d&rsquo;entreposer le linge sale ou tout autre rangement pour la maison. Le linge est cach\u00e9 de la vue gr\u00e2ce \u00e0 son couvercle agr\u00e9ment\u00e9 d&rsquo;un joli pompon blanc. La forme bonbonne et les broderies blanches vous permettront de donner une douce touche d\u00e9co \u00e0 votre int\u00e9rieur.<\/p>\n<h2>Panier marocain pour rangement ou linge<\/h2>\n<p>Ce panier \u00e0 linge marocain est id\u00e9al pour la salle de bains, la buanderie ou une chambre \u00e0 coucher. Il peut aussi \u00eatre utilis\u00e9 comme panier \u00e0 jouets.<\/p>\n<p>Pourquoi je l&rsquo;aime :<\/p>\n<p><em><strong>Son design arrondi et la broderie blanche d\u00e9licate.<\/strong><\/em><\/p>\n<p>Dimensions : M : diam 40xh40cm &#8212;- L : diam.40xh60cm (sans le couvercle)<\/p>\n<p>Ce grand panier est fabriqu\u00e9 artisanalement au Maroc; il peut comporter certaines imperfections qui sont la garantie de son authenticit\u00e9.<\/p>\n","protected":false},"excerpt":{"rendered":"<p>Rangement et d\u00e9co font bon m\u00e9nage avec cette grande corbeille aux formes et teintes douces.<\/p>\n<p>Une jolie touche d\u00e9co pour ranger votre linge.<\/p>\n","protected":false},"featured_media":20174,"comment_status":"open","ping_status":"closed","template":"","meta":[],"product_brand":[],"product_cat":[634,28],"product_tag":[464,899,180,79],"class_list":{"0":"post-10079","1":"product","2":"type-product","3":"status-publish","4":"has-post-thumbnail","6":"product_cat-teintes-naturelles","7":"product_cat-paniers-rangements","8":"product_tag-latitude-soft","9":"product_tag-no-us","10":"product_tag-palmier","11":"product_tag-rotin","13":"first","14":"instock","15":"taxable","16":"shipping-taxable","17":"purchasable","18":"product-type-variable"},"_links":{"self":[{"href":"https:\/\/www.latitude31n.com\/fr\/wp-json\/wp\/v2\/product\/10079","targetHints":{"allow":["GET"]}}],"collection":[{"href":"https:\/\/www.latitude31n.com\/fr\/wp-json\/wp\/v2\/product"}],"about":[{"href":"https:\/\/www.latitude31n.com\/fr\/wp-json\/wp\/v2\/types\/product"}],"replies":[{"embeddable":true,"href":"https:\/\/www.latitude31n.com\/fr\/wp-json\/wp\/v2\/comments?post=10079"}],"wp:featuredmedia":[{"embeddable":true,"href":"https:\/\/www.latitude31n.com\/fr\/wp-json\/wp\/v2\/media\/20174"}],"wp:attachment":[{"href":"https:\/\/www.latitude31n.com\/fr\/wp-json\/wp\/v2\/media?parent=10079"}],"wp:term":[{"taxonomy":"product_brand","embeddable":true,"href":"https:\/\/www.latitude31n.com\/fr\/wp-json\/wp\/v2\/product_brand?post=10079"},{"taxonomy":"product_cat","embeddable":true,"href":"https:\/\/www.latitude31n.com\/fr\/wp-json\/wp\/v2\/product_cat?post=10079"},{"taxonomy":"product_tag","embeddable":true,"href":"https:\/\/www.latitude31n.com\/fr\/wp-json\/wp\/v2\/product_tag?post=10079"}],"curies":[{"name":"wp","href":"https:\/\/api.w.org\/{rel}","templated":true}]}}