{"id":10073,"date":"2022-03-31T20:42:18","date_gmt":"2022-03-31T19:42:18","guid":{"rendered":"https:\/\/www.latitude31n.com\/?post_type=product&#038;p=10073"},"modified":"2026-01-23T11:39:40","modified_gmt":"2026-01-23T10:39:40","slug":"panier-marocain-colore","status":"publish","type":"product","link":"https:\/\/www.latitude31n.com\/fr\/paniers-rangements\/panier-marocain-colore\/","title":{"rendered":"Panier marocain color\u00e9"},"content":{"rendered":"<h2>Corbeille berb\u00e8re color\u00e9e avec couvercle pointu<\/h2>\n<p><a href=\"\/fr\/paniers-marocains-colores\/\" target=\"_blank\" rel=\"noopener\">Ces paniers multicolores<\/a> r\u00e9alis\u00e9s en osier et laine sont une tradition ancienne qui remonte \u00e0 plusieurs g\u00e9n\u00e9rations au sein des communaut\u00e9s berb\u00e8res de la r\u00e9gion de Taznakht. La laine a \u00e9t\u00e9 utilis\u00e9e depuis longtemps dans la d\u00e9coration de ces paniers pour cr\u00e9er des motifs color\u00e9s et des designs artistiques.<\/p>\n<p>Traditionnellement utilis\u00e9s pour le pain et les aliments, ce sont d&rsquo;uniques \u0153uvres d&rsquo;art ethnique aux symboles et motifs g\u00e9om\u00e9triques du Maroc.<\/p>\n<h2>De la couleur dans notre d\u00e9co<\/h2>\n<p>Disposez-les sur votre console d&rsquo;entr\u00e9e, votre bureau ou votre \u00e9tag\u00e8re, et voil\u00e0 ! Votre espace reste bien rang\u00e9, et vous b\u00e9n\u00e9ficiez d&rsquo;une touche quotidienne de couleur.<\/p>\n<p>Vous pouvez les utiliser comme pots de fleurs d\u00e9coratifs pour des plantes d&rsquo;int\u00e9rieur. Cela cr\u00e9e un contraste int\u00e9ressant entre la nature et l&rsquo;artisanat.<\/p>\n<p>Pourquoi je les aime :<\/p>\n<p><em><strong>ils ont tous une forme un peu ventru, et des dessins g\u00e9om\u00e9triques tr\u00e8s graphiques. Il ajoutent la petite touche color\u00e9e et joyeuse dont on a tous besoin et s&rsquo;int\u00e8grent un peu partout dans la maison.<\/strong><\/em><\/p>\n<p>Dimensions : environ h30cm<\/p>\n<p>Cette pani\u00e8re est totalement artisanale, faite \u00e0 la main au Maroc, elle peut pr\u00e9senter certaines imperfections qui garantissent son authenticit\u00e9.<\/p>\n","protected":false},"excerpt":{"rendered":"<p>Avec leurs formes de poire et leurs motifs g\u00e9om\u00e9triques color\u00e9s, les paniers berb\u00e8res ajoutent la petite touche color\u00e9e et joyeuse dont on a tous besoin et s&rsquo;int\u00e8grent un peu partout dans la maison.<\/p>\n<p>De vraies \u0153uvres d&rsquo;art tress\u00e9es en osier et recouvertes de laine color\u00e9e.<\/p>\n","protected":false},"featured_media":10075,"comment_status":"open","ping_status":"closed","template":"","meta":[],"product_brand":[],"product_cat":[28,635,598,471],"product_tag":[128,139,235,80,147,79],"class_list":{"0":"post-10073","1":"product","2":"type-product","3":"status-publish","4":"has-post-thumbnail","6":"product_cat-paniers-rangements","7":"product_cat-motifs-colores","8":"product_cat-soldes","9":"product_cat-vases-cache-pots","10":"product_tag-cadeau-pour-elle","11":"product_tag-graphique","12":"product_tag-multicolore","13":"product_tag-osier","14":"product_tag-paniere","15":"product_tag-rotin","17":"first","18":"instock","19":"sale","20":"taxable","21":"shipping-taxable","22":"purchasable","23":"product-type-simple"},"_links":{"self":[{"href":"https:\/\/www.latitude31n.com\/fr\/wp-json\/wp\/v2\/product\/10073","targetHints":{"allow":["GET"]}}],"collection":[{"href":"https:\/\/www.latitude31n.com\/fr\/wp-json\/wp\/v2\/product"}],"about":[{"href":"https:\/\/www.latitude31n.com\/fr\/wp-json\/wp\/v2\/types\/product"}],"replies":[{"embeddable":true,"href":"https:\/\/www.latitude31n.com\/fr\/wp-json\/wp\/v2\/comments?post=10073"}],"wp:featuredmedia":[{"embeddable":true,"href":"https:\/\/www.latitude31n.com\/fr\/wp-json\/wp\/v2\/media\/10075"}],"wp:attachment":[{"href":"https:\/\/www.latitude31n.com\/fr\/wp-json\/wp\/v2\/media?parent=10073"}],"wp:term":[{"taxonomy":"product_brand","embeddable":true,"href":"https:\/\/www.latitude31n.com\/fr\/wp-json\/wp\/v2\/product_brand?post=10073"},{"taxonomy":"product_cat","embeddable":true,"href":"https:\/\/www.latitude31n.com\/fr\/wp-json\/wp\/v2\/product_cat?post=10073"},{"taxonomy":"product_tag","embeddable":true,"href":"https:\/\/www.latitude31n.com\/fr\/wp-json\/wp\/v2\/product_tag?post=10073"}],"curies":[{"name":"wp","href":"https:\/\/api.w.org\/{rel}","templated":true}]}}