{"id":10046,"date":"2022-03-31T12:43:17","date_gmt":"2022-03-31T11:43:17","guid":{"rendered":"https:\/\/www.latitude31n.com\/?post_type=product&#038;p=10046"},"modified":"2026-01-23T11:42:45","modified_gmt":"2026-01-23T10:42:45","slug":"corbeille-berbere-losanges","status":"publish","type":"product","link":"https:\/\/www.latitude31n.com\/fr\/paniers-rangements\/corbeille-berbere-losanges\/","title":{"rendered":"Petite corbeille berb\u00e8re"},"content":{"rendered":"<p>Ces magnifiques petits paniers ajouteront une <strong>touche boh\u00e8me tendance graphique pop<\/strong> dans votre int\u00e9rieur. Donnez un peu de gaiet\u00e9 \u00e0 vos \u00e9tag\u00e8res, votre salle de bain, votre biblioth\u00e8que. Il trouvera sa place partout.<\/p>\n<p>Traditionnellement utilis\u00e9s pour le pain et les aliments, ce sont de vraies <strong>\u0153uvres d&rsquo;art ethnique<\/strong> qui reprennent les <strong>symboles et motifs g\u00e9om\u00e9triques du Maroc<\/strong>. Ils sont tress\u00e9s d&rsquo;osier et recouverts de laine color\u00e9e.<\/p>\n<p>En collection, en grappes ou en pairs, ils apporteront originalit\u00e9 et l&rsquo;effet \u00ab\u00a0whaou\u00a0\u00bb. Tous uniques, tous remarquables.<\/p>\n<p>Pourquoi je les aime :<\/p>\n<p><strong><em>Celui-ci, c&rsquo;est son couvercle qui m&rsquo;a fait craquer. On dirait un petit chapeau.<br \/>\n<\/em><\/strong><\/p>\n<p>Dimensions : environ h30cm<\/p>\n<p>Cette pani\u00e8re est totalement artisanale, faite \u00e0 la main au Maroc, elle peut pr\u00e9senter certaines imperfections qui garantissent son authenticit\u00e9.<\/p>\n","protected":false},"excerpt":{"rendered":"<p>Petit panier au look tr\u00e8s contemporain, des couleurs vives et audacieuses, des motifs tr\u00e8s graphique, une forme moderne.<\/p>\n","protected":false},"featured_media":13595,"comment_status":"open","ping_status":"closed","template":"","meta":[],"product_brand":[],"product_cat":[28,635,598,471],"product_tag":[128,139,463,235,80,147,79],"class_list":{"0":"post-10046","1":"product","2":"type-product","3":"status-publish","4":"has-post-thumbnail","6":"product_cat-paniers-rangements","7":"product_cat-motifs-colores","8":"product_cat-soldes","9":"product_cat-vases-cache-pots","10":"product_tag-cadeau-pour-elle","11":"product_tag-graphique","12":"product_tag-latitude-pop","13":"product_tag-multicolore","14":"product_tag-osier","15":"product_tag-paniere","16":"product_tag-rotin","18":"first","19":"instock","20":"sale","21":"taxable","22":"shipping-taxable","23":"purchasable","24":"product-type-simple"},"_links":{"self":[{"href":"https:\/\/www.latitude31n.com\/fr\/wp-json\/wp\/v2\/product\/10046","targetHints":{"allow":["GET"]}}],"collection":[{"href":"https:\/\/www.latitude31n.com\/fr\/wp-json\/wp\/v2\/product"}],"about":[{"href":"https:\/\/www.latitude31n.com\/fr\/wp-json\/wp\/v2\/types\/product"}],"replies":[{"embeddable":true,"href":"https:\/\/www.latitude31n.com\/fr\/wp-json\/wp\/v2\/comments?post=10046"}],"wp:featuredmedia":[{"embeddable":true,"href":"https:\/\/www.latitude31n.com\/fr\/wp-json\/wp\/v2\/media\/13595"}],"wp:attachment":[{"href":"https:\/\/www.latitude31n.com\/fr\/wp-json\/wp\/v2\/media?parent=10046"}],"wp:term":[{"taxonomy":"product_brand","embeddable":true,"href":"https:\/\/www.latitude31n.com\/fr\/wp-json\/wp\/v2\/product_brand?post=10046"},{"taxonomy":"product_cat","embeddable":true,"href":"https:\/\/www.latitude31n.com\/fr\/wp-json\/wp\/v2\/product_cat?post=10046"},{"taxonomy":"product_tag","embeddable":true,"href":"https:\/\/www.latitude31n.com\/fr\/wp-json\/wp\/v2\/product_tag?post=10046"}],"curies":[{"name":"wp","href":"https:\/\/api.w.org\/{rel}","templated":true}]}}