{"id":10016,"date":"2022-03-22T18:11:12","date_gmt":"2022-03-22T17:11:12","guid":{"rendered":"https:\/\/www.latitude31n.com\/?post_type=product&#038;p=10016"},"modified":"2026-04-11T11:17:25","modified_gmt":"2026-04-11T10:17:25","slug":"tete-taureau-brodee","status":"publish","type":"product","link":"https:\/\/www.latitude31n.com\/fr\/trophees-tetes-animaux\/tete-taureau-brodee\/","title":{"rendered":"T\u00eate taureau brod\u00e9e"},"content":{"rendered":"<h2>La t\u00eate de taureau murale, version customis\u00e9e<\/h2>\n<p>Le faux troph\u00e9e est tress\u00e9 de mani\u00e8re traditionnel en fibres naturelles <a href=\"\/fr\/doum-presentation-conseils-entretien\/\" target=\"_blank\" rel=\"noopener\"><em>doum<\/em><\/a>. La t\u00eate d&rsquo;animal est ensuite customis\u00e9e et brod\u00e9e en laine color\u00e9e pour un effet boh\u00e8me funky et fantaisiste<strong>.<\/strong> De plus, avec ses teintes roses et bleues p\u00eachues, la sculpture animali\u00e8re \u00e9gayera vos murs tout en ajoutant couleur et fun sur vos murs.<\/p>\n<p>New : t\u00eate de taureau murale version f\u00e9roce et diabolique \ud83d\udc7f<\/p>\n<h2>Une d\u00e9coration murale unique et originale<\/h2>\n<p>La sculpture animali\u00e8re murale fera la joie des enfants, mais aussi de tous ceux qui veulent une d\u00e9co originale, personnalis\u00e9e et color\u00e9e pop.<\/p>\n<p>La d\u00e9coration murale est unique, tress\u00e9e et brod\u00e9e \u00e0 la main par des artisans amoureux de leur travail, elle suscitera de nombreuses r\u00e9actions de vos amis et invit\u00e9s.<\/p>\n<p>Si vous aimez l&rsquo;originalit\u00e9 de cette sculpture murale, notre <a href=\"\/fr\/deco-enfant\/ane-decoratif-funky\/\" target=\"_blank\" rel=\"noopener\">\u00e2ne d\u00e9cor\u00e9 <\/a>ou notre <a href=\"\/fr\/decoration-maison\/trophee-mural-dane-brodee\/\">\u00e2ne brod\u00e9<\/a> pourront \u00e9galement vous plaire.<\/p>\n<p>Dimensions : environ 47x15x15 cm<\/p>\n<p>A accrocher tel quel, avec un crochet L, la t\u00eate semble sortir tout droit du mur.<\/p>\n<p>Ce produit artisanal marocain peut comporter certaines imperfections. Elles sont le t\u00e9moin de la main de l&rsquo;homme et garantissent son authenticit\u00e9.<\/p>\n<p>Les t\u00eates sont toutes uniques, et peuvent avoir un design l\u00e9g\u00e8rement diff\u00e9rent. Les artisans vanniers les fabriquent \u00e0 partir d&rsquo;une plante m\u00e9diterran\u00e9enne r\u00e9sistante appel\u00e9e alfa ou <a href=\"\/fr\/doum-presentation-conseils-entretien\/\" target=\"_blank\" rel=\"noopener\"><em>doum<\/em><\/a>, mati\u00e8re proche du rotin, de l&rsquo;osier ou du bambou.\u00a0 La fibre peut avoir des nuances diff\u00e9rentes selon la p\u00e9riode de la cueillette (pluie, s\u00e9cheresse..). Elle est souvent verte lorsqu&rsquo;elle est jeune, mais la fibre jaunira avec le temps. Vous pouvez laisser la t\u00eate au soleil pour acc\u00e9l\u00e9rer la proc\u00e9dure.<\/p>\n","protected":false},"excerpt":{"rendered":"<h2>La t\u00eate de taureau pour une d\u00e9co d\u00e9cal\u00e9e<\/h2>\n<p>Accrochez une touche de fun sur vos murs.<br \/>\nune version color\u00e9e et pop, une version f\u00e9roce et diabolique.<\/p>\n<p>&nbsp;<\/p>\n","protected":false},"featured_media":28704,"comment_status":"open","ping_status":"closed","template":"","meta":[],"product_brand":[],"product_cat":[24,598],"product_tag":[276,108,460,463,80,300,79],"class_list":{"0":"post-10016","1":"product","2":"type-product","3":"status-publish","4":"has-post-thumbnail","6":"product_cat-trophees-tetes-animaux","7":"product_cat-soldes","8":"product_tag-art-mural","9":"product_tag-chambre-denfant","10":"product_tag-latitude-fun","11":"product_tag-latitude-pop","12":"product_tag-osier","13":"product_tag-paille","14":"product_tag-rotin","16":"first","17":"instock","18":"sale","19":"taxable","20":"shipping-taxable","21":"purchasable","22":"product-type-variable"},"_links":{"self":[{"href":"https:\/\/www.latitude31n.com\/fr\/wp-json\/wp\/v2\/product\/10016","targetHints":{"allow":["GET"]}}],"collection":[{"href":"https:\/\/www.latitude31n.com\/fr\/wp-json\/wp\/v2\/product"}],"about":[{"href":"https:\/\/www.latitude31n.com\/fr\/wp-json\/wp\/v2\/types\/product"}],"replies":[{"embeddable":true,"href":"https:\/\/www.latitude31n.com\/fr\/wp-json\/wp\/v2\/comments?post=10016"}],"wp:featuredmedia":[{"embeddable":true,"href":"https:\/\/www.latitude31n.com\/fr\/wp-json\/wp\/v2\/media\/28704"}],"wp:attachment":[{"href":"https:\/\/www.latitude31n.com\/fr\/wp-json\/wp\/v2\/media?parent=10016"}],"wp:term":[{"taxonomy":"product_brand","embeddable":true,"href":"https:\/\/www.latitude31n.com\/fr\/wp-json\/wp\/v2\/product_brand?post=10016"},{"taxonomy":"product_cat","embeddable":true,"href":"https:\/\/www.latitude31n.com\/fr\/wp-json\/wp\/v2\/product_cat?post=10016"},{"taxonomy":"product_tag","embeddable":true,"href":"https:\/\/www.latitude31n.com\/fr\/wp-json\/wp\/v2\/product_tag?post=10016"}],"curies":[{"name":"wp","href":"https:\/\/api.w.org\/{rel}","templated":true}]}}