{"id":3316,"date":"2021-06-08T17:19:24","date_gmt":"2021-06-08T16:19:24","guid":{"rendered":"https:\/\/www.latitude31n.com\/?page_id=3316"},"modified":"2025-03-04T11:42:08","modified_gmt":"2025-03-04T10:42:08","slug":"livraisons-retours","status":"publish","type":"page","link":"https:\/\/www.latitude31n.com\/fr\/livraisons-retours\/","title":{"rendered":"Livraisons et retours"},"content":{"rendered":"\t\t<div data-elementor-type=\"wp-page\" data-elementor-id=\"3316\" class=\"elementor elementor-3316\">\n\t\t\t\t\t\t<section class=\"elementor-section elementor-top-section elementor-element elementor-element-fa4e93c elementor-section-height-min-height hdrcollt3123 elementor-section-boxed elementor-section-height-default elementor-section-items-middle\" data-id=\"fa4e93c\" data-element_type=\"section\" data-e-type=\"section\" data-settings=\"{&quot;background_background&quot;:&quot;classic&quot;}\">\n\t\t\t\t\t\t\t<div class=\"elementor-background-overlay\"><\/div>\n\t\t\t\t\t\t\t<div class=\"elementor-container elementor-column-gap-default\">\n\t\t\t\t\t<div class=\"elementor-column elementor-col-100 elementor-top-column elementor-element elementor-element-ea71f8e\" data-id=\"ea71f8e\" data-element_type=\"column\" data-e-type=\"column\">\n\t\t\t<div class=\"elementor-widget-wrap elementor-element-populated\">\n\t\t\t\t\t\t<div class=\"elementor-element elementor-element-6214d6e elementor-widget elementor-widget-heading\" data-id=\"6214d6e\" data-element_type=\"widget\" data-e-type=\"widget\" data-widget_type=\"heading.default\">\n\t\t\t\t<div class=\"elementor-widget-container\">\n\t\t\t\t\t<h1 class=\"elementor-heading-title elementor-size-default\">Boutique d\u00e9co boh\u00e8me chic : <\/h1>\t\t\t\t<\/div>\n\t\t\t\t<\/div>\n\t\t\t\t<div class=\"elementor-element elementor-element-78a4155 elementor-widget elementor-widget-heading\" data-id=\"78a4155\" data-element_type=\"widget\" data-e-type=\"widget\" data-widget_type=\"heading.default\">\n\t\t\t\t<div class=\"elementor-widget-container\">\n\t\t\t\t\t<h2 class=\"elementor-heading-title elementor-size-large\">Livraison et Retour <\/h2>\t\t\t\t<\/div>\n\t\t\t\t<\/div>\n\t\t\t\t\t<\/div>\n\t\t<\/div>\n\t\t\t\t\t<\/div>\n\t\t<\/section>\n\t\t\t\t<section class=\"elementor-section elementor-top-section elementor-element elementor-element-d5df41c elementor-section-boxed elementor-section-height-default elementor-section-height-default\" data-id=\"d5df41c\" data-element_type=\"section\" data-e-type=\"section\">\n\t\t\t\t\t\t<div class=\"elementor-container elementor-column-gap-default\">\n\t\t\t\t\t<div class=\"elementor-column elementor-col-100 elementor-top-column elementor-element elementor-element-1582fcff\" data-id=\"1582fcff\" data-element_type=\"column\" data-e-type=\"column\">\n\t\t\t<div class=\"elementor-widget-wrap elementor-element-populated\">\n\t\t\t\t\t\t<div class=\"elementor-element elementor-element-4171937b elementor-widget elementor-widget-spacer\" data-id=\"4171937b\" data-element_type=\"widget\" data-e-type=\"widget\" data-widget_type=\"spacer.default\">\n\t\t\t\t<div class=\"elementor-widget-container\">\n\t\t\t\t\t\t\t<div class=\"elementor-spacer\">\n\t\t\t<div class=\"elementor-spacer-inner\"><\/div>\n\t\t<\/div>\n\t\t\t\t\t\t<\/div>\n\t\t\t\t<\/div>\n\t\t\t\t\t<\/div>\n\t\t<\/div>\n\t\t\t\t\t<\/div>\n\t\t<\/section>\n\t\t\t\t<section class=\"elementor-section elementor-top-section elementor-element elementor-element-2a3f142 elementor-section-boxed elementor-section-height-default elementor-section-height-default\" data-id=\"2a3f142\" data-element_type=\"section\" data-e-type=\"section\">\n\t\t\t\t\t\t<div class=\"elementor-container elementor-column-gap-default\">\n\t\t\t\t\t<div class=\"elementor-column elementor-col-100 elementor-top-column elementor-element elementor-element-dbfb923\" data-id=\"dbfb923\" data-element_type=\"column\" data-e-type=\"column\">\n\t\t\t<div class=\"elementor-widget-wrap elementor-element-populated\">\n\t\t\t\t\t\t<div class=\"elementor-element elementor-element-7d74b69 elementor-widget elementor-widget-heading\" data-id=\"7d74b69\" data-element_type=\"widget\" data-e-type=\"widget\" data-widget_type=\"heading.default\">\n\t\t\t\t<div class=\"elementor-widget-container\">\n\t\t\t\t\t<h2 class=\"elementor-heading-title elementor-size-default\">Livraison de nos articles de d\u00e9co marocaine<\/h2>\t\t\t\t<\/div>\n\t\t\t\t<\/div>\n\t\t\t\t\t<\/div>\n\t\t<\/div>\n\t\t\t\t\t<\/div>\n\t\t<\/section>\n\t\t\t\t<section class=\"elementor-section elementor-top-section elementor-element elementor-element-e25d76d elementor-section-boxed elementor-section-height-default elementor-section-height-default\" data-id=\"e25d76d\" data-element_type=\"section\" data-e-type=\"section\">\n\t\t\t\t\t\t<div class=\"elementor-container elementor-column-gap-default\">\n\t\t\t\t\t<div class=\"elementor-column elementor-col-100 elementor-top-column elementor-element elementor-element-0f59ae3\" data-id=\"0f59ae3\" data-element_type=\"column\" data-e-type=\"column\">\n\t\t\t<div class=\"elementor-widget-wrap elementor-element-populated\">\n\t\t\t\t\t\t<div class=\"elementor-element elementor-element-2b25e27 elementor-widget elementor-widget-text-editor\" data-id=\"2b25e27\" data-element_type=\"widget\" data-e-type=\"widget\" data-widget_type=\"text-editor.default\">\n\t\t\t\t<div class=\"elementor-widget-container\">\n\t\t\t\t\t\t\t\t\t<p>Les syst\u00e8mes de livraison choisis ont tous un bordereau et un num\u00e9ro de suivi qui vous sera communiqu\u00e9 apr\u00e8s l\u2019envoi, ainsi que les sites sur lesquels vous pourrez suivre votre colis.<\/p><p><strong>Livraison standard : entre 5 et 15 jours ouvrables.<\/strong><\/p><p>J\u2019utilise un syst\u00e8me de livraison fiable, le moins cher du march\u00e9, mais \u00e9galement le plus lent. Il s\u2019agit de la poste Marocaine, qui traite les colis sur le sol marocain, puis envoie aux postes nationales de chaque pays (par exemple, la Poste pour la France, USPS pour les Etats-Unis d\u2019Am\u00e9rique ou Poste Canada pour le Canada).<\/p><p>D\u2019exp\u00e9rience, comptez environ une semaine \u00e0 10 jours pour la France, environ 10 \u00e0 15 jours pour les USA ou le Canada. Moins si vous \u00eates chanceux. Plus parfois.<\/p><p>Il m\u2019est \u00e9galement possible d\u2019envoyer en express (DHL, Aramex ou Chronopost) sous 3 \u00e0 5 jours. Merci de me contacter \u00e0 <a href=\"mailto:latitude31nmrk@gmail.com\">latitude31nmrk@gmail.com<\/a> ou par le <a href=\"\/fr\/contact\/\" target=\"_blank\" rel=\"noopener\">formulaire de contact<\/a>.<\/p>\t\t\t\t\t\t\t\t<\/div>\n\t\t\t\t<\/div>\n\t\t\t\t\t<\/div>\n\t\t<\/div>\n\t\t\t\t\t<\/div>\n\t\t<\/section>\n\t\t\t\t<section class=\"elementor-section elementor-top-section elementor-element elementor-element-81e86d6 elementor-section-boxed elementor-section-height-default elementor-section-height-default\" data-id=\"81e86d6\" data-element_type=\"section\" data-e-type=\"section\">\n\t\t\t\t\t\t<div class=\"elementor-container elementor-column-gap-default\">\n\t\t\t\t\t<div class=\"elementor-column elementor-col-100 elementor-top-column elementor-element elementor-element-bbd3acb\" data-id=\"bbd3acb\" data-element_type=\"column\" data-e-type=\"column\">\n\t\t\t<div class=\"elementor-widget-wrap elementor-element-populated\">\n\t\t\t\t\t\t<div class=\"elementor-element elementor-element-030e663 elementor-widget elementor-widget-spacer\" data-id=\"030e663\" data-element_type=\"widget\" data-e-type=\"widget\" data-widget_type=\"spacer.default\">\n\t\t\t\t<div class=\"elementor-widget-container\">\n\t\t\t\t\t\t\t<div class=\"elementor-spacer\">\n\t\t\t<div class=\"elementor-spacer-inner\"><\/div>\n\t\t<\/div>\n\t\t\t\t\t\t<\/div>\n\t\t\t\t<\/div>\n\t\t\t\t\t<\/div>\n\t\t<\/div>\n\t\t\t\t\t<\/div>\n\t\t<\/section>\n\t\t\t\t<section class=\"elementor-section elementor-top-section elementor-element elementor-element-893ee27 elementor-section-boxed elementor-section-height-default elementor-section-height-default\" data-id=\"893ee27\" data-element_type=\"section\" data-e-type=\"section\">\n\t\t\t\t\t\t<div class=\"elementor-container elementor-column-gap-default\">\n\t\t\t\t\t<div class=\"elementor-column elementor-col-100 elementor-top-column elementor-element elementor-element-03cfa1e\" data-id=\"03cfa1e\" data-element_type=\"column\" data-e-type=\"column\">\n\t\t\t<div class=\"elementor-widget-wrap elementor-element-populated\">\n\t\t\t\t\t\t<div class=\"elementor-element elementor-element-c8d2a30 elementor-widget elementor-widget-heading\" data-id=\"c8d2a30\" data-element_type=\"widget\" data-e-type=\"widget\" data-widget_type=\"heading.default\">\n\t\t\t\t<div class=\"elementor-widget-container\">\n\t\t\t\t\t<h2 class=\"elementor-heading-title elementor-size-default\">Retours des produits faits main<\/h2>\t\t\t\t<\/div>\n\t\t\t\t<\/div>\n\t\t\t\t\t<\/div>\n\t\t<\/div>\n\t\t\t\t\t<\/div>\n\t\t<\/section>\n\t\t\t\t<section class=\"elementor-section elementor-top-section elementor-element elementor-element-344c09f elementor-section-boxed elementor-section-height-default elementor-section-height-default\" data-id=\"344c09f\" data-element_type=\"section\" data-e-type=\"section\">\n\t\t\t\t\t\t<div class=\"elementor-container elementor-column-gap-default\">\n\t\t\t\t\t<div class=\"elementor-column elementor-col-100 elementor-top-column elementor-element elementor-element-75b9031\" data-id=\"75b9031\" data-element_type=\"column\" data-e-type=\"column\">\n\t\t\t<div class=\"elementor-widget-wrap elementor-element-populated\">\n\t\t\t\t\t\t<div class=\"elementor-element elementor-element-b827fc0 elementor-widget elementor-widget-text-editor\" data-id=\"b827fc0\" data-element_type=\"widget\" data-e-type=\"widget\" data-widget_type=\"text-editor.default\">\n\t\t\t\t<div class=\"elementor-widget-container\">\n\t\t\t\t\t\t\t\t\t<p>J\u2019accepte tout retour ou \u00e9change d\u2019un ou des produits qui ne vous conviendrai(en)t pas dans un d\u00e9lai de 14 jours. Le ou les produit(s) doivent \u00eatre en bon \u00e9tat, les frais de retour sont \u00e0 la charge du client. D\u00e8s r\u00e9ception du colis, vous serez rembours\u00e9(e) du montant int\u00e9gral de votre achat dans un d\u00e9lai maximum de 10 jours. Ou en cas d\u2019\u00e9change, le colis vous sera envoy\u00e9 d\u00e8s que possible (sous 1 semaine).<\/p><p>La soci\u00e9t\u00e9 L31 SARL AU s\u2019engage \u00e0 prendre en charge toute erreur dont elle serait responsable (oubli, d\u00e9faut, manquant) soit en renvoyant l\u2019article manquant, soit sous forme d\u2019un avoir ou d\u2019une r\u00e9duction, soit par un remboursement.<\/p><p>Derri\u00e8re la soci\u00e9t\u00e9 L31 SARL AU, il y a un \u00eatre humain, Nathalie, qui aime que ses clients soient satisfaits, et qui est une personne souple et raisonnable \ud83d\ude42<\/p><p>Pour toute question, n\u2019h\u00e9sitez pas \u00e0 <a href=\"\/fr\/contact\/\" target=\"_blank\" rel=\"noopener\">me contacter<\/a>.<\/p>\t\t\t\t\t\t\t\t<\/div>\n\t\t\t\t<\/div>\n\t\t\t\t\t<\/div>\n\t\t<\/div>\n\t\t\t\t\t<\/div>\n\t\t<\/section>\n\t\t\t\t<section class=\"elementor-section elementor-top-section elementor-element elementor-element-50038a5a elementor-section-boxed elementor-section-height-default elementor-section-height-default\" data-id=\"50038a5a\" data-element_type=\"section\" data-e-type=\"section\">\n\t\t\t\t\t\t<div class=\"elementor-container elementor-column-gap-default\">\n\t\t\t\t\t<div class=\"elementor-column elementor-col-100 elementor-top-column elementor-element elementor-element-13c892a6\" data-id=\"13c892a6\" data-element_type=\"column\" data-e-type=\"column\">\n\t\t\t<div class=\"elementor-widget-wrap elementor-element-populated\">\n\t\t\t\t\t\t<div class=\"elementor-element elementor-element-6dca0bbb elementor-widget elementor-widget-spacer\" data-id=\"6dca0bbb\" data-element_type=\"widget\" data-e-type=\"widget\" data-widget_type=\"spacer.default\">\n\t\t\t\t<div class=\"elementor-widget-container\">\n\t\t\t\t\t\t\t<div class=\"elementor-spacer\">\n\t\t\t<div class=\"elementor-spacer-inner\"><\/div>\n\t\t<\/div>\n\t\t\t\t\t\t<\/div>\n\t\t\t\t<\/div>\n\t\t\t\t\t<\/div>\n\t\t<\/div>\n\t\t\t\t\t<\/div>\n\t\t<\/section>\n\t\t\t\t<\/div>\n\t\t","protected":false},"excerpt":{"rendered":"<p>Boutique d\u00e9co boh\u00e8me chic : Livraison et Retour Livraison de nos articles de d\u00e9co marocaine Les syst\u00e8mes de livraison choisis ont tous un bordereau et un num\u00e9ro de suivi qui vous sera communiqu\u00e9 apr\u00e8s l\u2019envoi, ainsi que les sites sur lesquels vous pourrez suivre votre colis. Livraison standard : entre 5 et 15 jours ouvrables. &hellip;<\/p>\n","protected":false},"author":146,"featured_media":0,"parent":0,"menu_order":7,"comment_status":"closed","ping_status":"closed","template":"elementor_header_footer","meta":{"footnotes":""},"class_list":["post-3316","page","type-page","status-publish","hentry"],"_links":{"self":[{"href":"https:\/\/www.latitude31n.com\/fr\/wp-json\/wp\/v2\/pages\/3316","targetHints":{"allow":["GET"]}}],"collection":[{"href":"https:\/\/www.latitude31n.com\/fr\/wp-json\/wp\/v2\/pages"}],"about":[{"href":"https:\/\/www.latitude31n.com\/fr\/wp-json\/wp\/v2\/types\/page"}],"author":[{"embeddable":true,"href":"https:\/\/www.latitude31n.com\/fr\/wp-json\/wp\/v2\/users\/146"}],"replies":[{"embeddable":true,"href":"https:\/\/www.latitude31n.com\/fr\/wp-json\/wp\/v2\/comments?post=3316"}],"version-history":[{"count":0,"href":"https:\/\/www.latitude31n.com\/fr\/wp-json\/wp\/v2\/pages\/3316\/revisions"}],"wp:attachment":[{"href":"https:\/\/www.latitude31n.com\/fr\/wp-json\/wp\/v2\/media?parent=3316"}],"curies":[{"name":"wp","href":"https:\/\/api.w.org\/{rel}","templated":true}]}}