{"id":20980,"date":"2023-11-21T08:18:42","date_gmt":"2023-11-21T07:18:42","guid":{"rendered":"https:\/\/www.latitude31n.com\/deco-boheme-chic-copy\/"},"modified":"2024-09-07T12:48:04","modified_gmt":"2024-09-07T11:48:04","slug":"suspension-luminaire-rotin","status":"publish","type":"page","link":"https:\/\/www.latitude31n.com\/fr\/suspension-luminaire-rotin\/","title":{"rendered":"&#8230; Suspension luminaire rotin"},"content":{"rendered":"\t\t<div data-elementor-type=\"wp-page\" data-elementor-id=\"20980\" class=\"elementor elementor-20980\">\n\t\t\t\t\t\t<section class=\"elementor-section elementor-top-section elementor-element elementor-element-649bd121 elementor-section-full_width elementor-section-height-min-height elementor-section-height-default elementor-section-items-middle\" data-id=\"649bd121\" data-element_type=\"section\" data-e-type=\"section\" data-settings=\"{&quot;background_background&quot;:&quot;classic&quot;}\">\n\t\t\t\t\t\t<div class=\"elementor-container elementor-column-gap-default\">\n\t\t\t\t\t<div class=\"elementor-column elementor-col-100 elementor-top-column elementor-element elementor-element-197da8ec\" data-id=\"197da8ec\" data-element_type=\"column\" data-e-type=\"column\" data-settings=\"{&quot;background_background&quot;:&quot;classic&quot;}\">\n\t\t\t<div class=\"elementor-widget-wrap elementor-element-populated\">\n\t\t\t\t\t\t<div class=\"elementor-element elementor-element-4ca16b27 elementor--h-position-left sldhm21 elementor--v-position-middle elementor-arrows-position-inside elementor-pagination-position-inside elementor-widget elementor-widget-slides\" data-id=\"4ca16b27\" data-element_type=\"widget\" data-e-type=\"widget\" id=\"sldhm21\" data-settings=\"{&quot;navigation&quot;:&quot;both&quot;,&quot;infinite&quot;:&quot;yes&quot;,&quot;transition&quot;:&quot;slide&quot;,&quot;transition_speed&quot;:500}\" data-widget_type=\"slides.default\">\n\t\t\t\t<div class=\"elementor-widget-container\">\n\t\t\t\t\t\t\t<div class=\"elementor-swiper\">\n\t\t\t<div class=\"elementor-slides-wrapper elementor-main-swiper swiper-container\" dir=\"ltr\" data-animation=\"\">\n\t\t\t\t<div class=\"swiper-wrapper elementor-slides\">\n\t\t\t\t\t\t\t\t\t\t<div class=\"elementor-repeater-item-ca40e42 swiper-slide\"><div class=\"swiper-slide-bg\"><\/div><div class=\"swiper-slide-inner\" ><div class=\"swiper-slide-contents\"><div class=\"elementor-slide-heading\">L'esprit boh\u00e8me rencontre la philosophie hygge<\/div><div class=\"elementor-slide-description\">On s'inspire de l'art de vivre nordique<\/div><a href=\"https:\/\/www.latitude31n.com\/fr\/collections\/latitude-soft\/\" class=\"elementor-button elementor-slide-button elementor-size-sm\">Entrez dans la douceur<\/a><\/div><\/div><\/div><div class=\"elementor-repeater-item-b046a24 swiper-slide\"><div class=\"swiper-slide-bg\"><\/div><div class=\"swiper-slide-inner\" ><div class=\"swiper-slide-contents\"><div class=\"elementor-slide-heading\">D\u00e9coration ethnique chin\u00e9e au maroc<\/div><div class=\"elementor-slide-description\">D\u00e9couvrez un artisanat ancestral<\/div><a href=\"https:\/\/www.latitude31n.com\/fr\/collections\/latitude-ethnique\/\" class=\"elementor-button elementor-slide-button elementor-size-sm\">Voyagez dans notre s\u00e9lection<\/a><\/div><\/div><\/div><div class=\"elementor-repeater-item-0f0f4b9 swiper-slide\"><div class=\"swiper-slide-bg\"><\/div><div class=\"elementor-background-overlay\"><\/div><div class=\"swiper-slide-inner\" ><div class=\"swiper-slide-contents\"><div class=\"elementor-slide-heading\">L'artisanat marocain riche de ses couleurs<\/div><div class=\"elementor-slide-description\">Des articles soigneusement choisis pour leurs couleurs gaies ou harmonieuses<\/div><a href=\"https:\/\/www.latitude31n.com\/fr\/collections\/latitude-pop\/\" class=\"elementor-button elementor-slide-button elementor-size-sm\">Plongez dans la couleur<\/a><\/div><\/div><\/div>\t\t\t\t<\/div>\n\t\t\t\t\t\t\t\t\t\t\t\t\t\t\t<div class=\"swiper-pagination\"><\/div>\n\t\t\t\t\t\t\t\t\t\t\t\t\t\t\t\t<div class=\"elementor-swiper-button elementor-swiper-button-prev\">\n\t\t\t\t\t\t\t<i aria-hidden=\"true\" class=\"eicon-chevron-left\"><\/i>\t\t\t\t\t\t\t<span class=\"elementor-screen-only\">Previous<\/span>\n\t\t\t\t\t\t<\/div>\n\t\t\t\t\t\t<div class=\"elementor-swiper-button elementor-swiper-button-next\">\n\t\t\t\t\t\t\t<i aria-hidden=\"true\" class=\"eicon-chevron-right\"><\/i>\t\t\t\t\t\t\t<span class=\"elementor-screen-only\">Next<\/span>\n\t\t\t\t\t\t<\/div>\n\t\t\t\t\t\t\t\t\t\t\t\t<\/div>\n\t\t<\/div>\n\t\t\t\t\t\t<\/div>\n\t\t\t\t<\/div>\n\t\t\t\t\t<\/div>\n\t\t<\/div>\n\t\t\t\t\t<\/div>\n\t\t<\/section>\n\t\t\t\t<section class=\"elementor-section elementor-top-section elementor-element elementor-element-7f8a5ba1 elementor-section-boxed elementor-section-height-default elementor-section-height-default\" data-id=\"7f8a5ba1\" data-element_type=\"section\" data-e-type=\"section\">\n\t\t\t\t\t\t<div class=\"elementor-container elementor-column-gap-default\">\n\t\t\t\t\t<div class=\"elementor-column elementor-col-100 elementor-top-column elementor-element elementor-element-cdaa43f\" data-id=\"cdaa43f\" data-element_type=\"column\" data-e-type=\"column\">\n\t\t\t<div class=\"elementor-widget-wrap elementor-element-populated\">\n\t\t\t\t\t\t<div class=\"elementor-element elementor-element-4aa9d9f8 elementor-widget elementor-widget-spacer\" data-id=\"4aa9d9f8\" data-element_type=\"widget\" data-e-type=\"widget\" data-widget_type=\"spacer.default\">\n\t\t\t\t<div class=\"elementor-widget-container\">\n\t\t\t\t\t\t\t<div class=\"elementor-spacer\">\n\t\t\t<div class=\"elementor-spacer-inner\"><\/div>\n\t\t<\/div>\n\t\t\t\t\t\t<\/div>\n\t\t\t\t<\/div>\n\t\t\t\t\t<\/div>\n\t\t<\/div>\n\t\t\t\t\t<\/div>\n\t\t<\/section>\n\t\t\t\t<section class=\"elementor-section elementor-top-section elementor-element elementor-element-d9e684b elementor-section-boxed elementor-section-height-default elementor-section-height-default\" data-id=\"d9e684b\" data-element_type=\"section\" data-e-type=\"section\">\n\t\t\t\t\t\t<div class=\"elementor-container elementor-column-gap-default\">\n\t\t\t\t\t<div class=\"elementor-column elementor-col-100 elementor-top-column elementor-element elementor-element-793892c\" data-id=\"793892c\" data-element_type=\"column\" data-e-type=\"column\">\n\t\t\t<div class=\"elementor-widget-wrap elementor-element-populated\">\n\t\t\t\t\t\t<div class=\"elementor-element elementor-element-7263455e elementor-widget elementor-widget-heading\" data-id=\"7263455e\" data-element_type=\"widget\" data-e-type=\"widget\" data-widget_type=\"heading.default\">\n\t\t\t\t<div class=\"elementor-widget-container\">\n\t\t\t\t\t<h1 class=\"elementor-heading-title elementor-size-default\">\n<strong><font color=\"#A37774\">Latitude 31n\u00a0: d\u00e9couvrez la suspension luminaire rotin<\/font><\/strong><\/h1>\t\t\t\t<\/div>\n\t\t\t\t<\/div>\n\t\t\t\t\t<\/div>\n\t\t<\/div>\n\t\t\t\t\t<\/div>\n\t\t<\/section>\n\t\t\t\t<section class=\"elementor-section elementor-top-section elementor-element elementor-element-fc19200 elementor-section-boxed elementor-section-height-default elementor-section-height-default\" data-id=\"fc19200\" data-element_type=\"section\" data-e-type=\"section\">\n\t\t\t\t\t\t<div class=\"elementor-container elementor-column-gap-default\">\n\t\t\t\t\t<div class=\"elementor-column elementor-col-100 elementor-top-column elementor-element elementor-element-42e1baf3\" data-id=\"42e1baf3\" data-element_type=\"column\" data-e-type=\"column\">\n\t\t\t<div class=\"elementor-widget-wrap elementor-element-populated\">\n\t\t\t\t\t\t<div class=\"elementor-element elementor-element-2be1faec elementor-widget-divider--view-line elementor-widget elementor-widget-divider\" data-id=\"2be1faec\" data-element_type=\"widget\" data-e-type=\"widget\" data-widget_type=\"divider.default\">\n\t\t\t\t<div class=\"elementor-widget-container\">\n\t\t\t\t\t\t\t<div class=\"elementor-divider\">\n\t\t\t<span class=\"elementor-divider-separator\">\n\t\t\t\t\t\t<\/span>\n\t\t<\/div>\n\t\t\t\t\t\t<\/div>\n\t\t\t\t<\/div>\n\t\t\t\t<section class=\"elementor-section elementor-inner-section elementor-element elementor-element-61d0bb38 elementor-section-boxed elementor-section-height-default elementor-section-height-default\" data-id=\"61d0bb38\" data-element_type=\"section\" data-e-type=\"section\">\n\t\t\t\t\t\t<div class=\"elementor-container elementor-column-gap-default\">\n\t\t\t\t\t<div class=\"elementor-column elementor-col-33 elementor-inner-column elementor-element elementor-element-5109b19\" data-id=\"5109b19\" data-element_type=\"column\" data-e-type=\"column\">\n\t\t\t<div class=\"elementor-widget-wrap\">\n\t\t\t\t\t\t\t<\/div>\n\t\t<\/div>\n\t\t\t\t<div class=\"elementor-column elementor-col-33 elementor-inner-column elementor-element elementor-element-51a377d7\" data-id=\"51a377d7\" data-element_type=\"column\" data-e-type=\"column\">\n\t\t\t<div class=\"elementor-widget-wrap elementor-element-populated\">\n\t\t\t\t\t\t<div class=\"elementor-element elementor-element-ea13288 elementor-widget elementor-widget-text-editor\" data-id=\"ea13288\" data-element_type=\"widget\" data-e-type=\"widget\" data-widget_type=\"text-editor.default\">\n\t\t\t\t<div class=\"elementor-widget-container\">\n\t\t\t\t\t\t\t\t\t<p><strong><span style=\"font-weight: normal;\">Les suspensions luminaire en rotin sont devenues un choix de d\u00e9coration incontournable pour ceux qui recherchent \u00e0 la fois style et naturel dans leur \u00e9clairage int\u00e9rieur. Chaque <\/span><\/strong><strong><b>suspension luminaire en rotin<\/b><\/strong><strong><span style=\"font-weight: normal;\"> est une \u0153uvre d&rsquo;art, apportant une touche d&rsquo;\u00e9l\u00e9gance organique et une ambiance chaleureuse \u00e0 n&rsquo;importe quelle pi\u00e8ce. Ces luminaires, avec leur design tiss\u00e9 et a\u00e9r\u00e9, diffusent une lumi\u00e8re douce et invitante, cr\u00e9ant ainsi une atmosph\u00e8re accueillante et d\u00e9tendue.<\/span><\/strong><\/p><p>Opter pour une\u00a0<a href=\"https:\/\/www.latitude31n.com\/fr\/?post_type=product&amp;s=suspension%20rotin\" target=\"_blank\" rel=\"noopener\">suspension luminaire en rotin<\/a>, c&rsquo;est choisir un \u00e9clairage qui fusionne harmonieusement avec diff\u00e9rents styles de d\u00e9coration, du contemporain au rustique. Ces suspensions sont parfaites pour ajouter une dimension textur\u00e9e et un int\u00e9r\u00eat visuel \u00e0 votre espace, tout en maintenant une sensation de l\u00e9g\u00e8ret\u00e9 et de fra\u00eecheur. Que ce soit au-dessus d&rsquo;une table de salle \u00e0 manger, dans un salon ou une chambre, la <b>suspension luminaire en rotin<\/b> est un choix polyvalent qui s&rsquo;adapte \u00e0 divers environnements.<\/p><p>\u00a0<\/p><p>Chez Latitude 31n, notre s\u00e9lection de suspensions luminaire en rotin allie qualit\u00e9, fonctionnalit\u00e9 et esth\u00e9tique. Nous offrons une gamme de suspensions en rotin soigneusement choisies pour leur capacit\u00e9 \u00e0 enrichir votre d\u00e9cor avec une \u00e9l\u00e9gance naturelle et un charme intemporel. Avec une suspension luminaire en rotin de Latitude 31n, vous \u00eates assur\u00e9 d&rsquo;ajouter une touche de sophistication naturelle \u00e0 votre int\u00e9rieur.<\/p>\t\t\t\t\t\t\t\t<\/div>\n\t\t\t\t<\/div>\n\t\t\t\t\t<\/div>\n\t\t<\/div>\n\t\t\t\t<div class=\"elementor-column elementor-col-33 elementor-inner-column elementor-element elementor-element-3b81854b\" data-id=\"3b81854b\" data-element_type=\"column\" data-e-type=\"column\">\n\t\t\t<div class=\"elementor-widget-wrap\">\n\t\t\t\t\t\t\t<\/div>\n\t\t<\/div>\n\t\t\t\t\t<\/div>\n\t\t<\/section>\n\t\t\t\t\t<\/div>\n\t\t<\/div>\n\t\t\t\t\t<\/div>\n\t\t<\/section>\n\t\t<div class=\"elementor-element elementor-element-716e4db e-flex e-con-boxed e-con e-parent\" data-id=\"716e4db\" data-element_type=\"container\" data-e-type=\"container\">\n\t\t\t\t\t<div class=\"e-con-inner\">\n\t\t<div class=\"elementor-element elementor-element-52bf903 e-flex e-con-boxed e-con e-child\" data-id=\"52bf903\" data-element_type=\"container\" data-e-type=\"container\">\n\t\t\t\t\t<div class=\"e-con-inner\">\n\t\t\t\t<div class=\"elementor-element elementor-element-b103292 elementor-widget elementor-widget-heading\" data-id=\"b103292\" data-element_type=\"widget\" data-e-type=\"widget\" data-widget_type=\"heading.default\">\n\t\t\t\t<div class=\"elementor-widget-container\">\n\t\t\t\t\t<p class=\"elementor-heading-title elementor-size-default\"><h2 class=\"western\">\n<strong><font color=\"#A37774\"><b>Suspension luminaire rotin : un design authentique<\/b><\/font><\/strong><\/h2><\/p>\t\t\t\t<\/div>\n\t\t\t\t<\/div>\n\t\t\t\t\t<\/div>\n\t\t\t\t<\/div>\n\t\t\t\t\t<\/div>\n\t\t\t\t<\/div>\n\t\t<div class=\"elementor-element elementor-element-0628a54 e-flex e-con-boxed e-con e-parent\" data-id=\"0628a54\" data-element_type=\"container\" data-e-type=\"container\">\n\t\t\t\t\t<div class=\"e-con-inner\">\n\t\t\t\t<div class=\"elementor-element elementor-element-378a0b6 elementor-widget elementor-widget-text-editor\" data-id=\"378a0b6\" data-element_type=\"widget\" data-e-type=\"widget\" data-widget_type=\"text-editor.default\">\n\t\t\t\t<div class=\"elementor-widget-container\">\n\t\t\t\t\t\t\t\t\t<p>La suspension luminaire en rotin incarne une harmonie parfaite entre les \u00e9l\u00e9ments naturels et le design contemporain. Ces luminaires transcendent leur r\u00f4le primaire d&rsquo;\u00e9clairage pour devenir de v\u00e9ritables joyaux d\u00e9coratifs, apportant \u00e9l\u00e9gance et chaleur \u00e0 votre espace de vie. Leur fabrication en rotin tiss\u00e9 \u00e0 la main conf\u00e8re \u00e0 chaque pi\u00e8ce une texture inimitable et un effet de lumi\u00e8re fascinant, cr\u00e9ant ainsi une ambiance \u00e0 la fois accueillante et sereine dans toutes les pi\u00e8ces de votre maison.<\/p><p><span style=\"text-align: var(--text-align);\">Le jeu subtil de lumi\u00e8re filtrant \u00e0 travers le rotin tiss\u00e9 ajoute une dimension visuelle captivante, transformant chaque luminaire en une \u0153uvre d&rsquo;art. Que ce soit pour illuminer votre salon, votre chambre ou votre salle \u00e0 manger, ces suspensions luminaire en rotin sont con\u00e7ues pour enrichir votre environnement avec une touche de raffinement naturel et un \u00e9clairage doux et apaisant.<\/span><br><\/p>\t\t\t\t\t\t\t\t<\/div>\n\t\t\t\t<\/div>\n\t\t<div class=\"elementor-element elementor-element-38b6865 e-flex e-con-boxed e-con e-child\" data-id=\"38b6865\" data-element_type=\"container\" data-e-type=\"container\">\n\t\t\t\t\t<div class=\"e-con-inner\">\n\t\t\t\t<div class=\"elementor-element elementor-element-b1f89cb elementor-widget elementor-widget-heading\" data-id=\"b1f89cb\" data-element_type=\"widget\" data-e-type=\"widget\" data-widget_type=\"heading.default\">\n\t\t\t\t<div class=\"elementor-widget-container\">\n\t\t\t\t\t<p class=\"elementor-heading-title elementor-size-default\"><h2 class=\"western\">\n<strong><font color=\"#A37774\"><b>L'\u00e9l\u00e9gance du rotin dans les luminaires : un choix d\u00e9co tendance<\/b><\/font><\/strong><\/h2><\/p>\t\t\t\t<\/div>\n\t\t\t\t<\/div>\n\t\t\t\t\t<\/div>\n\t\t\t\t<\/div>\n\t\t\t\t\t<\/div>\n\t\t\t\t<\/div>\n\t\t<div class=\"elementor-element elementor-element-ffd9ba5 e-flex e-con-boxed e-con e-parent\" data-id=\"ffd9ba5\" data-element_type=\"container\" data-e-type=\"container\">\n\t\t\t\t\t<div class=\"e-con-inner\">\n\t\t\t\t<div class=\"elementor-element elementor-element-2bc59d1 elementor-widget elementor-widget-text-editor\" data-id=\"2bc59d1\" data-element_type=\"widget\" data-e-type=\"widget\" data-widget_type=\"text-editor.default\">\n\t\t\t\t<div class=\"elementor-widget-container\">\n\t\t\t\t\t\t\t\t\tChoisir une suspension luminaire en rotin, c&rsquo;est adopter une tendance qui allie naturel et sophistication dans votre d\u00e9coration. Ces suspensions, id\u00e9ales pour diffuser une lumi\u00e8re douce et agr\u00e9able, se transforment en points focaux \u00e9l\u00e9gants de votre espace. Notre s\u00e9lection vari\u00e9e, allant de designs simples \u00e0 \u00e9labor\u00e9s, s&rsquo;adapte harmonieusement \u00e0 tous les styles d&rsquo;int\u00e9rieurs, enrichissant chaque pi\u00e8ce d&rsquo;une touche d&rsquo;\u00e9l\u00e9gance naturelle.\n\t\t\t\t\t\t\t\t<\/div>\n\t\t\t\t<\/div>\n\t\t\t\t\t<\/div>\n\t\t\t\t<\/div>\n\t\t\t\t<section class=\"elementor-section elementor-top-section elementor-element elementor-element-cc30cf1 elementor-section-boxed elementor-section-height-default elementor-section-height-default\" data-id=\"cc30cf1\" data-element_type=\"section\" data-e-type=\"section\">\n\t\t\t\t\t\t<div class=\"elementor-container elementor-column-gap-default\">\n\t\t\t\t\t<div class=\"elementor-column elementor-col-100 elementor-top-column elementor-element elementor-element-71807dcd\" data-id=\"71807dcd\" data-element_type=\"column\" data-e-type=\"column\">\n\t\t\t<div class=\"elementor-widget-wrap elementor-element-populated\">\n\t\t\t\t\t\t<div class=\"elementor-element elementor-element-4f03a29f elementor-widget elementor-widget-heading\" data-id=\"4f03a29f\" data-element_type=\"widget\" data-e-type=\"widget\" data-widget_type=\"heading.default\">\n\t\t\t\t<div class=\"elementor-widget-container\">\n\t\t\t\t\t<h2 class=\"elementor-heading-title elementor-size-default\">Une plong\u00e9e dans l'artisanat et l'art marocain<\/h2>\t\t\t\t<\/div>\n\t\t\t\t<\/div>\n\t\t\t\t\t<\/div>\n\t\t<\/div>\n\t\t\t\t\t<\/div>\n\t\t<\/section>\n\t\t\t\t<section class=\"elementor-section elementor-top-section elementor-element elementor-element-1d947331 elementor-section-full_width elementor-section-content-middle elementor-section-height-default elementor-section-height-default\" data-id=\"1d947331\" data-element_type=\"section\" data-e-type=\"section\">\n\t\t\t\t\t\t<div class=\"elementor-container elementor-column-gap-default\">\n\t\t\t\t\t<div class=\"elementor-column elementor-col-50 elementor-top-column elementor-element elementor-element-2d4493e3\" data-id=\"2d4493e3\" data-element_type=\"column\" data-e-type=\"column\">\n\t\t\t<div class=\"elementor-widget-wrap elementor-element-populated\">\n\t\t\t\t\t\t<div class=\"elementor-element elementor-element-41a89df2 elementor-widget elementor-widget-video\" data-id=\"41a89df2\" data-element_type=\"widget\" data-e-type=\"widget\" data-settings=\"{&quot;video_type&quot;:&quot;vimeo&quot;,&quot;loop&quot;:&quot;yes&quot;,&quot;show_image_overlay&quot;:&quot;yes&quot;,&quot;image_overlay&quot;:{&quot;url&quot;:&quot;https:\\\/\\\/www.latitude31n.com\\\/wp-content\\\/uploads\\\/2021\\\/08\\\/mur-de-miroirs.jpg&quot;,&quot;id&quot;:4531,&quot;size&quot;:&quot;&quot;,&quot;alt&quot;:&quot;mur de diff\\u00e9rents miroirs soleil et autre formes, en rotin, osier, raphia&quot;,&quot;source&quot;:&quot;library&quot;}}\" data-widget_type=\"video.default\">\n\t\t\t\t<div class=\"elementor-widget-container\">\n\t\t\t\t\t\t\t<div class=\"elementor-wrapper elementor-open-inline\">\n\t\t\t<iframe class=\"elementor-video-iframe\" allowfullscreen allow=\"clipboard-write\" title=\"Lecteur vid\u00e9o vimeo\" src=\"https:\/\/player.vimeo.com\/video\/643853408?color&amp;autopause=0&amp;loop=1&amp;muted=0&amp;title=1&amp;portrait=1&amp;byline=1#t=\"><\/iframe>\t\t\t\t<div class=\"elementor-custom-embed-image-overlay\" style=\"background-image: url(https:\/\/www.latitude31n.com\/wp-content\/uploads\/2021\/08\/mur-de-miroirs.jpg);\">\n\t\t\t\t\t\t\t\t\t\t\t\t\t\t\t\t<div class=\"elementor-custom-embed-play\" role=\"button\" aria-label=\"Lire la vid\u00e9o sur mur de diff\u00e9rents miroirs soleil et autre formes, en rotin, osier, raphia\" tabindex=\"0\">\n\t\t\t\t\t\t\t<i aria-hidden=\"true\" class=\"eicon-play\"><\/i>\t\t\t\t\t\t<\/div>\n\t\t\t\t\t\t\t\t\t<\/div>\n\t\t\t\t\t<\/div>\n\t\t\t\t\t\t<\/div>\n\t\t\t\t<\/div>\n\t\t\t\t\t<\/div>\n\t\t<\/div>\n\t\t\t\t<div class=\"elementor-column elementor-col-50 elementor-top-column elementor-element elementor-element-1ba5e661\" data-id=\"1ba5e661\" data-element_type=\"column\" data-e-type=\"column\" data-settings=\"{&quot;background_background&quot;:&quot;classic&quot;}\">\n\t\t\t<div class=\"elementor-widget-wrap elementor-element-populated\">\n\t\t\t\t\t\t<section class=\"elementor-section elementor-inner-section elementor-element elementor-element-22e7c8bc elementor-section-boxed elementor-section-height-default elementor-section-height-default\" data-id=\"22e7c8bc\" data-element_type=\"section\" data-e-type=\"section\">\n\t\t\t\t\t\t<div class=\"elementor-container elementor-column-gap-default\">\n\t\t\t\t\t<div class=\"elementor-column elementor-col-100 elementor-inner-column elementor-element elementor-element-1c30fbde\" data-id=\"1c30fbde\" data-element_type=\"column\" data-e-type=\"column\">\n\t\t\t<div class=\"elementor-widget-wrap elementor-element-populated\">\n\t\t\t\t\t\t<div class=\"elementor-element elementor-element-43e3db5c elementor-widget elementor-widget-text-editor\" data-id=\"43e3db5c\" data-element_type=\"widget\" data-e-type=\"widget\" data-widget_type=\"text-editor.default\">\n\t\t\t\t<div class=\"elementor-widget-container\">\n\t\t\t\t\t\t\t\t\tAccompagnez-nous pour une visite des boutiques des artisans vanniers de Marrakech, et d\u00e9couvrez ensuite l&rsquo;envers du d\u00e9cor : les pr\u00e9paratifs d&rsquo;envoi des colis.\n\nLatitude 31N est une petite entreprise tenue par <a href=\"\/fr\/histoire\/la-creatrice\/\" target=\"_blank\" rel=\"noopener\"> <span style=\"color: #fff;\"> sa cr\u00e9atrice Nathalie<\/span><\/a>, assist\u00e9e d&rsquo;<a href=\"\/fr\/histoire\/les-partenaires\/\" target=\"_blank\" rel=\"noopener\"><span style=\"color: #fff;\">une pr\u00e9paratrice colis et de nombreux artisans talentueux<\/span><\/a>. Notre but est de partager et de vous faire d\u00e9couvrir les merveilles et tr\u00e9sors marocains. Un savoir-faire riche et ancestral qui \u00e9volue constamment gr\u00e2ce \u00e0 l&rsquo;imagination de ses acteurs. Une plong\u00e9e dans l&rsquo;art marocain.\t\t\t\t\t\t\t\t<\/div>\n\t\t\t\t<\/div>\n\t\t\t\t<div class=\"elementor-element elementor-element-3b39dd65 elementor-widget elementor-widget-button\" data-id=\"3b39dd65\" data-element_type=\"widget\" data-e-type=\"widget\" data-widget_type=\"button.default\">\n\t\t\t\t<div class=\"elementor-widget-container\">\n\t\t\t\t\t\t\t\t\t<div class=\"elementor-button-wrapper\">\n\t\t\t\t\t<a class=\"elementor-button elementor-button-link elementor-size-sm\" href=\"https:\/\/www.latitude31n.com\/histoire\/\">\n\t\t\t\t\t\t<span class=\"elementor-button-content-wrapper\">\n\t\t\t\t\t\t\t\t\t<span class=\"elementor-button-text\">En savoir plus \u2192<\/span>\n\t\t\t\t\t<\/span>\n\t\t\t\t\t<\/a>\n\t\t\t\t<\/div>\n\t\t\t\t\t\t\t\t<\/div>\n\t\t\t\t<\/div>\n\t\t\t\t\t<\/div>\n\t\t<\/div>\n\t\t\t\t\t<\/div>\n\t\t<\/section>\n\t\t\t\t\t<\/div>\n\t\t<\/div>\n\t\t\t\t\t<\/div>\n\t\t<\/section>\n\t\t\t\t<section class=\"elementor-section elementor-top-section elementor-element elementor-element-1ce87618 elementor-section-boxed elementor-section-height-default elementor-section-height-default\" data-id=\"1ce87618\" data-element_type=\"section\" data-e-type=\"section\">\n\t\t\t\t\t\t<div class=\"elementor-container elementor-column-gap-default\">\n\t\t\t\t\t<div class=\"elementor-column elementor-col-100 elementor-top-column elementor-element elementor-element-7525aa66\" data-id=\"7525aa66\" data-element_type=\"column\" data-e-type=\"column\">\n\t\t\t<div class=\"elementor-widget-wrap elementor-element-populated\">\n\t\t\t\t\t\t<div class=\"elementor-element elementor-element-4200b3d7 elementor-widget-divider--view-line_text septitle21 elementor-widget-divider--element-align-center elementor-widget elementor-widget-divider\" data-id=\"4200b3d7\" data-element_type=\"widget\" data-e-type=\"widget\" data-widget_type=\"divider.default\">\n\t\t\t\t<div class=\"elementor-widget-container\">\n\t\t\t\t\t\t\t<div class=\"elementor-divider\">\n\t\t\t<span class=\"elementor-divider-separator\">\n\t\t\t\t\t\t\t<span class=\"elementor-divider__text elementor-divider__element\">\n\t\t\t\tLATITUDE 31N SUR INSTAGRAM\t\t\t\t<\/span>\n\t\t\t\t\t\t<\/span>\n\t\t<\/div>\n\t\t\t\t\t\t<\/div>\n\t\t\t\t<\/div>\n\t\t\t\t\t<\/div>\n\t\t<\/div>\n\t\t\t\t\t<\/div>\n\t\t<\/section>\n\t\t\t\t<section class=\"elementor-section elementor-top-section elementor-element elementor-element-8d8eb16 elementor-section-boxed elementor-section-height-default elementor-section-height-default\" data-id=\"8d8eb16\" data-element_type=\"section\" data-e-type=\"section\">\n\t\t\t\t\t\t<div class=\"elementor-container elementor-column-gap-default\">\n\t\t\t\t\t<div class=\"elementor-column elementor-col-100 elementor-top-column elementor-element elementor-element-4929c905\" data-id=\"4929c905\" data-element_type=\"column\" data-e-type=\"column\">\n\t\t\t<div class=\"elementor-widget-wrap\">\n\t\t\t\t\t\t\t<\/div>\n\t\t<\/div>\n\t\t\t\t\t<\/div>\n\t\t<\/section>\n\t\t\t\t<\/div>\n\t\t","protected":false},"excerpt":{"rendered":"<p>L&rsquo;esprit boh\u00e8me rencontre la philosophie hyggeOn s&rsquo;inspire de l&rsquo;art de vivre nordiqueEntrez dans la douceurD\u00e9coration ethnique chin\u00e9e au marocD\u00e9couvrez un artisanat ancestralVoyagez dans notre s\u00e9lectionL&rsquo;artisanat marocain riche de ses couleursDes articles soigneusement choisis pour leurs couleurs gaies ou harmonieusesPlongez dans la couleur Previous Next Latitude 31n\u00a0: d\u00e9couvrez la suspension luminaire rotin Les suspensions luminaire en &hellip;<\/p>\n","protected":false},"author":146,"featured_media":0,"parent":0,"menu_order":0,"comment_status":"closed","ping_status":"closed","template":"elementor_header_footer","meta":{"footnotes":""},"class_list":["post-20980","page","type-page","status-publish","hentry"],"_links":{"self":[{"href":"https:\/\/www.latitude31n.com\/fr\/wp-json\/wp\/v2\/pages\/20980","targetHints":{"allow":["GET"]}}],"collection":[{"href":"https:\/\/www.latitude31n.com\/fr\/wp-json\/wp\/v2\/pages"}],"about":[{"href":"https:\/\/www.latitude31n.com\/fr\/wp-json\/wp\/v2\/types\/page"}],"author":[{"embeddable":true,"href":"https:\/\/www.latitude31n.com\/fr\/wp-json\/wp\/v2\/users\/146"}],"replies":[{"embeddable":true,"href":"https:\/\/www.latitude31n.com\/fr\/wp-json\/wp\/v2\/comments?post=20980"}],"version-history":[{"count":0,"href":"https:\/\/www.latitude31n.com\/fr\/wp-json\/wp\/v2\/pages\/20980\/revisions"}],"wp:attachment":[{"href":"https:\/\/www.latitude31n.com\/fr\/wp-json\/wp\/v2\/media?parent=20980"}],"curies":[{"name":"wp","href":"https:\/\/api.w.org\/{rel}","templated":true}]}}