{"id":15736,"date":"2023-03-22T14:17:44","date_gmt":"2023-03-22T13:17:44","guid":{"rendered":"https:\/\/www.latitude31n.com\/uncategorized\/lampe-boheme-chic\/"},"modified":"2025-05-23T13:38:51","modified_gmt":"2025-05-23T12:38:51","slug":"boho-table-lamp","status":"publish","type":"product","link":"https:\/\/www.latitude31n.com\/en\/lightings\/boho-table-lamp\/","title":{"rendered":"Modern-Boho Lamp"},"content":{"rendered":"<h2><strong>Woven Table Lamp<\/strong><\/h2>\n<p>This lamp features a soft boho texture. It is handmade in Morocco. The base is made of woven raffia on a metal frame. The shade is made of intertwined palm leaves from which long palm threads extend. Thus, the classic shape is awakened by waves of bangs going in all directions.<\/p>\n<h2>Woven Bedside Lamp<\/h2>\n<p>It gives a cozy natural light to your bedroom. Or, nestled in a corner as a little ambient glow, a welcome indirect light in your living room. The lamp brings texture and softness to a space with its natural plant materials.<\/p>\n<p>Why I love it:<\/p>\n<p><em><strong>I love the mix and match of the different textures.<\/strong><\/em><\/p>\n<p>Dimensions:<br \/>\n\u00f810&#8243;xh12&#8243;\u00a0 &#8212; \u00f8h25xh30cm<br \/>\n\u00f812&#8243;xh20&#8243; &#8212; \u00f830xh50cm<\/p>\n<p>This table lamp is a handmade product that may have some imperfections that guarantee its authenticity and charm\u2014delivered without the electrical system.<\/p>\n","protected":false},"excerpt":{"rendered":"<p>Want to make your space magical and welcoming? Consider our beautiful table lamp. It will add style and ambiance to your place.<\/p>\n<ul>\n<li>Raffia base with a metal and doum lampshade.<\/li>\n<li>Authentic Moroccan craftsmanship.<\/li>\n<li>Two sizes available: \u00f810&#8243;xh12&#8243;\u00a0 (\u00f8h25xh30cm) and \u00f812&#8243;xh20&#8243; (\u00f830xh50cm).<\/li>\n<\/ul>\n","protected":false},"featured_media":15731,"comment_status":"open","ping_status":"closed","template":"","meta":[],"product_brand":[],"product_cat":[61,599],"product_tag":[478,898],"class_list":{"0":"post-15736","1":"product","2":"type-product","3":"status-publish","4":"has-post-thumbnail","6":"product_cat-lightings","7":"product_cat-sales","8":"product_tag-bright-latitude","9":"product_tag-no-us","11":"first","12":"instock","13":"sale","14":"taxable","15":"shipping-taxable","16":"purchasable","17":"product-type-variable"},"_links":{"self":[{"href":"https:\/\/www.latitude31n.com\/en\/wp-json\/wp\/v2\/product\/15736","targetHints":{"allow":["GET"]}}],"collection":[{"href":"https:\/\/www.latitude31n.com\/en\/wp-json\/wp\/v2\/product"}],"about":[{"href":"https:\/\/www.latitude31n.com\/en\/wp-json\/wp\/v2\/types\/product"}],"replies":[{"embeddable":true,"href":"https:\/\/www.latitude31n.com\/en\/wp-json\/wp\/v2\/comments?post=15736"}],"wp:featuredmedia":[{"embeddable":true,"href":"https:\/\/www.latitude31n.com\/en\/wp-json\/wp\/v2\/media\/15731"}],"wp:attachment":[{"href":"https:\/\/www.latitude31n.com\/en\/wp-json\/wp\/v2\/media?parent=15736"}],"wp:term":[{"taxonomy":"product_brand","embeddable":true,"href":"https:\/\/www.latitude31n.com\/en\/wp-json\/wp\/v2\/product_brand?post=15736"},{"taxonomy":"product_cat","embeddable":true,"href":"https:\/\/www.latitude31n.com\/en\/wp-json\/wp\/v2\/product_cat?post=15736"},{"taxonomy":"product_tag","embeddable":true,"href":"https:\/\/www.latitude31n.com\/en\/wp-json\/wp\/v2\/product_tag?post=15736"}],"curies":[{"name":"wp","href":"https:\/\/api.w.org\/{rel}","templated":true}]}}